{"id":1836,"date":"2026-03-31T00:04:10","date_gmt":"2026-03-30T17:04:10","guid":{"rendered":"https:\/\/tengavietnam.com\/?post_type=product&#038;p=1836"},"modified":"2026-03-31T00:11:51","modified_gmt":"2026-03-30T17:11:51","slug":"tenga-geo","status":"publish","type":"product","link":"https:\/\/tengavietnam.com\/en\/product\/tenga-geo\/","title":{"rendered":"Tenga Geo"},"content":{"rendered":"<p>D\u00f2ng s\u1ea3n ph\u1ea9m GEO \u0111\u01b0\u1ee3c thi\u1ebft k\u1ebf \u0111\u1ec3 s\u1eed d\u1ee5ng l\u00e2u d\u00e0i. \u0110\u1ec3 mang l\u1ea1i s\u1ef1 k\u00edch th\u00edch t\u1ed1i \u0111a, s\u1ea3n ph\u1ea9m c\u00f3 ch\u1ea5t li\u1ec7u \u0111\u00e0n h\u1ed3i m\u1ec1m m\u1ea1i v\u00e0 si\u00eau linh ho\u1ea1t v\u1edbi nhi\u1ec1u v\u1ebft l\u00f5m v\u00e0 l\u1ed3i, \u0111\u01b0\u1ee3c t\u1ea1o h\u00ecnh \u0111a d\u1ea1ng. S\u1ea3n ph\u1ea9m c\u00f3 kh\u1ea3 n\u0103ng kh\u00e1ng khu\u1ea9n v\u00e0 r\u1ea5t ti\u1ec7n d\u1ee5ng, d\u1ec5 v\u1ec7 sinh. Trong khi c\u00e1c chi ti\u1ebft tr\u00ean b\u1ec1 m\u1eb7t b\u00ean trong tr\u01b0\u1edbc \u0111\u00e2y ch\u1ec9 c\u00f3 t\u00e1c d\u1ee5ng k\u00edch th\u00edch, th\u00ec \u1edf d\u00f2ng s\u1ea3n ph\u1ea9m n\u00e0y, ch\u00fang \u0111\u00e3 tr\u1edf th\u00e0nh m\u1ed9t ph\u1ea7n c\u1ee7a thi\u1ebft k\u1ebf b\u00ean ngo\u00e0i.<\/p>\n<p>S\u1ea3n ph\u1ea9m \u0111\u01b0\u1ee3c \u0111\u1ef1ng trong h\u1ed9p acrylic c\u1ee9ng \u0111\u1eb7c bi\u1ec7t, v\u00e0 m\u1eb7t b\u1ea1n nh\u00ecn th\u1ea5y khi m\u1edf h\u1ed9p ch\u00ednh l\u00e0 m\u1eb7t trong s\u1ebd ti\u1ebfp x\u00fac v\u1edbi da trong qu\u00e1 tr\u00ecnh s\u1eed d\u1ee5ng. \u0110\u1ec3 \u0111\u1ea3m b\u1ea3o ph\u1ea7n c\u00f3 hoa v\u0103n n\u00e0y ti\u1ebfp x\u00fac v\u1edbi da, c\u1ea7n l\u1eadt ng\u01b0\u1ee3c s\u1ea3n ph\u1ea9m tr\u01b0\u1edbc khi s\u1eed d\u1ee5ng. Ch\u1ea5t b\u00f4i tr\u01a1n \u0111\u01b0\u1ee3c thoa c\u1ea3 b\u00ean trong v\u00e0 b\u00ean ngo\u00e0i \u0111\u1ec3 t\u0103ng t\u1ed1c \u0111\u1ed9 th\u00e2m nh\u1eadp v\u00e0 ng\u0103n ng\u1eeba tr\u1ea7y x\u01b0\u1edbc. Ch\u1ea5t li\u1ec7u \u0111\u00e0n h\u1ed3i si\u00eau linh ho\u1ea1t c\u00f3 th\u1ec3 \u0111\u01b0\u1ee3c b\u00f3p v\u00e0 u\u1ed1n cong theo \u00fd mu\u1ed1n. Tuy nhi\u00ean, c\u1ea7n c\u1ea9n th\u1eadn kh\u00f4ng d\u00f9ng l\u1ef1c qu\u00e1 m\u1ea1nh. Sau khi s\u1eed d\u1ee5ng, c\u1ea7n r\u1eeda s\u1ea1ch ph\u1ea7n th\u00e2n b\u1eb1ng ch\u1ea5t li\u1ec7u \u0111\u00e0n h\u1ed3i d\u01b0\u1edbi v\u00f2i n\u01b0\u1edbc. Sau khi r\u1eeda, lau kh\u00f4 ph\u1ea7n l\u1edbn n\u01b0\u1edbc b\u1eb1ng kh\u0103n gi\u1ea5y v\u00e0 \u0111\u1eb7t l\u00ean gi\u00e1 \u0111\u1ee1 m\u00e0u \u0111en.<\/p>\n<h1 class=\"product_title entry-title\">TENGA GEO AQUA<\/h1>\n<p><img fetchpriority=\"high\" decoding=\"async\" class=\"alignnone size-medium wp-image-1843\" src=\"https:\/\/tengavietnam.com\/wp-content\/uploads\/2026\/03\/original-300x169.gif\" alt=\"\" width=\"300\" height=\"169\" srcset=\"https:\/\/tengavietnam.com\/wp-content\/uploads\/2026\/03\/original-300x169.gif 300w, https:\/\/tengavietnam.com\/wp-content\/uploads\/2026\/03\/original-18x10.gif 18w\" sizes=\"(max-width: 300px) 100vw, 300px\" \/><\/p>\n<h1 class=\"product_title entry-title\">TENGA GEO CORAL<\/h1>\n<p><img decoding=\"async\" class=\"alignnone size-medium wp-image-1847\" src=\"https:\/\/tengavietnam.com\/wp-content\/uploads\/2026\/03\/animasyon-geocoral-1-300x169.gif\" alt=\"\" width=\"300\" height=\"169\" srcset=\"https:\/\/tengavietnam.com\/wp-content\/uploads\/2026\/03\/animasyon-geocoral-1-300x169.gif 300w, https:\/\/tengavietnam.com\/wp-content\/uploads\/2026\/03\/animasyon-geocoral-1-18x10.gif 18w\" sizes=\"(max-width: 300px) 100vw, 300px\" \/><\/p>\n<h2><strong>TENGA GEO GLACIER<\/strong><\/h2>\n<p><img decoding=\"async\" class=\"alignnone size-medium wp-image-1849\" src=\"https:\/\/tengavietnam.com\/wp-content\/uploads\/2026\/03\/original-1-300x169.gif\" alt=\"\" width=\"300\" height=\"169\" srcset=\"https:\/\/tengavietnam.com\/wp-content\/uploads\/2026\/03\/original-1-300x169.gif 300w, https:\/\/tengavietnam.com\/wp-content\/uploads\/2026\/03\/original-1-18x10.gif 18w\" sizes=\"(max-width: 300px) 100vw, 300px\" \/><\/p>","protected":false},"excerpt":{"rendered":"<p><!--more--><\/p>\n<div><strong><span dir=\"auto\">S\u00f3ng n\u0103ng l\u01b0\u1ee3ng \u0111\u01b0\u1ee3c gi\u1ea3i ph\u00f3ng do s\u1ef1 u\u1ed1n cong c\u1ee7a kh\u00f4ng th\u1eddi gian.<\/span><\/strong><\/div>\n<p><em><span dir=\"auto\">B\u1ea1n c\u00f3 th\u1ec3 b\u00f3p v\u00e0 u\u1ed1n cong ch\u1ea5t li\u1ec7u \u0111\u00e0n h\u1ed3i si\u00eau m\u1ec1m d\u1ebbo theo \u00fd mu\u1ed1n. Thi\u1ebft k\u1ebf c\u1ee7a GEO l\u1ea5y c\u1ea3m h\u1ee9ng t\u1eeb h\u00ecnh h\u1ecdc l\u01b0\u1ee3ng t\u1eed, m\u00f4 t\u1ea3 c\u00e1c \u0111\u1ecbnh lu\u1eadt v\u1eadt l\u00fd \u00e1p d\u1ee5ng trong b\u1ecdt l\u01b0\u1ee3ng t\u1eed, n\u01a1i t\u00ecm th\u1ea5y c\u00e1c kh\u1ed1i c\u1ea5u t\u1ea1o n\u00ean v\u0169 tr\u1ee5. Tr\u1ea3i nghi\u1ec7m c\u1ef1c kho\u00e1i m\u00e0 n\u00f3 mang l\u1ea1i l\u00e0 v\u00f4 song v\u00e0 mang \u0111\u1ebfn h\u1ea1nh ph\u00fac.<\/span><\/em><\/p>\n<p><img loading=\"lazy\" decoding=\"async\" class=\"alignnone size-medium wp-image-1842\" src=\"https:\/\/tengavietnam.com\/wp-content\/uploads\/2026\/03\/animasyon-geocoral-300x169.gif\" alt=\"\" width=\"300\" height=\"169\" srcset=\"https:\/\/tengavietnam.com\/wp-content\/uploads\/2026\/03\/animasyon-geocoral-300x169.gif 300w, https:\/\/tengavietnam.com\/wp-content\/uploads\/2026\/03\/animasyon-geocoral-18x10.gif 18w\" sizes=\"(max-width: 300px) 100vw, 300px\" \/><\/p>\n<p>&nbsp;<\/p>","protected":false},"featured_media":1837,"comment_status":"open","ping_status":"closed","template":"","meta":[],"product_brand":[],"product_cat":[21,28],"product_tag":[],"class_list":{"0":"post-1836","1":"product","2":"type-product","3":"status-publish","4":"has-post-thumbnail","6":"product_cat-uncategorized","7":"product_cat-geo","9":"first","10":"instock","11":"sale","12":"taxable","13":"shipping-taxable","14":"purchasable","15":"product-type-variable","16":"has-default-attributes"},"yoast_head":"<!-- This site is optimized with the Yoast SEO plugin v27.4 - https:\/\/yoast.com\/product\/yoast-seo-wordpress\/ -->\n<title>Tenga Geo - Tenga Vietnam<\/title>\n<meta name=\"description\" content=\"S\u00f3ng n\u0103ng l\u01b0\u1ee3ng \u0111\u01b0\u1ee3c gi\u1ea3i ph\u00f3ng do s\u1ef1 u\u1ed1n cong c\u1ee7a kh\u00f4ng th\u1eddi gian. B\u1ea1n c\u00f3 th\u1ec3 b\u00f3p v\u00e0 u\u1ed1n cong ch\u1ea5t li\u1ec7u \u0111\u00e0n h\u1ed3i si\u00eau m\u1ec1m d\u1ebbo theo \u00fd mu\u1ed1n. Thi\u1ebft k\u1ebf c\u1ee7a GEO l\u1ea5y c\u1ea3m h\u1ee9ng t\u1eeb h\u00ecnh h\u1ecdc l\u01b0\u1ee3ng t\u1eed, m\u00f4 t\u1ea3 c\u00e1c \u0111\u1ecbnh lu\u1eadt v\u1eadt l\u00fd \u00e1p d\u1ee5ng trong b\u1ecdt l\u01b0\u1ee3ng t\u1eed, n\u01a1i t\u00ecm th\u1ea5y c\u00e1c kh\u1ed1i c\u1ea5u t\u1ea1o n\u00ean v\u0169 tr\u1ee5. Tr\u1ea3i nghi\u1ec7m c\u1ef1c kho\u00e1i m\u00e0 n\u00f3 mang l\u1ea1i l\u00e0 v\u00f4 song v\u00e0 mang \u0111\u1ebfn h\u1ea1nh ph\u00fac.\" \/>\n<meta name=\"robots\" content=\"index, follow, max-snippet:-1, max-image-preview:large, max-video-preview:-1\" \/>\n<link rel=\"canonical\" href=\"https:\/\/tengavietnam.com\/en\/product\/tenga-geo\/\" \/>\n<meta property=\"og:locale\" content=\"en_US\" \/>\n<meta property=\"og:type\" content=\"article\" \/>\n<meta property=\"og:title\" content=\"Tenga Geo - Tenga Vietnam\" \/>\n<meta property=\"og:description\" content=\"S\u00f3ng n\u0103ng l\u01b0\u1ee3ng \u0111\u01b0\u1ee3c gi\u1ea3i ph\u00f3ng do s\u1ef1 u\u1ed1n cong c\u1ee7a kh\u00f4ng th\u1eddi gian. B\u1ea1n c\u00f3 th\u1ec3 b\u00f3p v\u00e0 u\u1ed1n cong ch\u1ea5t li\u1ec7u \u0111\u00e0n h\u1ed3i si\u00eau m\u1ec1m d\u1ebbo theo \u00fd mu\u1ed1n. Thi\u1ebft k\u1ebf c\u1ee7a GEO l\u1ea5y c\u1ea3m h\u1ee9ng t\u1eeb h\u00ecnh h\u1ecdc l\u01b0\u1ee3ng t\u1eed, m\u00f4 t\u1ea3 c\u00e1c \u0111\u1ecbnh lu\u1eadt v\u1eadt l\u00fd \u00e1p d\u1ee5ng trong b\u1ecdt l\u01b0\u1ee3ng t\u1eed, n\u01a1i t\u00ecm th\u1ea5y c\u00e1c kh\u1ed1i c\u1ea5u t\u1ea1o n\u00ean v\u0169 tr\u1ee5. Tr\u1ea3i nghi\u1ec7m c\u1ef1c kho\u00e1i m\u00e0 n\u00f3 mang l\u1ea1i l\u00e0 v\u00f4 song v\u00e0 mang \u0111\u1ebfn h\u1ea1nh ph\u00fac.\" \/>\n<meta property=\"og:url\" content=\"https:\/\/tengavietnam.com\/en\/product\/tenga-geo\/\" \/>\n<meta property=\"og:site_name\" content=\"Tenga Vietnam\" \/>\n<meta property=\"article:modified_time\" content=\"2026-03-30T17:11:51+00:00\" \/>\n<meta property=\"og:image\" content=\"https:\/\/tengavietnam.com\/wp-content\/uploads\/2026\/03\/tengacoralaquaglaciertenga_2b046b51-559f-4e77-a3cf-3668fe353344_600x.jpg\" \/>\n\t<meta property=\"og:image:width\" content=\"600\" \/>\n\t<meta property=\"og:image:height\" content=\"600\" \/>\n\t<meta property=\"og:image:type\" content=\"image\/jpeg\" \/>\n<meta name=\"twitter:card\" content=\"summary_large_image\" \/>\n<meta name=\"twitter:label1\" content=\"Est. reading time\" \/>\n\t<meta name=\"twitter:data1\" content=\"3 minutes\" \/>\n<script type=\"application\/ld+json\" class=\"yoast-schema-graph\">{\"@context\":\"https:\\\/\\\/schema.org\",\"@graph\":[{\"@type\":\"WebPage\",\"@id\":\"https:\\\/\\\/tengavietnam.com\\\/product\\\/tenga-geo\\\/\",\"url\":\"https:\\\/\\\/tengavietnam.com\\\/product\\\/tenga-geo\\\/\",\"name\":\"Tenga Geo - Tenga Vietnam\",\"isPartOf\":{\"@id\":\"https:\\\/\\\/tengavietnam.com\\\/#website\"},\"primaryImageOfPage\":{\"@id\":\"https:\\\/\\\/tengavietnam.com\\\/product\\\/tenga-geo\\\/#primaryimage\"},\"image\":{\"@id\":\"https:\\\/\\\/tengavietnam.com\\\/product\\\/tenga-geo\\\/#primaryimage\"},\"thumbnailUrl\":\"https:\\\/\\\/tengavietnam.com\\\/wp-content\\\/uploads\\\/2026\\\/03\\\/tengacoralaquaglaciertenga_2b046b51-559f-4e77-a3cf-3668fe353344_600x.jpg\",\"datePublished\":\"2026-03-30T17:04:10+00:00\",\"dateModified\":\"2026-03-30T17:11:51+00:00\",\"description\":\"S\u00f3ng n\u0103ng l\u01b0\u1ee3ng \u0111\u01b0\u1ee3c gi\u1ea3i ph\u00f3ng do s\u1ef1 u\u1ed1n cong c\u1ee7a kh\u00f4ng th\u1eddi gian. B\u1ea1n c\u00f3 th\u1ec3 b\u00f3p v\u00e0 u\u1ed1n cong ch\u1ea5t li\u1ec7u \u0111\u00e0n h\u1ed3i si\u00eau m\u1ec1m d\u1ebbo theo \u00fd mu\u1ed1n. Thi\u1ebft k\u1ebf c\u1ee7a GEO l\u1ea5y c\u1ea3m h\u1ee9ng t\u1eeb h\u00ecnh h\u1ecdc l\u01b0\u1ee3ng t\u1eed, m\u00f4 t\u1ea3 c\u00e1c \u0111\u1ecbnh lu\u1eadt v\u1eadt l\u00fd \u00e1p d\u1ee5ng trong b\u1ecdt l\u01b0\u1ee3ng t\u1eed, n\u01a1i t\u00ecm th\u1ea5y c\u00e1c kh\u1ed1i c\u1ea5u t\u1ea1o n\u00ean v\u0169 tr\u1ee5. Tr\u1ea3i nghi\u1ec7m c\u1ef1c kho\u00e1i m\u00e0 n\u00f3 mang l\u1ea1i l\u00e0 v\u00f4 song v\u00e0 mang \u0111\u1ebfn h\u1ea1nh ph\u00fac.\",\"breadcrumb\":{\"@id\":\"https:\\\/\\\/tengavietnam.com\\\/product\\\/tenga-geo\\\/#breadcrumb\"},\"inLanguage\":\"en-US\",\"potentialAction\":[{\"@type\":\"ReadAction\",\"target\":[\"https:\\\/\\\/tengavietnam.com\\\/product\\\/tenga-geo\\\/\"]}]},{\"@type\":\"ImageObject\",\"inLanguage\":\"en-US\",\"@id\":\"https:\\\/\\\/tengavietnam.com\\\/product\\\/tenga-geo\\\/#primaryimage\",\"url\":\"https:\\\/\\\/tengavietnam.com\\\/wp-content\\\/uploads\\\/2026\\\/03\\\/tengacoralaquaglaciertenga_2b046b51-559f-4e77-a3cf-3668fe353344_600x.jpg\",\"contentUrl\":\"https:\\\/\\\/tengavietnam.com\\\/wp-content\\\/uploads\\\/2026\\\/03\\\/tengacoralaquaglaciertenga_2b046b51-559f-4e77-a3cf-3668fe353344_600x.jpg\",\"width\":600,\"height\":600},{\"@type\":\"BreadcrumbList\",\"@id\":\"https:\\\/\\\/tengavietnam.com\\\/product\\\/tenga-geo\\\/#breadcrumb\",\"itemListElement\":[{\"@type\":\"ListItem\",\"position\":1,\"name\":\"\u9996\u9801\",\"item\":\"https:\\\/\\\/tengavietnam.com\\\/\"},{\"@type\":\"ListItem\",\"position\":2,\"name\":\"Shop\",\"item\":\"https:\\\/\\\/tengavietnam.com\\\/shop-2\\\/\"},{\"@type\":\"ListItem\",\"position\":3,\"name\":\"Tenga Geo\"}]},{\"@type\":\"WebSite\",\"@id\":\"https:\\\/\\\/tengavietnam.com\\\/#website\",\"url\":\"https:\\\/\\\/tengavietnam.com\\\/\",\"name\":\"Tenga Vietnam\",\"description\":\"Tenga Vietnam\",\"publisher\":{\"@id\":\"https:\\\/\\\/tengavietnam.com\\\/#organization\"},\"potentialAction\":[{\"@type\":\"SearchAction\",\"target\":{\"@type\":\"EntryPoint\",\"urlTemplate\":\"https:\\\/\\\/tengavietnam.com\\\/?s={search_term_string}\"},\"query-input\":{\"@type\":\"PropertyValueSpecification\",\"valueRequired\":true,\"valueName\":\"search_term_string\"}}],\"inLanguage\":\"en-US\"},{\"@type\":\"Organization\",\"@id\":\"https:\\\/\\\/tengavietnam.com\\\/#organization\",\"name\":\"Tenga Vietnam\",\"url\":\"https:\\\/\\\/tengavietnam.com\\\/\",\"logo\":{\"@type\":\"ImageObject\",\"inLanguage\":\"en-US\",\"@id\":\"https:\\\/\\\/tengavietnam.com\\\/#\\\/schema\\\/logo\\\/image\\\/\",\"url\":\"https:\\\/\\\/tengavietnam.com\\\/wp-content\\\/uploads\\\/2023\\\/08\\\/PElfr7Ol12.jpg\",\"contentUrl\":\"https:\\\/\\\/tengavietnam.com\\\/wp-content\\\/uploads\\\/2023\\\/08\\\/PElfr7Ol12.jpg\",\"width\":489,\"height\":489,\"caption\":\"Tenga Vietnam\"},\"image\":{\"@id\":\"https:\\\/\\\/tengavietnam.com\\\/#\\\/schema\\\/logo\\\/image\\\/\"}}]}<\/script>\n<!-- \/ Yoast SEO plugin. -->","yoast_head_json":{"title":"Tenga Geo - Tenga Vietnam","description":"S\u00f3ng n\u0103ng l\u01b0\u1ee3ng \u0111\u01b0\u1ee3c gi\u1ea3i ph\u00f3ng do s\u1ef1 u\u1ed1n cong c\u1ee7a kh\u00f4ng th\u1eddi gian. B\u1ea1n c\u00f3 th\u1ec3 b\u00f3p v\u00e0 u\u1ed1n cong ch\u1ea5t li\u1ec7u \u0111\u00e0n h\u1ed3i si\u00eau m\u1ec1m d\u1ebbo theo \u00fd mu\u1ed1n. Thi\u1ebft k\u1ebf c\u1ee7a GEO l\u1ea5y c\u1ea3m h\u1ee9ng t\u1eeb h\u00ecnh h\u1ecdc l\u01b0\u1ee3ng t\u1eed, m\u00f4 t\u1ea3 c\u00e1c \u0111\u1ecbnh lu\u1eadt v\u1eadt l\u00fd \u00e1p d\u1ee5ng trong b\u1ecdt l\u01b0\u1ee3ng t\u1eed, n\u01a1i t\u00ecm th\u1ea5y c\u00e1c kh\u1ed1i c\u1ea5u t\u1ea1o n\u00ean v\u0169 tr\u1ee5. Tr\u1ea3i nghi\u1ec7m c\u1ef1c kho\u00e1i m\u00e0 n\u00f3 mang l\u1ea1i l\u00e0 v\u00f4 song v\u00e0 mang \u0111\u1ebfn h\u1ea1nh ph\u00fac.","robots":{"index":"index","follow":"follow","max-snippet":"max-snippet:-1","max-image-preview":"max-image-preview:large","max-video-preview":"max-video-preview:-1"},"canonical":"https:\/\/tengavietnam.com\/en\/product\/tenga-geo\/","og_locale":"en_US","og_type":"article","og_title":"Tenga Geo - Tenga Vietnam","og_description":"S\u00f3ng n\u0103ng l\u01b0\u1ee3ng \u0111\u01b0\u1ee3c gi\u1ea3i ph\u00f3ng do s\u1ef1 u\u1ed1n cong c\u1ee7a kh\u00f4ng th\u1eddi gian. B\u1ea1n c\u00f3 th\u1ec3 b\u00f3p v\u00e0 u\u1ed1n cong ch\u1ea5t li\u1ec7u \u0111\u00e0n h\u1ed3i si\u00eau m\u1ec1m d\u1ebbo theo \u00fd mu\u1ed1n. Thi\u1ebft k\u1ebf c\u1ee7a GEO l\u1ea5y c\u1ea3m h\u1ee9ng t\u1eeb h\u00ecnh h\u1ecdc l\u01b0\u1ee3ng t\u1eed, m\u00f4 t\u1ea3 c\u00e1c \u0111\u1ecbnh lu\u1eadt v\u1eadt l\u00fd \u00e1p d\u1ee5ng trong b\u1ecdt l\u01b0\u1ee3ng t\u1eed, n\u01a1i t\u00ecm th\u1ea5y c\u00e1c kh\u1ed1i c\u1ea5u t\u1ea1o n\u00ean v\u0169 tr\u1ee5. Tr\u1ea3i nghi\u1ec7m c\u1ef1c kho\u00e1i m\u00e0 n\u00f3 mang l\u1ea1i l\u00e0 v\u00f4 song v\u00e0 mang \u0111\u1ebfn h\u1ea1nh ph\u00fac.","og_url":"https:\/\/tengavietnam.com\/en\/product\/tenga-geo\/","og_site_name":"Tenga Vietnam","article_modified_time":"2026-03-30T17:11:51+00:00","og_image":[{"width":600,"height":600,"url":"https:\/\/tengavietnam.com\/wp-content\/uploads\/2026\/03\/tengacoralaquaglaciertenga_2b046b51-559f-4e77-a3cf-3668fe353344_600x.jpg","type":"image\/jpeg"}],"twitter_card":"summary_large_image","twitter_misc":{"Est. reading time":"3 minutes"},"schema":{"@context":"https:\/\/schema.org","@graph":[{"@type":"WebPage","@id":"https:\/\/tengavietnam.com\/product\/tenga-geo\/","url":"https:\/\/tengavietnam.com\/product\/tenga-geo\/","name":"Tenga Geo - Tenga Vietnam","isPartOf":{"@id":"https:\/\/tengavietnam.com\/#website"},"primaryImageOfPage":{"@id":"https:\/\/tengavietnam.com\/product\/tenga-geo\/#primaryimage"},"image":{"@id":"https:\/\/tengavietnam.com\/product\/tenga-geo\/#primaryimage"},"thumbnailUrl":"https:\/\/tengavietnam.com\/wp-content\/uploads\/2026\/03\/tengacoralaquaglaciertenga_2b046b51-559f-4e77-a3cf-3668fe353344_600x.jpg","datePublished":"2026-03-30T17:04:10+00:00","dateModified":"2026-03-30T17:11:51+00:00","description":"S\u00f3ng n\u0103ng l\u01b0\u1ee3ng \u0111\u01b0\u1ee3c gi\u1ea3i ph\u00f3ng do s\u1ef1 u\u1ed1n cong c\u1ee7a kh\u00f4ng th\u1eddi gian. B\u1ea1n c\u00f3 th\u1ec3 b\u00f3p v\u00e0 u\u1ed1n cong ch\u1ea5t li\u1ec7u \u0111\u00e0n h\u1ed3i si\u00eau m\u1ec1m d\u1ebbo theo \u00fd mu\u1ed1n. Thi\u1ebft k\u1ebf c\u1ee7a GEO l\u1ea5y c\u1ea3m h\u1ee9ng t\u1eeb h\u00ecnh h\u1ecdc l\u01b0\u1ee3ng t\u1eed, m\u00f4 t\u1ea3 c\u00e1c \u0111\u1ecbnh lu\u1eadt v\u1eadt l\u00fd \u00e1p d\u1ee5ng trong b\u1ecdt l\u01b0\u1ee3ng t\u1eed, n\u01a1i t\u00ecm th\u1ea5y c\u00e1c kh\u1ed1i c\u1ea5u t\u1ea1o n\u00ean v\u0169 tr\u1ee5. Tr\u1ea3i nghi\u1ec7m c\u1ef1c kho\u00e1i m\u00e0 n\u00f3 mang l\u1ea1i l\u00e0 v\u00f4 song v\u00e0 mang \u0111\u1ebfn h\u1ea1nh ph\u00fac.","breadcrumb":{"@id":"https:\/\/tengavietnam.com\/product\/tenga-geo\/#breadcrumb"},"inLanguage":"en-US","potentialAction":[{"@type":"ReadAction","target":["https:\/\/tengavietnam.com\/product\/tenga-geo\/"]}]},{"@type":"ImageObject","inLanguage":"en-US","@id":"https:\/\/tengavietnam.com\/product\/tenga-geo\/#primaryimage","url":"https:\/\/tengavietnam.com\/wp-content\/uploads\/2026\/03\/tengacoralaquaglaciertenga_2b046b51-559f-4e77-a3cf-3668fe353344_600x.jpg","contentUrl":"https:\/\/tengavietnam.com\/wp-content\/uploads\/2026\/03\/tengacoralaquaglaciertenga_2b046b51-559f-4e77-a3cf-3668fe353344_600x.jpg","width":600,"height":600},{"@type":"BreadcrumbList","@id":"https:\/\/tengavietnam.com\/product\/tenga-geo\/#breadcrumb","itemListElement":[{"@type":"ListItem","position":1,"name":"\u9996\u9801","item":"https:\/\/tengavietnam.com\/"},{"@type":"ListItem","position":2,"name":"Shop","item":"https:\/\/tengavietnam.com\/shop-2\/"},{"@type":"ListItem","position":3,"name":"Tenga Geo"}]},{"@type":"WebSite","@id":"https:\/\/tengavietnam.com\/#website","url":"https:\/\/tengavietnam.com\/","name":"Tenga Vietnam","description":"Tenga Vietnam","publisher":{"@id":"https:\/\/tengavietnam.com\/#organization"},"potentialAction":[{"@type":"SearchAction","target":{"@type":"EntryPoint","urlTemplate":"https:\/\/tengavietnam.com\/?s={search_term_string}"},"query-input":{"@type":"PropertyValueSpecification","valueRequired":true,"valueName":"search_term_string"}}],"inLanguage":"en-US"},{"@type":"Organization","@id":"https:\/\/tengavietnam.com\/#organization","name":"Tenga Vietnam","url":"https:\/\/tengavietnam.com\/","logo":{"@type":"ImageObject","inLanguage":"en-US","@id":"https:\/\/tengavietnam.com\/#\/schema\/logo\/image\/","url":"https:\/\/tengavietnam.com\/wp-content\/uploads\/2023\/08\/PElfr7Ol12.jpg","contentUrl":"https:\/\/tengavietnam.com\/wp-content\/uploads\/2023\/08\/PElfr7Ol12.jpg","width":489,"height":489,"caption":"Tenga Vietnam"},"image":{"@id":"https:\/\/tengavietnam.com\/#\/schema\/logo\/image\/"}}]}},"_links":{"self":[{"href":"https:\/\/tengavietnam.com\/en\/wp-json\/wp\/v2\/product\/1836","targetHints":{"allow":["GET"]}}],"collection":[{"href":"https:\/\/tengavietnam.com\/en\/wp-json\/wp\/v2\/product"}],"about":[{"href":"https:\/\/tengavietnam.com\/en\/wp-json\/wp\/v2\/types\/product"}],"replies":[{"embeddable":true,"href":"https:\/\/tengavietnam.com\/en\/wp-json\/wp\/v2\/comments?post=1836"}],"wp:featuredmedia":[{"embeddable":true,"href":"https:\/\/tengavietnam.com\/en\/wp-json\/wp\/v2\/media\/1837"}],"wp:attachment":[{"href":"https:\/\/tengavietnam.com\/en\/wp-json\/wp\/v2\/media?parent=1836"}],"wp:term":[{"taxonomy":"product_brand","embeddable":true,"href":"https:\/\/tengavietnam.com\/en\/wp-json\/wp\/v2\/product_brand?post=1836"},{"taxonomy":"product_cat","embeddable":true,"href":"https:\/\/tengavietnam.com\/en\/wp-json\/wp\/v2\/product_cat?post=1836"},{"taxonomy":"product_tag","embeddable":true,"href":"https:\/\/tengavietnam.com\/en\/wp-json\/wp\/v2\/product_tag?post=1836"}],"curies":[{"name":"wp","href":"https:\/\/api.w.org\/{rel}","templated":true}]}}