{"id":1823,"date":"2026-03-30T18:35:08","date_gmt":"2026-03-30T11:35:08","guid":{"rendered":"https:\/\/tengavietnam.com\/?post_type=product&#038;p=1823"},"modified":"2026-03-30T23:46:36","modified_gmt":"2026-03-30T16:46:36","slug":"tenga-flip-warmer","status":"publish","type":"product","link":"https:\/\/tengavietnam.com\/en\/product\/tenga-flip-warmer\/","title":{"rendered":"Tenga Flip warmer"},"content":{"rendered":"<h2><span dir=\"auto\">S\u1ef1 k\u1ebft h\u1ee3p ho\u00e0n h\u1ea3o gi\u1eefa \u1ea5m \u00e1p v\u00e0 m\u1ec1m m\u1ea1i!<\/span><\/h2>\n<p><span dir=\"auto\">B\u1ed9 s\u1ea3n ph\u1ea9m \u0111\u1ed9c quy\u1ec1n n\u00e0y l\u00e0 s\u1ef1 k\u1ebft h\u1ee3p ho\u00e0n h\u1ea3o gi\u1eefa c\u00e1c chi ti\u1ebft \u0111\u01b0\u1ee3c thi\u1ebft k\u1ebf l\u1ea1i v\u1edbi ch\u1ea5t li\u1ec7u gel m\u1ec1m m\u1ea1i v\u00e0 c\u1ea3m gi\u00e1c \u1ea5m \u00e1p \u0111\u1ea7y kho\u00e1i l\u1ea1c.<\/span><\/p>\n<p><span dir=\"auto\">Nh\u1eefng chi ti\u1ebft d\u00e0y \u0111\u1eb7c \u0111\u01b0\u1ee3c s\u1eafp x\u1ebfp \u0111\u1ec3 kh\u1edbp v\u1edbi nhau t\u1ea1o n\u00ean s\u1ef1 bao tr\u00f9m ho\u00e0n to\u00e0n, k\u1ebft h\u1ee3p v\u1edbi h\u01a1i \u1ea5m gi\u1ed1ng nh\u01b0 nhi\u1ec7t \u0111\u1ed9 c\u01a1 th\u1ec3 \u0111\u1ec3 mang l\u1ea1i c\u1ea3m gi\u00e1c kho\u00e1i l\u1ea1c \u0111\u1eafm ch\u00ecm.<\/span><\/p>\n<p><span dir=\"auto\">B\u1ed9 s\u1ea3n ph\u1ea9m n\u00e0y c\u00f3 t\u00ednh n\u0103ng FLIP WARMER \u0111\u1ed9c quy\u1ec1n, m\u1ed9t thi\u1ebft b\u1ecb l\u00e0m n\u00f3ng \u0111\u01b0\u1ee3c thi\u1ebft k\u1ebf ri\u00eang cho d\u00f2ng s\u1ea3n ph\u1ea9m FLIP.<\/span><\/p>\n<h2><span dir=\"auto\">C\u1ea5u tr\u00fac b\u00ean trong<\/span><\/h2>\n<p><img fetchpriority=\"high\" decoding=\"async\" class=\"alignnone size-medium wp-image-1830\" src=\"https:\/\/tengavietnam.com\/wp-content\/uploads\/2026\/03\/TFZ003W_04_EN_16139914-d110-45b8-bcfe-788c910fdbf2_480x480-300x300.jpg\" alt=\"\" width=\"300\" height=\"300\" srcset=\"https:\/\/tengavietnam.com\/wp-content\/uploads\/2026\/03\/TFZ003W_04_EN_16139914-d110-45b8-bcfe-788c910fdbf2_480x480-300x300.jpg 300w, https:\/\/tengavietnam.com\/wp-content\/uploads\/2026\/03\/TFZ003W_04_EN_16139914-d110-45b8-bcfe-788c910fdbf2_480x480-150x150.jpg 150w, https:\/\/tengavietnam.com\/wp-content\/uploads\/2026\/03\/TFZ003W_04_EN_16139914-d110-45b8-bcfe-788c910fdbf2_480x480-12x12.jpg 12w, https:\/\/tengavietnam.com\/wp-content\/uploads\/2026\/03\/TFZ003W_04_EN_16139914-d110-45b8-bcfe-788c910fdbf2_480x480-100x100.jpg 100w, https:\/\/tengavietnam.com\/wp-content\/uploads\/2026\/03\/TFZ003W_04_EN_16139914-d110-45b8-bcfe-788c910fdbf2_480x480.jpg 480w\" sizes=\"(max-width: 300px) 100vw, 300px\" \/><\/p>\n<p>FLIP 0 RED \u0111\u01b0\u1ee3c t\u1ed1i \u01b0u h\u00f3a \u0111\u1ec3 s\u1eed d\u1ee5ng v\u1edbi FLIP WARMER.<\/p>\n<p>B\u1ed9 s\u1ea3n ph\u1ea9m \u0111\u1ed9c quy\u1ec1n n\u00e0y l\u00e0 s\u1ef1 k\u1ebft h\u1ee3p ho\u00e0n h\u1ea3o gi\u1eefa c\u00e1c chi ti\u1ebft \u0111\u01b0\u1ee3c thi\u1ebft k\u1ebf l\u1ea1i v\u1edbi ch\u1ea5t li\u1ec7u gel m\u1ec1m m\u1ea1i v\u00e0 kh\u1ea3 n\u0103ng l\u00e0m \u1ea5m mang l\u1ea1i kho\u00e1i c\u1ea3m. C\u00e1c chi ti\u1ebft d\u00e0y \u0111\u1eb7c \u0111\u01b0\u1ee3c s\u1eafp x\u1ebfp kh\u00edt v\u00e0o nhau \u0111\u1ec3 bao b\u1ecdc ho\u00e0n to\u00e0n, k\u1ebft h\u1ee3p v\u1edbi h\u01a1i \u1ea5m gi\u1ed1ng nh\u01b0 nhi\u1ec7t \u0111\u1ed9 c\u01a1 th\u1ec3 \u0111\u1ec3 mang l\u1ea1i kho\u00e1i c\u1ea3m tr\u1ecdn v\u1eb9n.<\/p>\n<p>&nbsp;<\/p>\n<p>B\u1ed9 s\u1ea3n ph\u1ea9m TENGA FLIP ZERO RED &amp; WARMER bao g\u1ed3m c\u00e1c t\u00ednh n\u0103ng sau:<\/p>\n<p><img decoding=\"async\" class=\"alignnone size-medium wp-image-1832\" src=\"https:\/\/tengavietnam.com\/wp-content\/uploads\/2026\/03\/Redbutton_600x600-300x150.jpg\" alt=\"\" width=\"300\" height=\"150\" srcset=\"https:\/\/tengavietnam.com\/wp-content\/uploads\/2026\/03\/Redbutton_600x600-300x150.jpg 300w, https:\/\/tengavietnam.com\/wp-content\/uploads\/2026\/03\/Redbutton_600x600-18x9.jpg 18w, https:\/\/tengavietnam.com\/wp-content\/uploads\/2026\/03\/Redbutton_600x600.jpg 600w\" sizes=\"(max-width: 300px) 100vw, 300px\" \/><\/p>\n<p>H\u1ec7 th\u1ed1ng s\u01b0\u1edfi c\u00f4ng su\u1ea5t cao 47,3\u2103<\/p>\n<p>L\u00e0m \u1ea5m to\u00e0n b\u1ed9 c\u00e1c s\u1ea3n ph\u1ea9m d\u00f2ng FLIP Series, t\u1eeb \u0111i\u1ec3m ti\u1ebfp x\u00fac \u0111\u1ebfn t\u1eadn s\u00e2u b\u00ean trong s\u1ea3n ph\u1ea9m.<\/p>\n<p>Chuy\u1ec3n \u0111\u1ed5i gi\u1eefa ch\u1ebf \u0111\u1ed9 CAO \/ TH\u1ea4P ch\u1ec9 v\u1edbi hai l\u1ea7n ch\u1ea1m nhanh.<\/p>\n<p><img decoding=\"async\" class=\"alignnone size-medium wp-image-1833\" src=\"https:\/\/tengavietnam.com\/wp-content\/uploads\/2026\/03\/REDLube_600x600-300x150.jpg\" alt=\"\" width=\"300\" height=\"150\" srcset=\"https:\/\/tengavietnam.com\/wp-content\/uploads\/2026\/03\/REDLube_600x600-300x150.jpg 300w, https:\/\/tengavietnam.com\/wp-content\/uploads\/2026\/03\/REDLube_600x600-18x9.jpg 18w, https:\/\/tengavietnam.com\/wp-content\/uploads\/2026\/03\/REDLube_600x600.jpg 600w\" sizes=\"(max-width: 300px) 100vw, 300px\" \/><\/p>\n<p>T\u00fai \u0111\u1ef1ng s\u1eefa d\u01b0\u1ee1ng th\u1ec3 \u0111\u1ed9c quy\u1ec1n FLIP ZERO RED<\/p>\n<p>C\u00e1c ng\u0103n \u0111\u01b0\u1ee3c thi\u1ebft k\u1ebf b\u00ean trong gi\u00fap gi\u1eef cho kem d\u01b0\u1ee1ng da \u0111\u00e3 \u0111\u01b0\u1ee3c l\u00e0m \u1ea5m kh\u00f4ng b\u1ecb ch\u1ea3y ra ngo\u00e0i, cho ph\u00e9p b\u1ea1n t\u1eadn h\u01b0\u1edfng tr\u1ecdn v\u1eb9n c\u1ea3m gi\u00e1c \u1ea5m \u00e1p d\u1ec5 ch\u1ecbu.<\/p>\n<p><img loading=\"lazy\" decoding=\"async\" class=\"alignnone size-medium wp-image-1834\" src=\"https:\/\/tengavietnam.com\/wp-content\/uploads\/2026\/03\/Redwash_600x600-300x150.jpg\" alt=\"\" width=\"300\" height=\"150\" srcset=\"https:\/\/tengavietnam.com\/wp-content\/uploads\/2026\/03\/Redwash_600x600-300x150.jpg 300w, https:\/\/tengavietnam.com\/wp-content\/uploads\/2026\/03\/Redwash_600x600-18x9.jpg 18w, https:\/\/tengavietnam.com\/wp-content\/uploads\/2026\/03\/Redwash_600x600.jpg 600w\" sizes=\"(max-width: 300px) 100vw, 300px\" \/><\/p>\n<p>FLIP ZERO RED ho\u00e0n to\u00e0n ch\u1ed1ng th\u1ea5m n\u01b0\u1edbc, d\u1ec5 d\u00e0ng v\u1ec7 sinh.<\/p>\n<p><img loading=\"lazy\" decoding=\"async\" class=\"alignnone size-medium wp-image-1835\" src=\"https:\/\/tengavietnam.com\/wp-content\/uploads\/2026\/03\/RedDry_600x600-300x150.jpg\" alt=\"\" width=\"300\" height=\"150\" srcset=\"https:\/\/tengavietnam.com\/wp-content\/uploads\/2026\/03\/RedDry_600x600-300x150.jpg 300w, https:\/\/tengavietnam.com\/wp-content\/uploads\/2026\/03\/RedDry_600x600-18x9.jpg 18w, https:\/\/tengavietnam.com\/wp-content\/uploads\/2026\/03\/RedDry_600x600.jpg 600w\" sizes=\"(max-width: 300px) 100vw, 300px\" \/><\/p>\n<p>Thi\u1ebft k\u1ebf l\u1eadt m\u1edf gi\u00fap d\u1ec5 d\u00e0ng v\u1ec7 sinh.<\/p>\n<p>M\u1edf ra \u0111\u1ec3 gi\u1eb7t v\u00e0 s\u1eed d\u1ee5ng. Tr\u01b0\u1ee3t c\u00e1c tay \u0111\u1ee1 \u0111\u1ec3 ph\u01a1i kh\u00f4 \u0111\u1ed3.<\/p>","protected":false},"excerpt":{"rendered":"<p>S\u1ef1 k\u1ebft h\u1ee3p ho\u00e0n h\u1ea3o gi\u1eefa \u1ea5m \u00e1p v\u00e0 m\u1ec1m m\u1ea1i!<\/p>\n<p>B\u1ed9 s\u1ea3n ph\u1ea9m \u0111\u1ed9c quy\u1ec1n n\u00e0y l\u00e0 s\u1ef1 k\u1ebft h\u1ee3p ho\u00e0n h\u1ea3o gi\u1eefa c\u00e1c chi ti\u1ebft \u0111\u01b0\u1ee3c thi\u1ebft k\u1ebf l\u1ea1i v\u1edbi ch\u1ea5t li\u1ec7u gel m\u1ec1m m\u1ea1i v\u00e0 c\u1ea3m gi\u00e1c \u1ea5m \u00e1p \u0111\u1ea7y kho\u00e1i l\u1ea1c.<\/p>\n<p>&nbsp;<\/p>\n<p>Nh\u1eefng chi ti\u1ebft d\u00e0y \u0111\u1eb7c \u0111\u01b0\u1ee3c s\u1eafp x\u1ebfp \u0111\u1ec3 kh\u1edbp v\u1edbi nhau t\u1ea1o n\u00ean s\u1ef1 bao tr\u00f9m ho\u00e0n to\u00e0n, k\u1ebft h\u1ee3p v\u1edbi h\u01a1i \u1ea5m gi\u1ed1ng nh\u01b0 nhi\u1ec7t \u0111\u1ed9 c\u01a1 th\u1ec3 \u0111\u1ec3 mang l\u1ea1i c\u1ea3m gi\u00e1c kho\u00e1i l\u1ea1c \u0111\u1eafm ch\u00ecm.<\/p>\n<p>B\u1ed9 s\u1ea3n ph\u1ea9m n\u00e0y c\u00f3 t\u00ednh n\u0103ng FLIP WARMER \u0111\u1ed9c quy\u1ec1n, m\u1ed9t thi\u1ebft b\u1ecb l\u00e0m n\u00f3ng \u0111\u01b0\u1ee3c thi\u1ebft k\u1ebf ri\u00eang cho d\u00f2ng s\u1ea3n ph\u1ea9m FLIP<\/p>","protected":false},"featured_media":1824,"comment_status":"open","ping_status":"closed","template":"","meta":[],"product_brand":[],"product_cat":[25],"product_tag":[],"class_list":{"0":"post-1823","1":"product","2":"type-product","3":"status-publish","4":"has-post-thumbnail","6":"product_cat-flip-series","8":"first","9":"instock","10":"sale","11":"purchasable","12":"product-type-simple"},"yoast_head":"<!-- This site is optimized with the Yoast SEO plugin v27.4 - https:\/\/yoast.com\/product\/yoast-seo-wordpress\/ -->\n<title>Tenga Flip warmer - Tenga Vietnam<\/title>\n<meta name=\"description\" content=\"S\u1ef1 k\u1ebft h\u1ee3p ho\u00e0n h\u1ea3o gi\u1eefa \u1ea5m \u00e1p v\u00e0 m\u1ec1m m\u1ea1i! B\u1ed9 s\u1ea3n ph\u1ea9m \u0111\u1ed9c quy\u1ec1n n\u00e0y l\u00e0 s\u1ef1 k\u1ebft h\u1ee3p ho\u00e0n h\u1ea3o gi\u1eefa c\u00e1c chi ti\u1ebft \u0111\u01b0\u1ee3c thi\u1ebft k\u1ebf l\u1ea1i v\u1edbi ch\u1ea5t li\u1ec7u gel m\u1ec1m m\u1ea1i v\u00e0 c\u1ea3m gi\u00e1c \u1ea5m \u00e1p \u0111\u1ea7y kho\u00e1i l\u1ea1c. Nh\u1eefng chi ti\u1ebft d\u00e0y \u0111\u1eb7c \u0111\u01b0\u1ee3c s\u1eafp x\u1ebfp \u0111\u1ec3 kh\u1edbp v\u1edbi nhau t\u1ea1o n\u00ean s\u1ef1 bao tr\u00f9m ho\u00e0n to\u00e0n, k\u1ebft h\u1ee3p v\u1edbi h\u01a1i \u1ea5m gi\u1ed1ng nh\u01b0 nhi\u1ec7t \u0111\u1ed9 c\u01a1 th\u1ec3 \u0111\u1ec3 mang l\u1ea1i c\u1ea3m gi\u00e1c kho\u00e1i l\u1ea1c \u0111\u1eafm ch\u00ecm. B\u1ed9 s\u1ea3n ph\u1ea9m n\u00e0y c\u00f3 t\u00ednh n\u0103ng FLIP WARMER \u0111\u1ed9c quy\u1ec1n, m\u1ed9t thi\u1ebft b\u1ecb l\u00e0m n\u00f3ng \u0111\u01b0\u1ee3c thi\u1ebft k\u1ebf ri\u00eang cho d\u00f2ng s\u1ea3n ph\u1ea9m FLIP. C\u1ea5u tr\u00fac b\u00ean trong\" \/>\n<meta name=\"robots\" content=\"index, follow, max-snippet:-1, max-image-preview:large, max-video-preview:-1\" \/>\n<link rel=\"canonical\" href=\"https:\/\/tengavietnam.com\/en\/product\/tenga-flip-warmer\/\" \/>\n<meta property=\"og:locale\" content=\"en_US\" \/>\n<meta property=\"og:type\" content=\"article\" \/>\n<meta property=\"og:title\" content=\"Tenga Flip warmer - Tenga Vietnam\" \/>\n<meta property=\"og:description\" content=\"S\u1ef1 k\u1ebft h\u1ee3p ho\u00e0n h\u1ea3o gi\u1eefa \u1ea5m \u00e1p v\u00e0 m\u1ec1m m\u1ea1i! B\u1ed9 s\u1ea3n ph\u1ea9m \u0111\u1ed9c quy\u1ec1n n\u00e0y l\u00e0 s\u1ef1 k\u1ebft h\u1ee3p ho\u00e0n h\u1ea3o gi\u1eefa c\u00e1c chi ti\u1ebft \u0111\u01b0\u1ee3c thi\u1ebft k\u1ebf l\u1ea1i v\u1edbi ch\u1ea5t li\u1ec7u gel m\u1ec1m m\u1ea1i v\u00e0 c\u1ea3m gi\u00e1c \u1ea5m \u00e1p \u0111\u1ea7y kho\u00e1i l\u1ea1c. Nh\u1eefng chi ti\u1ebft d\u00e0y \u0111\u1eb7c \u0111\u01b0\u1ee3c s\u1eafp x\u1ebfp \u0111\u1ec3 kh\u1edbp v\u1edbi nhau t\u1ea1o n\u00ean s\u1ef1 bao tr\u00f9m ho\u00e0n to\u00e0n, k\u1ebft h\u1ee3p v\u1edbi h\u01a1i \u1ea5m gi\u1ed1ng nh\u01b0 nhi\u1ec7t \u0111\u1ed9 c\u01a1 th\u1ec3 \u0111\u1ec3 mang l\u1ea1i c\u1ea3m gi\u00e1c kho\u00e1i l\u1ea1c \u0111\u1eafm ch\u00ecm. B\u1ed9 s\u1ea3n ph\u1ea9m n\u00e0y c\u00f3 t\u00ednh n\u0103ng FLIP WARMER \u0111\u1ed9c quy\u1ec1n, m\u1ed9t thi\u1ebft b\u1ecb l\u00e0m n\u00f3ng \u0111\u01b0\u1ee3c thi\u1ebft k\u1ebf ri\u00eang cho d\u00f2ng s\u1ea3n ph\u1ea9m FLIP. C\u1ea5u tr\u00fac b\u00ean trong\" \/>\n<meta property=\"og:url\" content=\"https:\/\/tengavietnam.com\/en\/product\/tenga-flip-warmer\/\" \/>\n<meta property=\"og:site_name\" content=\"Tenga Vietnam\" \/>\n<meta property=\"article:modified_time\" content=\"2026-03-30T16:46:36+00:00\" \/>\n<meta property=\"og:image\" content=\"https:\/\/tengavietnam.com\/wp-content\/uploads\/2026\/03\/945742_0.jpg\" \/>\n\t<meta property=\"og:image:width\" content=\"640\" \/>\n\t<meta property=\"og:image:height\" content=\"640\" \/>\n\t<meta property=\"og:image:type\" content=\"image\/jpeg\" \/>\n<meta name=\"twitter:card\" content=\"summary_large_image\" \/>\n<meta name=\"twitter:label1\" content=\"Est. reading time\" \/>\n\t<meta name=\"twitter:data1\" content=\"4 minutes\" \/>\n<script type=\"application\/ld+json\" class=\"yoast-schema-graph\">{\"@context\":\"https:\\\/\\\/schema.org\",\"@graph\":[{\"@type\":\"WebPage\",\"@id\":\"https:\\\/\\\/tengavietnam.com\\\/product\\\/tenga-flip-warmer\\\/\",\"url\":\"https:\\\/\\\/tengavietnam.com\\\/product\\\/tenga-flip-warmer\\\/\",\"name\":\"Tenga Flip warmer - Tenga Vietnam\",\"isPartOf\":{\"@id\":\"https:\\\/\\\/tengavietnam.com\\\/#website\"},\"primaryImageOfPage\":{\"@id\":\"https:\\\/\\\/tengavietnam.com\\\/product\\\/tenga-flip-warmer\\\/#primaryimage\"},\"image\":{\"@id\":\"https:\\\/\\\/tengavietnam.com\\\/product\\\/tenga-flip-warmer\\\/#primaryimage\"},\"thumbnailUrl\":\"https:\\\/\\\/tengavietnam.com\\\/wp-content\\\/uploads\\\/2026\\\/03\\\/945742_0.jpg\",\"datePublished\":\"2026-03-30T11:35:08+00:00\",\"dateModified\":\"2026-03-30T16:46:36+00:00\",\"description\":\"S\u1ef1 k\u1ebft h\u1ee3p ho\u00e0n h\u1ea3o gi\u1eefa \u1ea5m \u00e1p v\u00e0 m\u1ec1m m\u1ea1i! B\u1ed9 s\u1ea3n ph\u1ea9m \u0111\u1ed9c quy\u1ec1n n\u00e0y l\u00e0 s\u1ef1 k\u1ebft h\u1ee3p ho\u00e0n h\u1ea3o gi\u1eefa c\u00e1c chi ti\u1ebft \u0111\u01b0\u1ee3c thi\u1ebft k\u1ebf l\u1ea1i v\u1edbi ch\u1ea5t li\u1ec7u gel m\u1ec1m m\u1ea1i v\u00e0 c\u1ea3m gi\u00e1c \u1ea5m \u00e1p \u0111\u1ea7y kho\u00e1i l\u1ea1c. Nh\u1eefng chi ti\u1ebft d\u00e0y \u0111\u1eb7c \u0111\u01b0\u1ee3c s\u1eafp x\u1ebfp \u0111\u1ec3 kh\u1edbp v\u1edbi nhau t\u1ea1o n\u00ean s\u1ef1 bao tr\u00f9m ho\u00e0n to\u00e0n, k\u1ebft h\u1ee3p v\u1edbi h\u01a1i \u1ea5m gi\u1ed1ng nh\u01b0 nhi\u1ec7t \u0111\u1ed9 c\u01a1 th\u1ec3 \u0111\u1ec3 mang l\u1ea1i c\u1ea3m gi\u00e1c kho\u00e1i l\u1ea1c \u0111\u1eafm ch\u00ecm. B\u1ed9 s\u1ea3n ph\u1ea9m n\u00e0y c\u00f3 t\u00ednh n\u0103ng FLIP WARMER \u0111\u1ed9c quy\u1ec1n, m\u1ed9t thi\u1ebft b\u1ecb l\u00e0m n\u00f3ng \u0111\u01b0\u1ee3c thi\u1ebft k\u1ebf ri\u00eang cho d\u00f2ng s\u1ea3n ph\u1ea9m FLIP. C\u1ea5u tr\u00fac b\u00ean trong\",\"breadcrumb\":{\"@id\":\"https:\\\/\\\/tengavietnam.com\\\/product\\\/tenga-flip-warmer\\\/#breadcrumb\"},\"inLanguage\":\"en-US\",\"potentialAction\":[{\"@type\":\"ReadAction\",\"target\":[\"https:\\\/\\\/tengavietnam.com\\\/product\\\/tenga-flip-warmer\\\/\"]}]},{\"@type\":\"ImageObject\",\"inLanguage\":\"en-US\",\"@id\":\"https:\\\/\\\/tengavietnam.com\\\/product\\\/tenga-flip-warmer\\\/#primaryimage\",\"url\":\"https:\\\/\\\/tengavietnam.com\\\/wp-content\\\/uploads\\\/2026\\\/03\\\/945742_0.jpg\",\"contentUrl\":\"https:\\\/\\\/tengavietnam.com\\\/wp-content\\\/uploads\\\/2026\\\/03\\\/945742_0.jpg\",\"width\":640,\"height\":640},{\"@type\":\"BreadcrumbList\",\"@id\":\"https:\\\/\\\/tengavietnam.com\\\/product\\\/tenga-flip-warmer\\\/#breadcrumb\",\"itemListElement\":[{\"@type\":\"ListItem\",\"position\":1,\"name\":\"\u9996\u9801\",\"item\":\"https:\\\/\\\/tengavietnam.com\\\/\"},{\"@type\":\"ListItem\",\"position\":2,\"name\":\"Shop\",\"item\":\"https:\\\/\\\/tengavietnam.com\\\/shop-2\\\/\"},{\"@type\":\"ListItem\",\"position\":3,\"name\":\"Tenga Flip warmer\"}]},{\"@type\":\"WebSite\",\"@id\":\"https:\\\/\\\/tengavietnam.com\\\/#website\",\"url\":\"https:\\\/\\\/tengavietnam.com\\\/\",\"name\":\"Tenga Vietnam\",\"description\":\"Tenga Vietnam\",\"publisher\":{\"@id\":\"https:\\\/\\\/tengavietnam.com\\\/#organization\"},\"potentialAction\":[{\"@type\":\"SearchAction\",\"target\":{\"@type\":\"EntryPoint\",\"urlTemplate\":\"https:\\\/\\\/tengavietnam.com\\\/?s={search_term_string}\"},\"query-input\":{\"@type\":\"PropertyValueSpecification\",\"valueRequired\":true,\"valueName\":\"search_term_string\"}}],\"inLanguage\":\"en-US\"},{\"@type\":\"Organization\",\"@id\":\"https:\\\/\\\/tengavietnam.com\\\/#organization\",\"name\":\"Tenga Vietnam\",\"url\":\"https:\\\/\\\/tengavietnam.com\\\/\",\"logo\":{\"@type\":\"ImageObject\",\"inLanguage\":\"en-US\",\"@id\":\"https:\\\/\\\/tengavietnam.com\\\/#\\\/schema\\\/logo\\\/image\\\/\",\"url\":\"https:\\\/\\\/tengavietnam.com\\\/wp-content\\\/uploads\\\/2023\\\/08\\\/PElfr7Ol12.jpg\",\"contentUrl\":\"https:\\\/\\\/tengavietnam.com\\\/wp-content\\\/uploads\\\/2023\\\/08\\\/PElfr7Ol12.jpg\",\"width\":489,\"height\":489,\"caption\":\"Tenga Vietnam\"},\"image\":{\"@id\":\"https:\\\/\\\/tengavietnam.com\\\/#\\\/schema\\\/logo\\\/image\\\/\"}}]}<\/script>\n<!-- \/ Yoast SEO plugin. -->","yoast_head_json":{"title":"Tenga Flip warmer - Tenga Vietnam","description":"S\u1ef1 k\u1ebft h\u1ee3p ho\u00e0n h\u1ea3o gi\u1eefa \u1ea5m \u00e1p v\u00e0 m\u1ec1m m\u1ea1i! B\u1ed9 s\u1ea3n ph\u1ea9m \u0111\u1ed9c quy\u1ec1n n\u00e0y l\u00e0 s\u1ef1 k\u1ebft h\u1ee3p ho\u00e0n h\u1ea3o gi\u1eefa c\u00e1c chi ti\u1ebft \u0111\u01b0\u1ee3c thi\u1ebft k\u1ebf l\u1ea1i v\u1edbi ch\u1ea5t li\u1ec7u gel m\u1ec1m m\u1ea1i v\u00e0 c\u1ea3m gi\u00e1c \u1ea5m \u00e1p \u0111\u1ea7y kho\u00e1i l\u1ea1c. Nh\u1eefng chi ti\u1ebft d\u00e0y \u0111\u1eb7c \u0111\u01b0\u1ee3c s\u1eafp x\u1ebfp \u0111\u1ec3 kh\u1edbp v\u1edbi nhau t\u1ea1o n\u00ean s\u1ef1 bao tr\u00f9m ho\u00e0n to\u00e0n, k\u1ebft h\u1ee3p v\u1edbi h\u01a1i \u1ea5m gi\u1ed1ng nh\u01b0 nhi\u1ec7t \u0111\u1ed9 c\u01a1 th\u1ec3 \u0111\u1ec3 mang l\u1ea1i c\u1ea3m gi\u00e1c kho\u00e1i l\u1ea1c \u0111\u1eafm ch\u00ecm. B\u1ed9 s\u1ea3n ph\u1ea9m n\u00e0y c\u00f3 t\u00ednh n\u0103ng FLIP WARMER \u0111\u1ed9c quy\u1ec1n, m\u1ed9t thi\u1ebft b\u1ecb l\u00e0m n\u00f3ng \u0111\u01b0\u1ee3c thi\u1ebft k\u1ebf ri\u00eang cho d\u00f2ng s\u1ea3n ph\u1ea9m FLIP. C\u1ea5u tr\u00fac b\u00ean trong","robots":{"index":"index","follow":"follow","max-snippet":"max-snippet:-1","max-image-preview":"max-image-preview:large","max-video-preview":"max-video-preview:-1"},"canonical":"https:\/\/tengavietnam.com\/en\/product\/tenga-flip-warmer\/","og_locale":"en_US","og_type":"article","og_title":"Tenga Flip warmer - Tenga Vietnam","og_description":"S\u1ef1 k\u1ebft h\u1ee3p ho\u00e0n h\u1ea3o gi\u1eefa \u1ea5m \u00e1p v\u00e0 m\u1ec1m m\u1ea1i! B\u1ed9 s\u1ea3n ph\u1ea9m \u0111\u1ed9c quy\u1ec1n n\u00e0y l\u00e0 s\u1ef1 k\u1ebft h\u1ee3p ho\u00e0n h\u1ea3o gi\u1eefa c\u00e1c chi ti\u1ebft \u0111\u01b0\u1ee3c thi\u1ebft k\u1ebf l\u1ea1i v\u1edbi ch\u1ea5t li\u1ec7u gel m\u1ec1m m\u1ea1i v\u00e0 c\u1ea3m gi\u00e1c \u1ea5m \u00e1p \u0111\u1ea7y kho\u00e1i l\u1ea1c. Nh\u1eefng chi ti\u1ebft d\u00e0y \u0111\u1eb7c \u0111\u01b0\u1ee3c s\u1eafp x\u1ebfp \u0111\u1ec3 kh\u1edbp v\u1edbi nhau t\u1ea1o n\u00ean s\u1ef1 bao tr\u00f9m ho\u00e0n to\u00e0n, k\u1ebft h\u1ee3p v\u1edbi h\u01a1i \u1ea5m gi\u1ed1ng nh\u01b0 nhi\u1ec7t \u0111\u1ed9 c\u01a1 th\u1ec3 \u0111\u1ec3 mang l\u1ea1i c\u1ea3m gi\u00e1c kho\u00e1i l\u1ea1c \u0111\u1eafm ch\u00ecm. B\u1ed9 s\u1ea3n ph\u1ea9m n\u00e0y c\u00f3 t\u00ednh n\u0103ng FLIP WARMER \u0111\u1ed9c quy\u1ec1n, m\u1ed9t thi\u1ebft b\u1ecb l\u00e0m n\u00f3ng \u0111\u01b0\u1ee3c thi\u1ebft k\u1ebf ri\u00eang cho d\u00f2ng s\u1ea3n ph\u1ea9m FLIP. C\u1ea5u tr\u00fac b\u00ean trong","og_url":"https:\/\/tengavietnam.com\/en\/product\/tenga-flip-warmer\/","og_site_name":"Tenga Vietnam","article_modified_time":"2026-03-30T16:46:36+00:00","og_image":[{"width":640,"height":640,"url":"https:\/\/tengavietnam.com\/wp-content\/uploads\/2026\/03\/945742_0.jpg","type":"image\/jpeg"}],"twitter_card":"summary_large_image","twitter_misc":{"Est. reading time":"4 minutes"},"schema":{"@context":"https:\/\/schema.org","@graph":[{"@type":"WebPage","@id":"https:\/\/tengavietnam.com\/product\/tenga-flip-warmer\/","url":"https:\/\/tengavietnam.com\/product\/tenga-flip-warmer\/","name":"Tenga Flip warmer - Tenga Vietnam","isPartOf":{"@id":"https:\/\/tengavietnam.com\/#website"},"primaryImageOfPage":{"@id":"https:\/\/tengavietnam.com\/product\/tenga-flip-warmer\/#primaryimage"},"image":{"@id":"https:\/\/tengavietnam.com\/product\/tenga-flip-warmer\/#primaryimage"},"thumbnailUrl":"https:\/\/tengavietnam.com\/wp-content\/uploads\/2026\/03\/945742_0.jpg","datePublished":"2026-03-30T11:35:08+00:00","dateModified":"2026-03-30T16:46:36+00:00","description":"S\u1ef1 k\u1ebft h\u1ee3p ho\u00e0n h\u1ea3o gi\u1eefa \u1ea5m \u00e1p v\u00e0 m\u1ec1m m\u1ea1i! B\u1ed9 s\u1ea3n ph\u1ea9m \u0111\u1ed9c quy\u1ec1n n\u00e0y l\u00e0 s\u1ef1 k\u1ebft h\u1ee3p ho\u00e0n h\u1ea3o gi\u1eefa c\u00e1c chi ti\u1ebft \u0111\u01b0\u1ee3c thi\u1ebft k\u1ebf l\u1ea1i v\u1edbi ch\u1ea5t li\u1ec7u gel m\u1ec1m m\u1ea1i v\u00e0 c\u1ea3m gi\u00e1c \u1ea5m \u00e1p \u0111\u1ea7y kho\u00e1i l\u1ea1c. Nh\u1eefng chi ti\u1ebft d\u00e0y \u0111\u1eb7c \u0111\u01b0\u1ee3c s\u1eafp x\u1ebfp \u0111\u1ec3 kh\u1edbp v\u1edbi nhau t\u1ea1o n\u00ean s\u1ef1 bao tr\u00f9m ho\u00e0n to\u00e0n, k\u1ebft h\u1ee3p v\u1edbi h\u01a1i \u1ea5m gi\u1ed1ng nh\u01b0 nhi\u1ec7t \u0111\u1ed9 c\u01a1 th\u1ec3 \u0111\u1ec3 mang l\u1ea1i c\u1ea3m gi\u00e1c kho\u00e1i l\u1ea1c \u0111\u1eafm ch\u00ecm. B\u1ed9 s\u1ea3n ph\u1ea9m n\u00e0y c\u00f3 t\u00ednh n\u0103ng FLIP WARMER \u0111\u1ed9c quy\u1ec1n, m\u1ed9t thi\u1ebft b\u1ecb l\u00e0m n\u00f3ng \u0111\u01b0\u1ee3c thi\u1ebft k\u1ebf ri\u00eang cho d\u00f2ng s\u1ea3n ph\u1ea9m FLIP. C\u1ea5u tr\u00fac b\u00ean trong","breadcrumb":{"@id":"https:\/\/tengavietnam.com\/product\/tenga-flip-warmer\/#breadcrumb"},"inLanguage":"en-US","potentialAction":[{"@type":"ReadAction","target":["https:\/\/tengavietnam.com\/product\/tenga-flip-warmer\/"]}]},{"@type":"ImageObject","inLanguage":"en-US","@id":"https:\/\/tengavietnam.com\/product\/tenga-flip-warmer\/#primaryimage","url":"https:\/\/tengavietnam.com\/wp-content\/uploads\/2026\/03\/945742_0.jpg","contentUrl":"https:\/\/tengavietnam.com\/wp-content\/uploads\/2026\/03\/945742_0.jpg","width":640,"height":640},{"@type":"BreadcrumbList","@id":"https:\/\/tengavietnam.com\/product\/tenga-flip-warmer\/#breadcrumb","itemListElement":[{"@type":"ListItem","position":1,"name":"\u9996\u9801","item":"https:\/\/tengavietnam.com\/"},{"@type":"ListItem","position":2,"name":"Shop","item":"https:\/\/tengavietnam.com\/shop-2\/"},{"@type":"ListItem","position":3,"name":"Tenga Flip warmer"}]},{"@type":"WebSite","@id":"https:\/\/tengavietnam.com\/#website","url":"https:\/\/tengavietnam.com\/","name":"Tenga Vietnam","description":"Tenga Vietnam","publisher":{"@id":"https:\/\/tengavietnam.com\/#organization"},"potentialAction":[{"@type":"SearchAction","target":{"@type":"EntryPoint","urlTemplate":"https:\/\/tengavietnam.com\/?s={search_term_string}"},"query-input":{"@type":"PropertyValueSpecification","valueRequired":true,"valueName":"search_term_string"}}],"inLanguage":"en-US"},{"@type":"Organization","@id":"https:\/\/tengavietnam.com\/#organization","name":"Tenga Vietnam","url":"https:\/\/tengavietnam.com\/","logo":{"@type":"ImageObject","inLanguage":"en-US","@id":"https:\/\/tengavietnam.com\/#\/schema\/logo\/image\/","url":"https:\/\/tengavietnam.com\/wp-content\/uploads\/2023\/08\/PElfr7Ol12.jpg","contentUrl":"https:\/\/tengavietnam.com\/wp-content\/uploads\/2023\/08\/PElfr7Ol12.jpg","width":489,"height":489,"caption":"Tenga Vietnam"},"image":{"@id":"https:\/\/tengavietnam.com\/#\/schema\/logo\/image\/"}}]}},"_links":{"self":[{"href":"https:\/\/tengavietnam.com\/en\/wp-json\/wp\/v2\/product\/1823","targetHints":{"allow":["GET"]}}],"collection":[{"href":"https:\/\/tengavietnam.com\/en\/wp-json\/wp\/v2\/product"}],"about":[{"href":"https:\/\/tengavietnam.com\/en\/wp-json\/wp\/v2\/types\/product"}],"replies":[{"embeddable":true,"href":"https:\/\/tengavietnam.com\/en\/wp-json\/wp\/v2\/comments?post=1823"}],"wp:featuredmedia":[{"embeddable":true,"href":"https:\/\/tengavietnam.com\/en\/wp-json\/wp\/v2\/media\/1824"}],"wp:attachment":[{"href":"https:\/\/tengavietnam.com\/en\/wp-json\/wp\/v2\/media?parent=1823"}],"wp:term":[{"taxonomy":"product_brand","embeddable":true,"href":"https:\/\/tengavietnam.com\/en\/wp-json\/wp\/v2\/product_brand?post=1823"},{"taxonomy":"product_cat","embeddable":true,"href":"https:\/\/tengavietnam.com\/en\/wp-json\/wp\/v2\/product_cat?post=1823"},{"taxonomy":"product_tag","embeddable":true,"href":"https:\/\/tengavietnam.com\/en\/wp-json\/wp\/v2\/product_tag?post=1823"}],"curies":[{"name":"wp","href":"https:\/\/api.w.org\/{rel}","templated":true}]}}