{"id":1800,"date":"2026-03-30T18:12:23","date_gmt":"2026-03-30T11:12:23","guid":{"rendered":"https:\/\/tengavietnam.com\/?post_type=product&#038;p=1800"},"modified":"2026-03-30T18:13:56","modified_gmt":"2026-03-30T11:13:56","slug":"tenga-aero","status":"publish","type":"product","link":"https:\/\/tengavietnam.com\/en\/product\/tenga-aero\/","title":{"rendered":"Tenga Aero"},"content":{"rendered":"<p><img fetchpriority=\"high\" decoding=\"async\" class=\"alignnone size-medium wp-image-1812\" src=\"https:\/\/tengavietnam.com\/wp-content\/uploads\/2026\/03\/animasyon-aero-299x168.gif\" alt=\"\" width=\"299\" height=\"168\" srcset=\"https:\/\/tengavietnam.com\/wp-content\/uploads\/2026\/03\/animasyon-aero-299x168.gif 299w, https:\/\/tengavietnam.com\/wp-content\/uploads\/2026\/03\/animasyon-aero-18x10.gif 18w\" sizes=\"(max-width: 299px) 100vw, 299px\" \/><\/p>\n<p>D\u00f2ng s\u1ea3n ph\u1ea9m AERO \u0111\u01b0\u1ee3c thi\u1ebft k\u1ebf \u0111\u1ec3 s\u1eed d\u1ee5ng l\u00e2u d\u00e0i. S\u1ea3n ph\u1ea9m c\u00f3 c\u00e1c m\u1eabu c\u00f3 th\u1ec3 s\u1eed d\u1ee5ng nhi\u1ec1u l\u1ea7n v\u00e0 d\u1ec5 d\u00e0ng v\u1ec7 sinh. \u0110\u1ec3 t\u0103ng c\u01b0\u1eddng kho\u00e1i c\u1ea3m, s\u1ea3n ph\u1ea9m \u0111\u01b0\u1ee3c b\u1ed5 sung c\u01a1 ch\u1ebf n\u00e9n 10 c\u1ea5p \u0111\u1ed9, \u0111i\u1ec1u khi\u1ec3n b\u1eb1ng c\u00e1ch xoay ph\u1ea7n trung t\u00e2m. \u0110i\u1ec1u n\u00e0y cho ph\u00e9p \u0111i\u1ec1u ch\u1ec9nh \u0111\u1ed9 si\u1ebft ch\u1eb7t b\u00ean trong, l\u00e0m t\u0103ng c\u01b0\u1eddng c\u1ea3m gi\u00e1c. S\u1ea3n ph\u1ea9m r\u1ea5t d\u1ec5 v\u1ec7 sinh v\u00e0 l\u00e0m kh\u00f4. Khi \u0111\u01b0\u1ee3c v\u1ec7 sinh theo h\u01b0\u1edbng d\u1eabn khuy\u1ebfn ngh\u1ecb, AERO c\u00f3 th\u1ec3 \u0111\u01b0\u1ee3c s\u1eed d\u1ee5ng nhi\u1ec1u l\u1ea7n trong th\u1eddi gian r\u1ea5t d\u00e0i.<\/p>\n<p><img decoding=\"async\" class=\"alignnone size-medium wp-image-1814\" src=\"https:\/\/tengavietnam.com\/wp-content\/uploads\/2026\/03\/tenga-aero-all-2-300x172.jpg\" alt=\"\" width=\"300\" height=\"172\" srcset=\"https:\/\/tengavietnam.com\/wp-content\/uploads\/2026\/03\/tenga-aero-all-2-300x172.jpg 300w, https:\/\/tengavietnam.com\/wp-content\/uploads\/2026\/03\/tenga-aero-all-2-18x10.jpg 18w, https:\/\/tengavietnam.com\/wp-content\/uploads\/2026\/03\/tenga-aero-all-2-600x343.jpg 600w, https:\/\/tengavietnam.com\/wp-content\/uploads\/2026\/03\/tenga-aero-all-2.jpg 683w\" sizes=\"(max-width: 300px) 100vw, 300px\" \/><\/p>\n<p>Tr\u1ea3i nghi\u1ec7m s\u1ef1 t\u1ef1 do v\u1edbi n\u00fam xoay Aero. Ki\u1ec3m so\u00e1t c\u1ea3m gi\u00e1c h\u00fat<\/p>\n<p>b\u1eb1ng c\u00e1ch xoay n\u00fam tr\u00ean thi\u1ebft b\u1ecb.<\/p>\n<p>\u0110i\u1ec1u ch\u1ec9nh m\u1ee9c \u0111\u1ed9 h\u00fat v\u00e0 \u0111\u1ed9 ch\u1eb7t theo \u00fd th\u00edch c\u1ee7a b\u1ea1n, t\u1eadn h\u01b0\u1edfng c\u1ea3m gi\u00e1c h\u00fat t\u1ef1 nhi\u00ean<\/p>\n<p><img decoding=\"async\" class=\"alignnone size-medium wp-image-1813\" src=\"https:\/\/tengavietnam.com\/wp-content\/uploads\/2026\/03\/animasyon-aero2-300x169.gif\" alt=\"\" width=\"300\" height=\"169\" srcset=\"https:\/\/tengavietnam.com\/wp-content\/uploads\/2026\/03\/animasyon-aero2-300x169.gif 300w, https:\/\/tengavietnam.com\/wp-content\/uploads\/2026\/03\/animasyon-aero2-18x10.gif 18w\" sizes=\"(max-width: 300px) 100vw, 300px\" \/><\/p>\n<p>C\u00e1c d\u00f2ng s\u1ea3n ph\u1ea9m 3D, FLEX, GEO, CRYSTA v\u00e0 SPINNER c\u1ee7a Tenga \u0111\u00e3 \u0111\u01b0\u1ee3c trao gi\u1ea3i th\u01b0\u1edfng Red Dot Design Award, m\u1ed9t trong nh\u1eefng gi\u1ea3i th\u01b0\u1edfng thi\u1ebft k\u1ebf danh gi\u00e1 nh\u1ea5t th\u1ebf gi\u1edbi. Vi\u1ec7c gi\u00e0nh \u0111\u01b0\u1ee3c gi\u1ea3i th\u01b0\u1edfng danh gi\u00e1 to\u00e0n c\u1ea7u n\u00e0y nhi\u1ec1u l\u1ea7n li\u00ean ti\u1ebfp cho c\u00e1c d\u00f2ng s\u1ea3n ph\u1ea9m kh\u00e1c nhau ch\u1ee9ng minh cam k\u1ebft c\u1ee7a TENGA \u0111\u1ed1i v\u1edbi thi\u1ebft k\u1ebf v\u00e0 s\u1ef1 \u0111\u1ed5i m\u1edbi, c\u0169ng nh\u01b0 ch\u1ea5t l\u01b0\u1ee3ng kh\u00f4ng \u0111\u1ed5i c\u1ee7a h\u00e3ng trong su\u1ed1t nhi\u1ec1u n\u0103m qua.<\/p>\n<p>M\u00e3 ch\u1ee9ng kho\u00e1nTAH-001<\/p>\n<p>K\u00edch th\u01b0\u1edbc s\u1ea3n ph\u1ea9m78x78x172mm \/ (D)x(W)x(H)<\/p>\n<p>Tr\u1ecdng l\u01b0\u1ee3ng g\u00f3i h\u00e0ng~420g<\/p>\n<p>T\u00ednh n\u0103ng s\u1ea3n ph\u1ea9mM\u1eabu m\u00e3 b\u1ec1n b\u1ec9, c\u01a1 ch\u1ebf n\u00e9n 10 c\u1ea5p \u0111\u1ed9, h\u00fat ch\u00e2n kh\u00f4ng k\u00e9p, d\u1ec5 d\u00e0ng v\u1ec7 sinh.<\/p>","protected":false},"excerpt":{"rendered":"<p>D\u00f2ng s\u1ea3n ph\u1ea9m Tenga Aero<\/p>\n<p>B\u1ed9 s\u01b0u t\u1eadp m\u1edbi nh\u1ea5t t\u1eeb Tenga s\u1edf h\u1eefu c\u00f4ng ngh\u1ec7 Tenga Aero m\u1edbi \u0111\u01b0\u1ee3c ph\u00e1t tri\u1ec3n . T\u00ednh n\u0103ng ch\u00ednh l\u00e0 \u0111i\u1ec1u khi\u1ec3n l\u1ef1c h\u00fat xoay \u0111\u1ed9c l\u1eadp; b\u1eb1ng c\u00e1ch xoay n\u00fam \u0111i\u1ec1u ch\u1ec9nh tr\u00ean thi\u1ebft b\u1ecb, b\u1ea1n c\u00f3 th\u1ec3 \u0111i\u1ec1u ch\u1ec9nh c\u1ea3m gi\u00e1c h\u00fat, m\u1ee9c \u0111\u1ed9 h\u00fat ch\u00e2n kh\u00f4ng v\u00e0 \u0111\u1ed9 si\u1ebft ch\u1eb7t theo \u00fd th\u00edch.<\/p>\n<p>&nbsp;<\/p>\n<p>D\u00f2ng s\u1ea3n ph\u1ea9m Tenga Aero bao g\u1ed3m hai m\u1eabu: Tenga Aero Silver Ring v\u00e0 Tenga Aero Cobalt Ring. S\u1ef1 kh\u00e1c bi\u1ec7t ch\u00ednh gi\u1eefa hai s\u1ea3n ph\u1ea9m n\u1eb1m \u1edf thi\u1ebft k\u1ebf l\u1edbp silicon b\u00ean trong, t\u1ea1o n\u00ean c\u1ea3m gi\u00e1c kh\u00e1c nhau khi s\u1eed d\u1ee5ng.<\/p>\n<p><img loading=\"lazy\" decoding=\"async\" class=\"alignnone size-medium wp-image-1821\" src=\"https:\/\/tengavietnam.com\/wp-content\/uploads\/2026\/03\/insta_41252135-fe0b-49c7-a059-548336d13984-300x169.gif\" alt=\"\" width=\"300\" height=\"169\" srcset=\"https:\/\/tengavietnam.com\/wp-content\/uploads\/2026\/03\/insta_41252135-fe0b-49c7-a059-548336d13984-300x169.gif 300w, https:\/\/tengavietnam.com\/wp-content\/uploads\/2026\/03\/insta_41252135-fe0b-49c7-a059-548336d13984-18x10.gif 18w\" sizes=\"(max-width: 300px) 100vw, 300px\" \/><\/p>","protected":false},"featured_media":1801,"comment_status":"open","ping_status":"closed","template":"","meta":[],"product_brand":[],"product_cat":[27,21],"product_tag":[],"class_list":{"0":"post-1800","1":"product","2":"type-product","3":"status-publish","4":"has-post-thumbnail","6":"product_cat-aero","7":"product_cat-uncategorized","9":"first","10":"instock","11":"sale","12":"taxable","13":"shipping-taxable","14":"purchasable","15":"product-type-variable","16":"has-default-attributes"},"yoast_head":"<!-- This site is optimized with the Yoast SEO plugin v27.4 - https:\/\/yoast.com\/product\/yoast-seo-wordpress\/ -->\n<title>Tenga Aero - Tenga Vietnam<\/title>\n<meta name=\"description\" content=\"B\u1ed9 s\u01b0u t\u1eadp m\u1edbi nh\u1ea5t t\u1eeb Tenga s\u1edf h\u1eefu c\u00f4ng ngh\u1ec7 Tenga Aero m\u1edbi \u0111\u01b0\u1ee3c ph\u00e1t tri\u1ec3n . T\u00ednh n\u0103ng ch\u00ednh l\u00e0 \u0111i\u1ec1u khi\u1ec3n l\u1ef1c h\u00fat xoay \u0111\u1ed9c l\u1eadp; b\u1eb1ng c\u00e1ch xoay n\u00fam \u0111i\u1ec1u ch\u1ec9nh tr\u00ean thi\u1ebft b\u1ecb, b\u1ea1n c\u00f3 th\u1ec3 \u0111i\u1ec1u ch\u1ec9nh c\u1ea3m gi\u00e1c h\u00fat, m\u1ee9c \u0111\u1ed9 h\u00fat ch\u00e2n kh\u00f4ng v\u00e0 \u0111\u1ed9 si\u1ebft ch\u1eb7t theo \u00fd th\u00edch.\" \/>\n<meta name=\"robots\" content=\"index, follow, max-snippet:-1, max-image-preview:large, max-video-preview:-1\" \/>\n<link rel=\"canonical\" href=\"https:\/\/tengavietnam.com\/en\/product\/tenga-aero\/\" \/>\n<meta property=\"og:locale\" content=\"en_US\" \/>\n<meta property=\"og:type\" content=\"article\" \/>\n<meta property=\"og:title\" content=\"Tenga Aero - Tenga Vietnam\" \/>\n<meta property=\"og:description\" content=\"B\u1ed9 s\u01b0u t\u1eadp m\u1edbi nh\u1ea5t t\u1eeb Tenga s\u1edf h\u1eefu c\u00f4ng ngh\u1ec7 Tenga Aero m\u1edbi \u0111\u01b0\u1ee3c ph\u00e1t tri\u1ec3n . T\u00ednh n\u0103ng ch\u00ednh l\u00e0 \u0111i\u1ec1u khi\u1ec3n l\u1ef1c h\u00fat xoay \u0111\u1ed9c l\u1eadp; b\u1eb1ng c\u00e1ch xoay n\u00fam \u0111i\u1ec1u ch\u1ec9nh tr\u00ean thi\u1ebft b\u1ecb, b\u1ea1n c\u00f3 th\u1ec3 \u0111i\u1ec1u ch\u1ec9nh c\u1ea3m gi\u00e1c h\u00fat, m\u1ee9c \u0111\u1ed9 h\u00fat ch\u00e2n kh\u00f4ng v\u00e0 \u0111\u1ed9 si\u1ebft ch\u1eb7t theo \u00fd th\u00edch.\" \/>\n<meta property=\"og:url\" content=\"https:\/\/tengavietnam.com\/en\/product\/tenga-aero\/\" \/>\n<meta property=\"og:site_name\" content=\"Tenga Vietnam\" \/>\n<meta property=\"article:modified_time\" content=\"2026-03-30T11:13:56+00:00\" \/>\n<meta property=\"og:image\" content=\"https:\/\/tengavietnam.com\/wp-content\/uploads\/2026\/03\/576559_182495.webp\" \/>\n\t<meta property=\"og:image:width\" content=\"500\" \/>\n\t<meta property=\"og:image:height\" content=\"500\" \/>\n\t<meta property=\"og:image:type\" content=\"image\/webp\" \/>\n<meta name=\"twitter:card\" content=\"summary_large_image\" \/>\n<meta name=\"twitter:label1\" content=\"Est. reading time\" \/>\n\t<meta name=\"twitter:data1\" content=\"3 minutes\" \/>\n<script type=\"application\/ld+json\" class=\"yoast-schema-graph\">{\"@context\":\"https:\\\/\\\/schema.org\",\"@graph\":[{\"@type\":\"WebPage\",\"@id\":\"https:\\\/\\\/tengavietnam.com\\\/product\\\/tenga-aero\\\/\",\"url\":\"https:\\\/\\\/tengavietnam.com\\\/product\\\/tenga-aero\\\/\",\"name\":\"Tenga Aero - Tenga Vietnam\",\"isPartOf\":{\"@id\":\"https:\\\/\\\/tengavietnam.com\\\/#website\"},\"primaryImageOfPage\":{\"@id\":\"https:\\\/\\\/tengavietnam.com\\\/product\\\/tenga-aero\\\/#primaryimage\"},\"image\":{\"@id\":\"https:\\\/\\\/tengavietnam.com\\\/product\\\/tenga-aero\\\/#primaryimage\"},\"thumbnailUrl\":\"https:\\\/\\\/tengavietnam.com\\\/wp-content\\\/uploads\\\/2026\\\/03\\\/576559_182495.webp\",\"datePublished\":\"2026-03-30T11:12:23+00:00\",\"dateModified\":\"2026-03-30T11:13:56+00:00\",\"description\":\"B\u1ed9 s\u01b0u t\u1eadp m\u1edbi nh\u1ea5t t\u1eeb Tenga s\u1edf h\u1eefu c\u00f4ng ngh\u1ec7 Tenga Aero m\u1edbi \u0111\u01b0\u1ee3c ph\u00e1t tri\u1ec3n . T\u00ednh n\u0103ng ch\u00ednh l\u00e0 \u0111i\u1ec1u khi\u1ec3n l\u1ef1c h\u00fat xoay \u0111\u1ed9c l\u1eadp; b\u1eb1ng c\u00e1ch xoay n\u00fam \u0111i\u1ec1u ch\u1ec9nh tr\u00ean thi\u1ebft b\u1ecb, b\u1ea1n c\u00f3 th\u1ec3 \u0111i\u1ec1u ch\u1ec9nh c\u1ea3m gi\u00e1c h\u00fat, m\u1ee9c \u0111\u1ed9 h\u00fat ch\u00e2n kh\u00f4ng v\u00e0 \u0111\u1ed9 si\u1ebft ch\u1eb7t theo \u00fd th\u00edch.\",\"breadcrumb\":{\"@id\":\"https:\\\/\\\/tengavietnam.com\\\/product\\\/tenga-aero\\\/#breadcrumb\"},\"inLanguage\":\"en-US\",\"potentialAction\":[{\"@type\":\"ReadAction\",\"target\":[\"https:\\\/\\\/tengavietnam.com\\\/product\\\/tenga-aero\\\/\"]}]},{\"@type\":\"ImageObject\",\"inLanguage\":\"en-US\",\"@id\":\"https:\\\/\\\/tengavietnam.com\\\/product\\\/tenga-aero\\\/#primaryimage\",\"url\":\"https:\\\/\\\/tengavietnam.com\\\/wp-content\\\/uploads\\\/2026\\\/03\\\/576559_182495.webp\",\"contentUrl\":\"https:\\\/\\\/tengavietnam.com\\\/wp-content\\\/uploads\\\/2026\\\/03\\\/576559_182495.webp\",\"width\":500,\"height\":500},{\"@type\":\"BreadcrumbList\",\"@id\":\"https:\\\/\\\/tengavietnam.com\\\/product\\\/tenga-aero\\\/#breadcrumb\",\"itemListElement\":[{\"@type\":\"ListItem\",\"position\":1,\"name\":\"\u9996\u9801\",\"item\":\"https:\\\/\\\/tengavietnam.com\\\/\"},{\"@type\":\"ListItem\",\"position\":2,\"name\":\"Shop\",\"item\":\"https:\\\/\\\/tengavietnam.com\\\/shop-2\\\/\"},{\"@type\":\"ListItem\",\"position\":3,\"name\":\"Tenga Aero\"}]},{\"@type\":\"WebSite\",\"@id\":\"https:\\\/\\\/tengavietnam.com\\\/#website\",\"url\":\"https:\\\/\\\/tengavietnam.com\\\/\",\"name\":\"Tenga Vietnam\",\"description\":\"Tenga Vietnam\",\"publisher\":{\"@id\":\"https:\\\/\\\/tengavietnam.com\\\/#organization\"},\"potentialAction\":[{\"@type\":\"SearchAction\",\"target\":{\"@type\":\"EntryPoint\",\"urlTemplate\":\"https:\\\/\\\/tengavietnam.com\\\/?s={search_term_string}\"},\"query-input\":{\"@type\":\"PropertyValueSpecification\",\"valueRequired\":true,\"valueName\":\"search_term_string\"}}],\"inLanguage\":\"en-US\"},{\"@type\":\"Organization\",\"@id\":\"https:\\\/\\\/tengavietnam.com\\\/#organization\",\"name\":\"Tenga Vietnam\",\"url\":\"https:\\\/\\\/tengavietnam.com\\\/\",\"logo\":{\"@type\":\"ImageObject\",\"inLanguage\":\"en-US\",\"@id\":\"https:\\\/\\\/tengavietnam.com\\\/#\\\/schema\\\/logo\\\/image\\\/\",\"url\":\"https:\\\/\\\/tengavietnam.com\\\/wp-content\\\/uploads\\\/2023\\\/08\\\/PElfr7Ol12.jpg\",\"contentUrl\":\"https:\\\/\\\/tengavietnam.com\\\/wp-content\\\/uploads\\\/2023\\\/08\\\/PElfr7Ol12.jpg\",\"width\":489,\"height\":489,\"caption\":\"Tenga Vietnam\"},\"image\":{\"@id\":\"https:\\\/\\\/tengavietnam.com\\\/#\\\/schema\\\/logo\\\/image\\\/\"}}]}<\/script>\n<!-- \/ Yoast SEO plugin. -->","yoast_head_json":{"title":"Tenga Aero - Tenga Vietnam","description":"B\u1ed9 s\u01b0u t\u1eadp m\u1edbi nh\u1ea5t t\u1eeb Tenga s\u1edf h\u1eefu c\u00f4ng ngh\u1ec7 Tenga Aero m\u1edbi \u0111\u01b0\u1ee3c ph\u00e1t tri\u1ec3n . T\u00ednh n\u0103ng ch\u00ednh l\u00e0 \u0111i\u1ec1u khi\u1ec3n l\u1ef1c h\u00fat xoay \u0111\u1ed9c l\u1eadp; b\u1eb1ng c\u00e1ch xoay n\u00fam \u0111i\u1ec1u ch\u1ec9nh tr\u00ean thi\u1ebft b\u1ecb, b\u1ea1n c\u00f3 th\u1ec3 \u0111i\u1ec1u ch\u1ec9nh c\u1ea3m gi\u00e1c h\u00fat, m\u1ee9c \u0111\u1ed9 h\u00fat ch\u00e2n kh\u00f4ng v\u00e0 \u0111\u1ed9 si\u1ebft ch\u1eb7t theo \u00fd th\u00edch.","robots":{"index":"index","follow":"follow","max-snippet":"max-snippet:-1","max-image-preview":"max-image-preview:large","max-video-preview":"max-video-preview:-1"},"canonical":"https:\/\/tengavietnam.com\/en\/product\/tenga-aero\/","og_locale":"en_US","og_type":"article","og_title":"Tenga Aero - Tenga Vietnam","og_description":"B\u1ed9 s\u01b0u t\u1eadp m\u1edbi nh\u1ea5t t\u1eeb Tenga s\u1edf h\u1eefu c\u00f4ng ngh\u1ec7 Tenga Aero m\u1edbi \u0111\u01b0\u1ee3c ph\u00e1t tri\u1ec3n . T\u00ednh n\u0103ng ch\u00ednh l\u00e0 \u0111i\u1ec1u khi\u1ec3n l\u1ef1c h\u00fat xoay \u0111\u1ed9c l\u1eadp; b\u1eb1ng c\u00e1ch xoay n\u00fam \u0111i\u1ec1u ch\u1ec9nh tr\u00ean thi\u1ebft b\u1ecb, b\u1ea1n c\u00f3 th\u1ec3 \u0111i\u1ec1u ch\u1ec9nh c\u1ea3m gi\u00e1c h\u00fat, m\u1ee9c \u0111\u1ed9 h\u00fat ch\u00e2n kh\u00f4ng v\u00e0 \u0111\u1ed9 si\u1ebft ch\u1eb7t theo \u00fd th\u00edch.","og_url":"https:\/\/tengavietnam.com\/en\/product\/tenga-aero\/","og_site_name":"Tenga Vietnam","article_modified_time":"2026-03-30T11:13:56+00:00","og_image":[{"width":500,"height":500,"url":"https:\/\/tengavietnam.com\/wp-content\/uploads\/2026\/03\/576559_182495.webp","type":"image\/webp"}],"twitter_card":"summary_large_image","twitter_misc":{"Est. reading time":"3 minutes"},"schema":{"@context":"https:\/\/schema.org","@graph":[{"@type":"WebPage","@id":"https:\/\/tengavietnam.com\/product\/tenga-aero\/","url":"https:\/\/tengavietnam.com\/product\/tenga-aero\/","name":"Tenga Aero - Tenga Vietnam","isPartOf":{"@id":"https:\/\/tengavietnam.com\/#website"},"primaryImageOfPage":{"@id":"https:\/\/tengavietnam.com\/product\/tenga-aero\/#primaryimage"},"image":{"@id":"https:\/\/tengavietnam.com\/product\/tenga-aero\/#primaryimage"},"thumbnailUrl":"https:\/\/tengavietnam.com\/wp-content\/uploads\/2026\/03\/576559_182495.webp","datePublished":"2026-03-30T11:12:23+00:00","dateModified":"2026-03-30T11:13:56+00:00","description":"B\u1ed9 s\u01b0u t\u1eadp m\u1edbi nh\u1ea5t t\u1eeb Tenga s\u1edf h\u1eefu c\u00f4ng ngh\u1ec7 Tenga Aero m\u1edbi \u0111\u01b0\u1ee3c ph\u00e1t tri\u1ec3n . T\u00ednh n\u0103ng ch\u00ednh l\u00e0 \u0111i\u1ec1u khi\u1ec3n l\u1ef1c h\u00fat xoay \u0111\u1ed9c l\u1eadp; b\u1eb1ng c\u00e1ch xoay n\u00fam \u0111i\u1ec1u ch\u1ec9nh tr\u00ean thi\u1ebft b\u1ecb, b\u1ea1n c\u00f3 th\u1ec3 \u0111i\u1ec1u ch\u1ec9nh c\u1ea3m gi\u00e1c h\u00fat, m\u1ee9c \u0111\u1ed9 h\u00fat ch\u00e2n kh\u00f4ng v\u00e0 \u0111\u1ed9 si\u1ebft ch\u1eb7t theo \u00fd th\u00edch.","breadcrumb":{"@id":"https:\/\/tengavietnam.com\/product\/tenga-aero\/#breadcrumb"},"inLanguage":"en-US","potentialAction":[{"@type":"ReadAction","target":["https:\/\/tengavietnam.com\/product\/tenga-aero\/"]}]},{"@type":"ImageObject","inLanguage":"en-US","@id":"https:\/\/tengavietnam.com\/product\/tenga-aero\/#primaryimage","url":"https:\/\/tengavietnam.com\/wp-content\/uploads\/2026\/03\/576559_182495.webp","contentUrl":"https:\/\/tengavietnam.com\/wp-content\/uploads\/2026\/03\/576559_182495.webp","width":500,"height":500},{"@type":"BreadcrumbList","@id":"https:\/\/tengavietnam.com\/product\/tenga-aero\/#breadcrumb","itemListElement":[{"@type":"ListItem","position":1,"name":"\u9996\u9801","item":"https:\/\/tengavietnam.com\/"},{"@type":"ListItem","position":2,"name":"Shop","item":"https:\/\/tengavietnam.com\/shop-2\/"},{"@type":"ListItem","position":3,"name":"Tenga Aero"}]},{"@type":"WebSite","@id":"https:\/\/tengavietnam.com\/#website","url":"https:\/\/tengavietnam.com\/","name":"Tenga Vietnam","description":"Tenga Vietnam","publisher":{"@id":"https:\/\/tengavietnam.com\/#organization"},"potentialAction":[{"@type":"SearchAction","target":{"@type":"EntryPoint","urlTemplate":"https:\/\/tengavietnam.com\/?s={search_term_string}"},"query-input":{"@type":"PropertyValueSpecification","valueRequired":true,"valueName":"search_term_string"}}],"inLanguage":"en-US"},{"@type":"Organization","@id":"https:\/\/tengavietnam.com\/#organization","name":"Tenga Vietnam","url":"https:\/\/tengavietnam.com\/","logo":{"@type":"ImageObject","inLanguage":"en-US","@id":"https:\/\/tengavietnam.com\/#\/schema\/logo\/image\/","url":"https:\/\/tengavietnam.com\/wp-content\/uploads\/2023\/08\/PElfr7Ol12.jpg","contentUrl":"https:\/\/tengavietnam.com\/wp-content\/uploads\/2023\/08\/PElfr7Ol12.jpg","width":489,"height":489,"caption":"Tenga Vietnam"},"image":{"@id":"https:\/\/tengavietnam.com\/#\/schema\/logo\/image\/"}}]}},"_links":{"self":[{"href":"https:\/\/tengavietnam.com\/en\/wp-json\/wp\/v2\/product\/1800","targetHints":{"allow":["GET"]}}],"collection":[{"href":"https:\/\/tengavietnam.com\/en\/wp-json\/wp\/v2\/product"}],"about":[{"href":"https:\/\/tengavietnam.com\/en\/wp-json\/wp\/v2\/types\/product"}],"replies":[{"embeddable":true,"href":"https:\/\/tengavietnam.com\/en\/wp-json\/wp\/v2\/comments?post=1800"}],"wp:featuredmedia":[{"embeddable":true,"href":"https:\/\/tengavietnam.com\/en\/wp-json\/wp\/v2\/media\/1801"}],"wp:attachment":[{"href":"https:\/\/tengavietnam.com\/en\/wp-json\/wp\/v2\/media?parent=1800"}],"wp:term":[{"taxonomy":"product_brand","embeddable":true,"href":"https:\/\/tengavietnam.com\/en\/wp-json\/wp\/v2\/product_brand?post=1800"},{"taxonomy":"product_cat","embeddable":true,"href":"https:\/\/tengavietnam.com\/en\/wp-json\/wp\/v2\/product_cat?post=1800"},{"taxonomy":"product_tag","embeddable":true,"href":"https:\/\/tengavietnam.com\/en\/wp-json\/wp\/v2\/product_tag?post=1800"}],"curies":[{"name":"wp","href":"https:\/\/api.w.org\/{rel}","templated":true}]}}