{"id":1785,"date":"2026-03-30T17:50:01","date_gmt":"2026-03-30T10:50:01","guid":{"rendered":"https:\/\/tengavietnam.com\/?post_type=product&#038;p=1785"},"modified":"2026-03-30T17:50:45","modified_gmt":"2026-03-30T10:50:45","slug":"tenga-puffy","status":"publish","type":"product","link":"https:\/\/tengavietnam.com\/en\/product\/tenga-puffy\/","title":{"rendered":"Tenga puffy"},"content":{"rendered":"<p><img fetchpriority=\"high\" decoding=\"async\" class=\"alignnone size-medium wp-image-1797\" src=\"https:\/\/tengavietnam.com\/wp-content\/uploads\/2026\/03\/animasyon-puffy6-300x169.gif\" alt=\"\" width=\"300\" height=\"169\" srcset=\"https:\/\/tengavietnam.com\/wp-content\/uploads\/2026\/03\/animasyon-puffy6-300x169.gif 300w, https:\/\/tengavietnam.com\/wp-content\/uploads\/2026\/03\/animasyon-puffy6-18x10.gif 18w\" sizes=\"(max-width: 300px) 100vw, 300px\" \/><\/p>\n<p>D\u00f2ng s\u1ea3n ph\u1ea9m PUFFY \u0111\u01b0\u1ee3c chia th\u00e0nh nhi\u1ec1u m\u00e0u s\u1eafc kh\u00e1c nhau v\u00ec b\u1ec1 m\u1eb7t c\u00f3 k\u1ebft c\u1ea5u c\u1ee7a ch\u1ea5t li\u1ec7u \u0111\u00e0n h\u1ed3i si\u00eau m\u1ec1m, k\u00edch th\u00edch da, c\u0169ng kh\u00e1c nhau. C\u1ea5u tr\u00fac m\u1ec1m m\u1ea1i c\u1ee7a th\u00e2n m\u00e1y v\u00e0 ch\u1ea5t li\u1ec7u c\u1ee7a c\u00e1c b\u1ed9 ph\u1eadn b\u00ean trong \u0111\u1ec1u gi\u1ed1ng nhau. M\u1ed7i m\u1eabu k\u00edch th\u00edch c\u00e1c v\u00f9ng kh\u00e1c nhau, mang l\u1ea1i nh\u1eefng c\u1ea3m gi\u00e1c \u0111\u1ed9c \u0111\u00e1o. Khi ch\u1ecdn m\u1eabu, b\u1ea1n c\u00f3 th\u1ec3 xem video s\u1ea3n ph\u1ea9m, b\u1ea3ng so s\u00e1nh v\u00e0 k\u1ebft c\u1ea5u b\u00ean trong trong ph\u1ea7n \u1ea3nh s\u1ea3n ph\u1ea9m.<\/p>\n<p><img decoding=\"async\" class=\"alignnone size-medium wp-image-1798\" src=\"https:\/\/tengavietnam.com\/wp-content\/uploads\/2026\/03\/animasyon-puffy1-300x169.gif\" alt=\"\" width=\"300\" height=\"169\" srcset=\"https:\/\/tengavietnam.com\/wp-content\/uploads\/2026\/03\/animasyon-puffy1-300x169.gif 300w, https:\/\/tengavietnam.com\/wp-content\/uploads\/2026\/03\/animasyon-puffy1-18x10.gif 18w\" sizes=\"(max-width: 300px) 100vw, 300px\" \/><\/p>\n<p>D\u00f2ng s\u1ea3n ph\u1ea9m PUFFY l\u00e0 d\u00f2ng s\u1ea3n ph\u1ea9m th\u1ee7 d\u00e2m b\u1ec1n l\u00e2u; v\u1edbi c\u00e1ch s\u1eed d\u1ee5ng v\u00e0 b\u1ea3o d\u01b0\u1ee1ng \u0111\u00fang c\u00e1ch, n\u00f3 c\u00f3 th\u1ec3 \u0111\u01b0\u1ee3c s\u1eed d\u1ee5ng nhi\u1ec1u l\u1ea7n trong th\u1eddi gian d\u00e0i. Th\u00e2n m\u00e1y ch\u00ednh \u0111\u01b0\u1ee3c l\u00e0m t\u1eeb m\u1ed9t d\u1eabn xu\u1ea5t silicon m\u1ec1m m\u1edbi \u0111\u01b0\u1ee3c ph\u00e1t tri\u1ec3n, gi\u00fap d\u1ec5 d\u00e0ng b\u00f3p b\u1eb1ng tay. Nh\u1edd c\u00f4ng ngh\u1ec7 v\u1eadt li\u1ec7u gi\u1ed1ng nh\u01b0 k\u1eb9o d\u1ebbo \u0111\u1ed9t ph\u00e1 c\u1ee7a ch\u00fang t\u00f4i, m\u1ed9t \u00e1p l\u1ef1c nh\u1eb9 nh\u00e0ng \u0111\u01b0\u1ee3c t\u1ea1o ra \u1edf v\u00f9ng h\u00e1ng trong qu\u00e1 tr\u00ecnh \u0111\u01b0a v\u00e0o v\u00e0 r\u00fat ra, mang l\u1ea1i kho\u00e1i c\u1ea3m t\u1ed9t \u0111\u1ec9nh. \u0110\u1ec3 d\u1ec5 d\u00e0ng b\u00f3p th\u00e2n m\u00e1y trong khi s\u1eed d\u1ee5ng, m\u1ed9t l\u1edbp \u0111\u1ec7m m\u1ec1m, x\u1ed1p \u0111\u00e3 \u0111\u01b0\u1ee3c th\u00eam v\u00e0o gi\u1eefa ch\u1ea5t li\u1ec7u \u0111\u00e0n h\u1ed3i b\u00ean trong v\u00e0 b\u00ean ngo\u00e0i. \u0110i\u1ec1u n\u00e0y t\u1ea1o ra hi\u1ec7u \u1ee9ng ch\u00e2n kh\u00f4ng \u0111\u1ed3ng th\u1eddi, n\u00e9n \u00e1p su\u1ea5t kh\u00f4ng kh\u00ed b\u00ean trong.<\/p>\n<p><img decoding=\"async\" class=\"alignnone size-medium wp-image-1799\" src=\"https:\/\/tengavietnam.com\/wp-content\/uploads\/2026\/03\/animasyon-puffy2-300x169.gif\" alt=\"\" width=\"300\" height=\"169\" srcset=\"https:\/\/tengavietnam.com\/wp-content\/uploads\/2026\/03\/animasyon-puffy2-300x169.gif 300w, https:\/\/tengavietnam.com\/wp-content\/uploads\/2026\/03\/animasyon-puffy2-18x10.gif 18w\" sizes=\"(max-width: 300px) 100vw, 300px\" \/><\/p>\n<p>M\u00e3 ch\u1ee9ng kho\u00e1nPUF-001<\/p>\n<p>K\u00edch th\u01b0\u1edbc s\u1ea3n ph\u1ea9m85x87x165mm \/ (D)x(W)x(H)<\/p>\n<p>C\u00e2n n\u1eb7ng~350g<\/p>\n<p>T\u00ednh n\u0103ng s\u1ea3n ph\u1ea9mM\u1eabu m\u00e3 b\u1ec1n b\u1ec9, th\u00e2n m\u00e1y m\u1ec1m m\u1ea1i, thi\u1ebft k\u1ebf n\u1eafp \u0111\u00f4i d\u1ec5 v\u1ec7 sinh.<\/p>","protected":false},"excerpt":{"rendered":"<p>D\u00f2ng s\u1ea3n ph\u1ea9m PUFFY \u0111\u01b0\u1ee3c chia th\u00e0nh nhi\u1ec1u m\u00e0u s\u1eafc kh\u00e1c nhau v\u00ec b\u1ec1 m\u1eb7t c\u00f3 k\u1ebft c\u1ea5u c\u1ee7a ch\u1ea5t li\u1ec7u \u0111\u00e0n h\u1ed3i si\u00eau m\u1ec1m, k\u00edch th\u00edch da, c\u0169ng kh\u00e1c nhau. C\u1ea5u tr\u00fac m\u1ec1m m\u1ea1i c\u1ee7a th\u00e2n m\u00e1y v\u00e0 ch\u1ea5t li\u1ec7u c\u1ee7a c\u00e1c b\u1ed9 ph\u1eadn b\u00ean trong \u0111\u1ec1u gi\u1ed1ng nhau. M\u1ed7i m\u1eabu k\u00edch th\u00edch c\u00e1c v\u00f9ng kh\u00e1c nhau, mang l\u1ea1i nh\u1eefng c\u1ea3m gi\u00e1c \u0111\u1ed9c \u0111\u00e1o. Khi ch\u1ecdn m\u1eabu, b\u1ea1n c\u00f3 th\u1ec3 xem video s\u1ea3n ph\u1ea9m, b\u1ea3ng so s\u00e1nh v\u00e0 k\u1ebft c\u1ea5u b\u00ean trong trong ph\u1ea7n \u1ea3nh s\u1ea3n ph\u1ea9m.<\/p>\n<p><img fetchpriority=\"high\" decoding=\"async\" class=\"alignnone size-medium wp-image-1797\" src=\"https:\/\/tengavietnam.com\/wp-content\/uploads\/2026\/03\/animasyon-puffy6-300x169.gif\" alt=\"\" width=\"300\" height=\"169\" srcset=\"https:\/\/tengavietnam.com\/wp-content\/uploads\/2026\/03\/animasyon-puffy6-300x169.gif 300w, https:\/\/tengavietnam.com\/wp-content\/uploads\/2026\/03\/animasyon-puffy6-18x10.gif 18w\" sizes=\"(max-width: 300px) 100vw, 300px\" \/><\/p>","protected":false},"featured_media":1786,"comment_status":"open","ping_status":"closed","template":"","meta":[],"product_brand":[],"product_cat":[21,26],"product_tag":[],"class_list":{"0":"post-1785","1":"product","2":"type-product","3":"status-publish","4":"has-post-thumbnail","6":"product_cat-uncategorized","7":"product_cat-puffy","9":"first","10":"instock","11":"sale","12":"purchasable","13":"product-type-variable","14":"has-default-attributes"},"yoast_head":"<!-- This site is optimized with the Yoast SEO plugin v27.4 - https:\/\/yoast.com\/product\/yoast-seo-wordpress\/ -->\n<title>Tenga puffy - Tenga Vietnam<\/title>\n<meta name=\"robots\" content=\"index, follow, max-snippet:-1, max-image-preview:large, max-video-preview:-1\" \/>\n<link rel=\"canonical\" href=\"https:\/\/tengavietnam.com\/en\/product\/tenga-puffy\/\" \/>\n<meta property=\"og:locale\" content=\"en_US\" \/>\n<meta property=\"og:type\" content=\"article\" \/>\n<meta property=\"og:title\" content=\"Tenga puffy - Tenga Vietnam\" \/>\n<meta property=\"og:description\" content=\"D\u00f2ng s\u1ea3n ph\u1ea9m PUFFY \u0111\u01b0\u1ee3c chia th\u00e0nh nhi\u1ec1u m\u00e0u s\u1eafc kh\u00e1c nhau v\u00ec b\u1ec1 m\u1eb7t c\u00f3 k\u1ebft c\u1ea5u c\u1ee7a ch\u1ea5t li\u1ec7u \u0111\u00e0n h\u1ed3i si\u00eau m\u1ec1m, k\u00edch th\u00edch da, c\u0169ng kh\u00e1c nhau. C\u1ea5u tr\u00fac m\u1ec1m m\u1ea1i c\u1ee7a th\u00e2n m\u00e1y v\u00e0 ch\u1ea5t li\u1ec7u c\u1ee7a c\u00e1c b\u1ed9 ph\u1eadn b\u00ean trong \u0111\u1ec1u gi\u1ed1ng nhau. M\u1ed7i m\u1eabu k\u00edch th\u00edch c\u00e1c v\u00f9ng kh\u00e1c nhau, mang l\u1ea1i nh\u1eefng c\u1ea3m gi\u00e1c \u0111\u1ed9c \u0111\u00e1o. Khi ch\u1ecdn m\u1eabu, b\u1ea1n c\u00f3 th\u1ec3 xem video s\u1ea3n ph\u1ea9m, b\u1ea3ng so s\u00e1nh v\u00e0 k\u1ebft c\u1ea5u b\u00ean trong trong ph\u1ea7n \u1ea3nh s\u1ea3n ph\u1ea9m.\" \/>\n<meta property=\"og:url\" content=\"https:\/\/tengavietnam.com\/en\/product\/tenga-puffy\/\" \/>\n<meta property=\"og:site_name\" content=\"Tenga Vietnam\" \/>\n<meta property=\"article:modified_time\" content=\"2026-03-30T10:50:45+00:00\" \/>\n<meta property=\"og:image\" content=\"https:\/\/tengavietnam.com\/wp-content\/uploads\/2026\/03\/PUF_ECproducts_1_ca299de3-0446-4300-aec1-619602f3cf58_800x.jpg\" \/>\n\t<meta property=\"og:image:width\" content=\"800\" \/>\n\t<meta property=\"og:image:height\" content=\"800\" \/>\n\t<meta property=\"og:image:type\" content=\"image\/jpeg\" \/>\n<meta name=\"twitter:card\" content=\"summary_large_image\" \/>\n<meta name=\"twitter:label1\" content=\"Est. reading time\" \/>\n\t<meta name=\"twitter:data1\" content=\"3 minutes\" \/>\n<script type=\"application\/ld+json\" class=\"yoast-schema-graph\">{\"@context\":\"https:\\\/\\\/schema.org\",\"@graph\":[{\"@type\":\"WebPage\",\"@id\":\"https:\\\/\\\/tengavietnam.com\\\/product\\\/tenga-puffy\\\/\",\"url\":\"https:\\\/\\\/tengavietnam.com\\\/product\\\/tenga-puffy\\\/\",\"name\":\"Tenga puffy - Tenga Vietnam\",\"isPartOf\":{\"@id\":\"https:\\\/\\\/tengavietnam.com\\\/#website\"},\"primaryImageOfPage\":{\"@id\":\"https:\\\/\\\/tengavietnam.com\\\/product\\\/tenga-puffy\\\/#primaryimage\"},\"image\":{\"@id\":\"https:\\\/\\\/tengavietnam.com\\\/product\\\/tenga-puffy\\\/#primaryimage\"},\"thumbnailUrl\":\"https:\\\/\\\/tengavietnam.com\\\/wp-content\\\/uploads\\\/2026\\\/03\\\/PUF_ECproducts_1_ca299de3-0446-4300-aec1-619602f3cf58_800x.jpg\",\"datePublished\":\"2026-03-30T10:50:01+00:00\",\"dateModified\":\"2026-03-30T10:50:45+00:00\",\"breadcrumb\":{\"@id\":\"https:\\\/\\\/tengavietnam.com\\\/product\\\/tenga-puffy\\\/#breadcrumb\"},\"inLanguage\":\"en-US\",\"potentialAction\":[{\"@type\":\"ReadAction\",\"target\":[\"https:\\\/\\\/tengavietnam.com\\\/product\\\/tenga-puffy\\\/\"]}]},{\"@type\":\"ImageObject\",\"inLanguage\":\"en-US\",\"@id\":\"https:\\\/\\\/tengavietnam.com\\\/product\\\/tenga-puffy\\\/#primaryimage\",\"url\":\"https:\\\/\\\/tengavietnam.com\\\/wp-content\\\/uploads\\\/2026\\\/03\\\/PUF_ECproducts_1_ca299de3-0446-4300-aec1-619602f3cf58_800x.jpg\",\"contentUrl\":\"https:\\\/\\\/tengavietnam.com\\\/wp-content\\\/uploads\\\/2026\\\/03\\\/PUF_ECproducts_1_ca299de3-0446-4300-aec1-619602f3cf58_800x.jpg\",\"width\":800,\"height\":800},{\"@type\":\"BreadcrumbList\",\"@id\":\"https:\\\/\\\/tengavietnam.com\\\/product\\\/tenga-puffy\\\/#breadcrumb\",\"itemListElement\":[{\"@type\":\"ListItem\",\"position\":1,\"name\":\"\u9996\u9801\",\"item\":\"https:\\\/\\\/tengavietnam.com\\\/\"},{\"@type\":\"ListItem\",\"position\":2,\"name\":\"Shop\",\"item\":\"https:\\\/\\\/tengavietnam.com\\\/shop-2\\\/\"},{\"@type\":\"ListItem\",\"position\":3,\"name\":\"Tenga puffy\"}]},{\"@type\":\"WebSite\",\"@id\":\"https:\\\/\\\/tengavietnam.com\\\/#website\",\"url\":\"https:\\\/\\\/tengavietnam.com\\\/\",\"name\":\"Tenga Vietnam\",\"description\":\"Tenga Vietnam\",\"publisher\":{\"@id\":\"https:\\\/\\\/tengavietnam.com\\\/#organization\"},\"potentialAction\":[{\"@type\":\"SearchAction\",\"target\":{\"@type\":\"EntryPoint\",\"urlTemplate\":\"https:\\\/\\\/tengavietnam.com\\\/?s={search_term_string}\"},\"query-input\":{\"@type\":\"PropertyValueSpecification\",\"valueRequired\":true,\"valueName\":\"search_term_string\"}}],\"inLanguage\":\"en-US\"},{\"@type\":\"Organization\",\"@id\":\"https:\\\/\\\/tengavietnam.com\\\/#organization\",\"name\":\"Tenga Vietnam\",\"url\":\"https:\\\/\\\/tengavietnam.com\\\/\",\"logo\":{\"@type\":\"ImageObject\",\"inLanguage\":\"en-US\",\"@id\":\"https:\\\/\\\/tengavietnam.com\\\/#\\\/schema\\\/logo\\\/image\\\/\",\"url\":\"https:\\\/\\\/tengavietnam.com\\\/wp-content\\\/uploads\\\/2023\\\/08\\\/PElfr7Ol12.jpg\",\"contentUrl\":\"https:\\\/\\\/tengavietnam.com\\\/wp-content\\\/uploads\\\/2023\\\/08\\\/PElfr7Ol12.jpg\",\"width\":489,\"height\":489,\"caption\":\"Tenga Vietnam\"},\"image\":{\"@id\":\"https:\\\/\\\/tengavietnam.com\\\/#\\\/schema\\\/logo\\\/image\\\/\"}}]}<\/script>\n<!-- \/ Yoast SEO plugin. -->","yoast_head_json":{"title":"Tenga puffy - Tenga Vietnam","robots":{"index":"index","follow":"follow","max-snippet":"max-snippet:-1","max-image-preview":"max-image-preview:large","max-video-preview":"max-video-preview:-1"},"canonical":"https:\/\/tengavietnam.com\/en\/product\/tenga-puffy\/","og_locale":"en_US","og_type":"article","og_title":"Tenga puffy - Tenga Vietnam","og_description":"D\u00f2ng s\u1ea3n ph\u1ea9m PUFFY \u0111\u01b0\u1ee3c chia th\u00e0nh nhi\u1ec1u m\u00e0u s\u1eafc kh\u00e1c nhau v\u00ec b\u1ec1 m\u1eb7t c\u00f3 k\u1ebft c\u1ea5u c\u1ee7a ch\u1ea5t li\u1ec7u \u0111\u00e0n h\u1ed3i si\u00eau m\u1ec1m, k\u00edch th\u00edch da, c\u0169ng kh\u00e1c nhau. C\u1ea5u tr\u00fac m\u1ec1m m\u1ea1i c\u1ee7a th\u00e2n m\u00e1y v\u00e0 ch\u1ea5t li\u1ec7u c\u1ee7a c\u00e1c b\u1ed9 ph\u1eadn b\u00ean trong \u0111\u1ec1u gi\u1ed1ng nhau. M\u1ed7i m\u1eabu k\u00edch th\u00edch c\u00e1c v\u00f9ng kh\u00e1c nhau, mang l\u1ea1i nh\u1eefng c\u1ea3m gi\u00e1c \u0111\u1ed9c \u0111\u00e1o. Khi ch\u1ecdn m\u1eabu, b\u1ea1n c\u00f3 th\u1ec3 xem video s\u1ea3n ph\u1ea9m, b\u1ea3ng so s\u00e1nh v\u00e0 k\u1ebft c\u1ea5u b\u00ean trong trong ph\u1ea7n \u1ea3nh s\u1ea3n ph\u1ea9m.","og_url":"https:\/\/tengavietnam.com\/en\/product\/tenga-puffy\/","og_site_name":"Tenga Vietnam","article_modified_time":"2026-03-30T10:50:45+00:00","og_image":[{"width":800,"height":800,"url":"https:\/\/tengavietnam.com\/wp-content\/uploads\/2026\/03\/PUF_ECproducts_1_ca299de3-0446-4300-aec1-619602f3cf58_800x.jpg","type":"image\/jpeg"}],"twitter_card":"summary_large_image","twitter_misc":{"Est. reading time":"3 minutes"},"schema":{"@context":"https:\/\/schema.org","@graph":[{"@type":"WebPage","@id":"https:\/\/tengavietnam.com\/product\/tenga-puffy\/","url":"https:\/\/tengavietnam.com\/product\/tenga-puffy\/","name":"Tenga puffy - Tenga Vietnam","isPartOf":{"@id":"https:\/\/tengavietnam.com\/#website"},"primaryImageOfPage":{"@id":"https:\/\/tengavietnam.com\/product\/tenga-puffy\/#primaryimage"},"image":{"@id":"https:\/\/tengavietnam.com\/product\/tenga-puffy\/#primaryimage"},"thumbnailUrl":"https:\/\/tengavietnam.com\/wp-content\/uploads\/2026\/03\/PUF_ECproducts_1_ca299de3-0446-4300-aec1-619602f3cf58_800x.jpg","datePublished":"2026-03-30T10:50:01+00:00","dateModified":"2026-03-30T10:50:45+00:00","breadcrumb":{"@id":"https:\/\/tengavietnam.com\/product\/tenga-puffy\/#breadcrumb"},"inLanguage":"en-US","potentialAction":[{"@type":"ReadAction","target":["https:\/\/tengavietnam.com\/product\/tenga-puffy\/"]}]},{"@type":"ImageObject","inLanguage":"en-US","@id":"https:\/\/tengavietnam.com\/product\/tenga-puffy\/#primaryimage","url":"https:\/\/tengavietnam.com\/wp-content\/uploads\/2026\/03\/PUF_ECproducts_1_ca299de3-0446-4300-aec1-619602f3cf58_800x.jpg","contentUrl":"https:\/\/tengavietnam.com\/wp-content\/uploads\/2026\/03\/PUF_ECproducts_1_ca299de3-0446-4300-aec1-619602f3cf58_800x.jpg","width":800,"height":800},{"@type":"BreadcrumbList","@id":"https:\/\/tengavietnam.com\/product\/tenga-puffy\/#breadcrumb","itemListElement":[{"@type":"ListItem","position":1,"name":"\u9996\u9801","item":"https:\/\/tengavietnam.com\/"},{"@type":"ListItem","position":2,"name":"Shop","item":"https:\/\/tengavietnam.com\/shop-2\/"},{"@type":"ListItem","position":3,"name":"Tenga puffy"}]},{"@type":"WebSite","@id":"https:\/\/tengavietnam.com\/#website","url":"https:\/\/tengavietnam.com\/","name":"Tenga Vietnam","description":"Tenga Vietnam","publisher":{"@id":"https:\/\/tengavietnam.com\/#organization"},"potentialAction":[{"@type":"SearchAction","target":{"@type":"EntryPoint","urlTemplate":"https:\/\/tengavietnam.com\/?s={search_term_string}"},"query-input":{"@type":"PropertyValueSpecification","valueRequired":true,"valueName":"search_term_string"}}],"inLanguage":"en-US"},{"@type":"Organization","@id":"https:\/\/tengavietnam.com\/#organization","name":"Tenga Vietnam","url":"https:\/\/tengavietnam.com\/","logo":{"@type":"ImageObject","inLanguage":"en-US","@id":"https:\/\/tengavietnam.com\/#\/schema\/logo\/image\/","url":"https:\/\/tengavietnam.com\/wp-content\/uploads\/2023\/08\/PElfr7Ol12.jpg","contentUrl":"https:\/\/tengavietnam.com\/wp-content\/uploads\/2023\/08\/PElfr7Ol12.jpg","width":489,"height":489,"caption":"Tenga Vietnam"},"image":{"@id":"https:\/\/tengavietnam.com\/#\/schema\/logo\/image\/"}}]}},"_links":{"self":[{"href":"https:\/\/tengavietnam.com\/en\/wp-json\/wp\/v2\/product\/1785","targetHints":{"allow":["GET"]}}],"collection":[{"href":"https:\/\/tengavietnam.com\/en\/wp-json\/wp\/v2\/product"}],"about":[{"href":"https:\/\/tengavietnam.com\/en\/wp-json\/wp\/v2\/types\/product"}],"replies":[{"embeddable":true,"href":"https:\/\/tengavietnam.com\/en\/wp-json\/wp\/v2\/comments?post=1785"}],"wp:featuredmedia":[{"embeddable":true,"href":"https:\/\/tengavietnam.com\/en\/wp-json\/wp\/v2\/media\/1786"}],"wp:attachment":[{"href":"https:\/\/tengavietnam.com\/en\/wp-json\/wp\/v2\/media?parent=1785"}],"wp:term":[{"taxonomy":"product_brand","embeddable":true,"href":"https:\/\/tengavietnam.com\/en\/wp-json\/wp\/v2\/product_brand?post=1785"},{"taxonomy":"product_cat","embeddable":true,"href":"https:\/\/tengavietnam.com\/en\/wp-json\/wp\/v2\/product_cat?post=1785"},{"taxonomy":"product_tag","embeddable":true,"href":"https:\/\/tengavietnam.com\/en\/wp-json\/wp\/v2\/product_tag?post=1785"}],"curies":[{"name":"wp","href":"https:\/\/api.w.org\/{rel}","templated":true}]}}