{"id":1770,"date":"2026-03-29T18:50:37","date_gmt":"2026-03-29T11:50:37","guid":{"rendered":"https:\/\/tengavietnam.com\/?post_type=product&#038;p=1770"},"modified":"2026-03-29T18:50:37","modified_gmt":"2026-03-29T11:50:37","slug":"tenga-flip-orb","status":"publish","type":"product","link":"https:\/\/tengavietnam.com\/en\/product\/tenga-flip-orb\/","title":{"rendered":"Tenga Flip Orb"},"content":{"rendered":"<p><img fetchpriority=\"high\" decoding=\"async\" class=\"alignnone size-medium wp-image-1779\" src=\"https:\/\/tengavietnam.com\/wp-content\/uploads\/2026\/03\/animasyon-fliporb-300x169.gif\" alt=\"\" width=\"300\" height=\"169\" srcset=\"https:\/\/tengavietnam.com\/wp-content\/uploads\/2026\/03\/animasyon-fliporb-300x169.gif 300w, https:\/\/tengavietnam.com\/wp-content\/uploads\/2026\/03\/animasyon-fliporb-18x10.gif 18w\" sizes=\"(max-width: 300px) 100vw, 300px\" \/> <img decoding=\"async\" class=\"alignnone size-medium wp-image-1780\" src=\"https:\/\/tengavietnam.com\/wp-content\/uploads\/2026\/03\/animasyon-fliporb2-300x153.gif\" alt=\"\" width=\"300\" height=\"153\" srcset=\"https:\/\/tengavietnam.com\/wp-content\/uploads\/2026\/03\/animasyon-fliporb2-300x153.gif 300w, https:\/\/tengavietnam.com\/wp-content\/uploads\/2026\/03\/animasyon-fliporb2-18x9.gif 18w\" sizes=\"(max-width: 300px) 100vw, 300px\" \/><\/p>","protected":false},"excerpt":{"rendered":"<p>D\u00f2ng s\u1ea3n ph\u1ea9m FLIP ORB t\u00edch h\u1ee3p nhi\u1ec1u ch\u1ee9c n\u0103ng t\u1eeb c\u00e1c s\u1ea3n ph\u1ea9m kh\u00e1c c\u1ee7a TENGA. Thi\u1ebft k\u1ebf hai c\u00e1nh m\u1edf sang hai b\u00ean gi\u00fap d\u1ec5 d\u00e0ng v\u1ec7 sinh v\u00e0 l\u00e0m s\u1ea1ch. B\u00f4i tr\u01a1n \u0111\u1ec1u gi\u00fap \u0111\u1ea1t hi\u1ec7u qu\u1ea3 t\u1ed1i \u01b0u. Th\u00e2n m\u00e1y h\u00ecnh \u0111\u1ed3ng h\u1ed3 c\u00e1t d\u1ec5 c\u1ea7m n\u1eafm; ch\u1ec9 c\u1ea7n b\u00f3p nh\u1eb9 th\u00e2n m\u00e1y s\u1ebd n\u00e9n kh\u00f4ng kh\u00ed b\u00ean trong t\u1ea1o ra l\u1ef1c h\u00fat ch\u00e2n kh\u00f4ng. \u0110\u00e2y l\u00e0 s\u1ea3n ph\u1ea9m FLIP \u0111\u1ea7u ti\u00ean c\u00f3 thi\u1ebft k\u1ebf n\u00e0y. N\u1eafp \u0111\u1eady ph\u00eda tr\u00ean kh\u00f3a c\u00e1c c\u00e1nh trong qu\u00e1 tr\u00ecnh s\u1eed d\u1ee5ng, gi\u1ea3m thi\u1ec3u r\u00f2 r\u1ec9 kh\u00ed v\u00e0 \u0111\u1ea3m b\u1ea3o l\u1ef1c h\u00fat ch\u00e2n kh\u00f4ng m\u1ea1nh m\u1ebd. B\u1ea3ng \u0111i\u1ec1u khi\u1ec3n hai n\u00fat tr\u00ean th\u00e2n m\u00e1y cho ph\u00e9p d\u1ec5 d\u00e0ng \u0111i\u1ec1u khi\u1ec3n vi\u1ec7c n\u00e9n v\u00e0 gi\u1ea3i ph\u00f3ng kh\u00f4ng kh\u00ed b\u00ean trong, t\u1ea1o ra tr\u1ea3i nghi\u1ec7m h\u00fat ho\u00e0n h\u1ea3o.<!--more--><\/p>","protected":false},"featured_media":1771,"comment_status":"open","ping_status":"closed","template":"","meta":[],"product_brand":[],"product_cat":[21,25],"product_tag":[],"class_list":{"0":"post-1770","1":"product","2":"type-product","3":"status-publish","4":"has-post-thumbnail","6":"product_cat-uncategorized","7":"product_cat-flip-series","9":"first","10":"instock","11":"sale","12":"taxable","13":"shipping-taxable","14":"purchasable","15":"product-type-variable","16":"has-default-attributes"},"yoast_head":"<!-- This site is optimized with the Yoast SEO plugin v27.4 - https:\/\/yoast.com\/product\/yoast-seo-wordpress\/ -->\n<title>Tenga Flip Orb - Tenga Vietnam<\/title>\n<meta name=\"robots\" content=\"index, follow, max-snippet:-1, max-image-preview:large, max-video-preview:-1\" \/>\n<link rel=\"canonical\" href=\"https:\/\/tengavietnam.com\/en\/product\/tenga-flip-orb\/\" \/>\n<meta property=\"og:locale\" content=\"en_US\" \/>\n<meta property=\"og:type\" content=\"article\" \/>\n<meta property=\"og:title\" content=\"Tenga Flip Orb - Tenga Vietnam\" \/>\n<meta property=\"og:description\" content=\"D\u00f2ng s\u1ea3n ph\u1ea9m FLIP ORB t\u00edch h\u1ee3p nhi\u1ec1u ch\u1ee9c n\u0103ng t\u1eeb c\u00e1c s\u1ea3n ph\u1ea9m kh\u00e1c c\u1ee7a TENGA. Thi\u1ebft k\u1ebf hai c\u00e1nh m\u1edf sang hai b\u00ean gi\u00fap d\u1ec5 d\u00e0ng v\u1ec7 sinh v\u00e0 l\u00e0m s\u1ea1ch. B\u00f4i tr\u01a1n \u0111\u1ec1u gi\u00fap \u0111\u1ea1t hi\u1ec7u qu\u1ea3 t\u1ed1i \u01b0u. Th\u00e2n m\u00e1y h\u00ecnh \u0111\u1ed3ng h\u1ed3 c\u00e1t d\u1ec5 c\u1ea7m n\u1eafm; ch\u1ec9 c\u1ea7n b\u00f3p nh\u1eb9 th\u00e2n m\u00e1y s\u1ebd n\u00e9n kh\u00f4ng kh\u00ed b\u00ean trong t\u1ea1o ra l\u1ef1c h\u00fat ch\u00e2n kh\u00f4ng. \u0110\u00e2y l\u00e0 s\u1ea3n ph\u1ea9m FLIP \u0111\u1ea7u ti\u00ean c\u00f3 thi\u1ebft k\u1ebf n\u00e0y. N\u1eafp \u0111\u1eady ph\u00eda tr\u00ean kh\u00f3a c\u00e1c c\u00e1nh trong qu\u00e1 tr\u00ecnh s\u1eed d\u1ee5ng, gi\u1ea3m thi\u1ec3u r\u00f2 r\u1ec9 kh\u00ed v\u00e0 \u0111\u1ea3m b\u1ea3o l\u1ef1c h\u00fat ch\u00e2n kh\u00f4ng m\u1ea1nh m\u1ebd. B\u1ea3ng \u0111i\u1ec1u khi\u1ec3n hai n\u00fat tr\u00ean th\u00e2n m\u00e1y cho ph\u00e9p d\u1ec5 d\u00e0ng \u0111i\u1ec1u khi\u1ec3n vi\u1ec7c n\u00e9n v\u00e0 gi\u1ea3i ph\u00f3ng kh\u00f4ng kh\u00ed b\u00ean trong, t\u1ea1o ra tr\u1ea3i nghi\u1ec7m h\u00fat ho\u00e0n h\u1ea3o.\" \/>\n<meta property=\"og:url\" content=\"https:\/\/tengavietnam.com\/en\/product\/tenga-flip-orb\/\" \/>\n<meta property=\"og:site_name\" content=\"Tenga Vietnam\" \/>\n<meta property=\"og:image\" content=\"https:\/\/tengavietnam.com\/wp-content\/uploads\/2026\/03\/s-l1600-1.jpg\" \/>\n\t<meta property=\"og:image:width\" content=\"1600\" \/>\n\t<meta property=\"og:image:height\" content=\"1600\" \/>\n\t<meta property=\"og:image:type\" content=\"image\/jpeg\" \/>\n<meta name=\"twitter:card\" content=\"summary_large_image\" \/>\n<meta name=\"twitter:label1\" content=\"Est. reading time\" \/>\n\t<meta name=\"twitter:data1\" content=\"1 minute\" \/>\n<script type=\"application\/ld+json\" class=\"yoast-schema-graph\">{\"@context\":\"https:\\\/\\\/schema.org\",\"@graph\":[{\"@type\":\"WebPage\",\"@id\":\"https:\\\/\\\/tengavietnam.com\\\/product\\\/tenga-flip-orb\\\/\",\"url\":\"https:\\\/\\\/tengavietnam.com\\\/product\\\/tenga-flip-orb\\\/\",\"name\":\"Tenga Flip Orb - Tenga Vietnam\",\"isPartOf\":{\"@id\":\"https:\\\/\\\/tengavietnam.com\\\/#website\"},\"primaryImageOfPage\":{\"@id\":\"https:\\\/\\\/tengavietnam.com\\\/product\\\/tenga-flip-orb\\\/#primaryimage\"},\"image\":{\"@id\":\"https:\\\/\\\/tengavietnam.com\\\/product\\\/tenga-flip-orb\\\/#primaryimage\"},\"thumbnailUrl\":\"https:\\\/\\\/tengavietnam.com\\\/wp-content\\\/uploads\\\/2026\\\/03\\\/s-l1600-1.jpg\",\"datePublished\":\"2026-03-29T11:50:37+00:00\",\"breadcrumb\":{\"@id\":\"https:\\\/\\\/tengavietnam.com\\\/product\\\/tenga-flip-orb\\\/#breadcrumb\"},\"inLanguage\":\"en-US\",\"potentialAction\":[{\"@type\":\"ReadAction\",\"target\":[\"https:\\\/\\\/tengavietnam.com\\\/product\\\/tenga-flip-orb\\\/\"]}]},{\"@type\":\"ImageObject\",\"inLanguage\":\"en-US\",\"@id\":\"https:\\\/\\\/tengavietnam.com\\\/product\\\/tenga-flip-orb\\\/#primaryimage\",\"url\":\"https:\\\/\\\/tengavietnam.com\\\/wp-content\\\/uploads\\\/2026\\\/03\\\/s-l1600-1.jpg\",\"contentUrl\":\"https:\\\/\\\/tengavietnam.com\\\/wp-content\\\/uploads\\\/2026\\\/03\\\/s-l1600-1.jpg\",\"width\":1600,\"height\":1600},{\"@type\":\"BreadcrumbList\",\"@id\":\"https:\\\/\\\/tengavietnam.com\\\/product\\\/tenga-flip-orb\\\/#breadcrumb\",\"itemListElement\":[{\"@type\":\"ListItem\",\"position\":1,\"name\":\"\u9996\u9801\",\"item\":\"https:\\\/\\\/tengavietnam.com\\\/\"},{\"@type\":\"ListItem\",\"position\":2,\"name\":\"Shop\",\"item\":\"https:\\\/\\\/tengavietnam.com\\\/shop-2\\\/\"},{\"@type\":\"ListItem\",\"position\":3,\"name\":\"Tenga Flip Orb\"}]},{\"@type\":\"WebSite\",\"@id\":\"https:\\\/\\\/tengavietnam.com\\\/#website\",\"url\":\"https:\\\/\\\/tengavietnam.com\\\/\",\"name\":\"Tenga Vietnam\",\"description\":\"Tenga Vietnam\",\"publisher\":{\"@id\":\"https:\\\/\\\/tengavietnam.com\\\/#organization\"},\"potentialAction\":[{\"@type\":\"SearchAction\",\"target\":{\"@type\":\"EntryPoint\",\"urlTemplate\":\"https:\\\/\\\/tengavietnam.com\\\/?s={search_term_string}\"},\"query-input\":{\"@type\":\"PropertyValueSpecification\",\"valueRequired\":true,\"valueName\":\"search_term_string\"}}],\"inLanguage\":\"en-US\"},{\"@type\":\"Organization\",\"@id\":\"https:\\\/\\\/tengavietnam.com\\\/#organization\",\"name\":\"Tenga Vietnam\",\"url\":\"https:\\\/\\\/tengavietnam.com\\\/\",\"logo\":{\"@type\":\"ImageObject\",\"inLanguage\":\"en-US\",\"@id\":\"https:\\\/\\\/tengavietnam.com\\\/#\\\/schema\\\/logo\\\/image\\\/\",\"url\":\"https:\\\/\\\/tengavietnam.com\\\/wp-content\\\/uploads\\\/2023\\\/08\\\/PElfr7Ol12.jpg\",\"contentUrl\":\"https:\\\/\\\/tengavietnam.com\\\/wp-content\\\/uploads\\\/2023\\\/08\\\/PElfr7Ol12.jpg\",\"width\":489,\"height\":489,\"caption\":\"Tenga Vietnam\"},\"image\":{\"@id\":\"https:\\\/\\\/tengavietnam.com\\\/#\\\/schema\\\/logo\\\/image\\\/\"}}]}<\/script>\n<!-- \/ Yoast SEO plugin. -->","yoast_head_json":{"title":"Tenga Flip Orb - Tenga Vietnam","robots":{"index":"index","follow":"follow","max-snippet":"max-snippet:-1","max-image-preview":"max-image-preview:large","max-video-preview":"max-video-preview:-1"},"canonical":"https:\/\/tengavietnam.com\/en\/product\/tenga-flip-orb\/","og_locale":"en_US","og_type":"article","og_title":"Tenga Flip Orb - Tenga Vietnam","og_description":"D\u00f2ng s\u1ea3n ph\u1ea9m FLIP ORB t\u00edch h\u1ee3p nhi\u1ec1u ch\u1ee9c n\u0103ng t\u1eeb c\u00e1c s\u1ea3n ph\u1ea9m kh\u00e1c c\u1ee7a TENGA. Thi\u1ebft k\u1ebf hai c\u00e1nh m\u1edf sang hai b\u00ean gi\u00fap d\u1ec5 d\u00e0ng v\u1ec7 sinh v\u00e0 l\u00e0m s\u1ea1ch. B\u00f4i tr\u01a1n \u0111\u1ec1u gi\u00fap \u0111\u1ea1t hi\u1ec7u qu\u1ea3 t\u1ed1i \u01b0u. Th\u00e2n m\u00e1y h\u00ecnh \u0111\u1ed3ng h\u1ed3 c\u00e1t d\u1ec5 c\u1ea7m n\u1eafm; ch\u1ec9 c\u1ea7n b\u00f3p nh\u1eb9 th\u00e2n m\u00e1y s\u1ebd n\u00e9n kh\u00f4ng kh\u00ed b\u00ean trong t\u1ea1o ra l\u1ef1c h\u00fat ch\u00e2n kh\u00f4ng. \u0110\u00e2y l\u00e0 s\u1ea3n ph\u1ea9m FLIP \u0111\u1ea7u ti\u00ean c\u00f3 thi\u1ebft k\u1ebf n\u00e0y. N\u1eafp \u0111\u1eady ph\u00eda tr\u00ean kh\u00f3a c\u00e1c c\u00e1nh trong qu\u00e1 tr\u00ecnh s\u1eed d\u1ee5ng, gi\u1ea3m thi\u1ec3u r\u00f2 r\u1ec9 kh\u00ed v\u00e0 \u0111\u1ea3m b\u1ea3o l\u1ef1c h\u00fat ch\u00e2n kh\u00f4ng m\u1ea1nh m\u1ebd. B\u1ea3ng \u0111i\u1ec1u khi\u1ec3n hai n\u00fat tr\u00ean th\u00e2n m\u00e1y cho ph\u00e9p d\u1ec5 d\u00e0ng \u0111i\u1ec1u khi\u1ec3n vi\u1ec7c n\u00e9n v\u00e0 gi\u1ea3i ph\u00f3ng kh\u00f4ng kh\u00ed b\u00ean trong, t\u1ea1o ra tr\u1ea3i nghi\u1ec7m h\u00fat ho\u00e0n h\u1ea3o.","og_url":"https:\/\/tengavietnam.com\/en\/product\/tenga-flip-orb\/","og_site_name":"Tenga Vietnam","og_image":[{"width":1600,"height":1600,"url":"https:\/\/tengavietnam.com\/wp-content\/uploads\/2026\/03\/s-l1600-1.jpg","type":"image\/jpeg"}],"twitter_card":"summary_large_image","twitter_misc":{"Est. reading time":"1 minute"},"schema":{"@context":"https:\/\/schema.org","@graph":[{"@type":"WebPage","@id":"https:\/\/tengavietnam.com\/product\/tenga-flip-orb\/","url":"https:\/\/tengavietnam.com\/product\/tenga-flip-orb\/","name":"Tenga Flip Orb - Tenga Vietnam","isPartOf":{"@id":"https:\/\/tengavietnam.com\/#website"},"primaryImageOfPage":{"@id":"https:\/\/tengavietnam.com\/product\/tenga-flip-orb\/#primaryimage"},"image":{"@id":"https:\/\/tengavietnam.com\/product\/tenga-flip-orb\/#primaryimage"},"thumbnailUrl":"https:\/\/tengavietnam.com\/wp-content\/uploads\/2026\/03\/s-l1600-1.jpg","datePublished":"2026-03-29T11:50:37+00:00","breadcrumb":{"@id":"https:\/\/tengavietnam.com\/product\/tenga-flip-orb\/#breadcrumb"},"inLanguage":"en-US","potentialAction":[{"@type":"ReadAction","target":["https:\/\/tengavietnam.com\/product\/tenga-flip-orb\/"]}]},{"@type":"ImageObject","inLanguage":"en-US","@id":"https:\/\/tengavietnam.com\/product\/tenga-flip-orb\/#primaryimage","url":"https:\/\/tengavietnam.com\/wp-content\/uploads\/2026\/03\/s-l1600-1.jpg","contentUrl":"https:\/\/tengavietnam.com\/wp-content\/uploads\/2026\/03\/s-l1600-1.jpg","width":1600,"height":1600},{"@type":"BreadcrumbList","@id":"https:\/\/tengavietnam.com\/product\/tenga-flip-orb\/#breadcrumb","itemListElement":[{"@type":"ListItem","position":1,"name":"\u9996\u9801","item":"https:\/\/tengavietnam.com\/"},{"@type":"ListItem","position":2,"name":"Shop","item":"https:\/\/tengavietnam.com\/shop-2\/"},{"@type":"ListItem","position":3,"name":"Tenga Flip Orb"}]},{"@type":"WebSite","@id":"https:\/\/tengavietnam.com\/#website","url":"https:\/\/tengavietnam.com\/","name":"Tenga Vietnam","description":"Tenga Vietnam","publisher":{"@id":"https:\/\/tengavietnam.com\/#organization"},"potentialAction":[{"@type":"SearchAction","target":{"@type":"EntryPoint","urlTemplate":"https:\/\/tengavietnam.com\/?s={search_term_string}"},"query-input":{"@type":"PropertyValueSpecification","valueRequired":true,"valueName":"search_term_string"}}],"inLanguage":"en-US"},{"@type":"Organization","@id":"https:\/\/tengavietnam.com\/#organization","name":"Tenga Vietnam","url":"https:\/\/tengavietnam.com\/","logo":{"@type":"ImageObject","inLanguage":"en-US","@id":"https:\/\/tengavietnam.com\/#\/schema\/logo\/image\/","url":"https:\/\/tengavietnam.com\/wp-content\/uploads\/2023\/08\/PElfr7Ol12.jpg","contentUrl":"https:\/\/tengavietnam.com\/wp-content\/uploads\/2023\/08\/PElfr7Ol12.jpg","width":489,"height":489,"caption":"Tenga Vietnam"},"image":{"@id":"https:\/\/tengavietnam.com\/#\/schema\/logo\/image\/"}}]}},"_links":{"self":[{"href":"https:\/\/tengavietnam.com\/en\/wp-json\/wp\/v2\/product\/1770","targetHints":{"allow":["GET"]}}],"collection":[{"href":"https:\/\/tengavietnam.com\/en\/wp-json\/wp\/v2\/product"}],"about":[{"href":"https:\/\/tengavietnam.com\/en\/wp-json\/wp\/v2\/types\/product"}],"replies":[{"embeddable":true,"href":"https:\/\/tengavietnam.com\/en\/wp-json\/wp\/v2\/comments?post=1770"}],"wp:featuredmedia":[{"embeddable":true,"href":"https:\/\/tengavietnam.com\/en\/wp-json\/wp\/v2\/media\/1771"}],"wp:attachment":[{"href":"https:\/\/tengavietnam.com\/en\/wp-json\/wp\/v2\/media?parent=1770"}],"wp:term":[{"taxonomy":"product_brand","embeddable":true,"href":"https:\/\/tengavietnam.com\/en\/wp-json\/wp\/v2\/product_brand?post=1770"},{"taxonomy":"product_cat","embeddable":true,"href":"https:\/\/tengavietnam.com\/en\/wp-json\/wp\/v2\/product_cat?post=1770"},{"taxonomy":"product_tag","embeddable":true,"href":"https:\/\/tengavietnam.com\/en\/wp-json\/wp\/v2\/product_tag?post=1770"}],"curies":[{"name":"wp","href":"https:\/\/api.w.org\/{rel}","templated":true}]}}