{"id":1700,"date":"2026-03-22T18:13:04","date_gmt":"2026-03-22T11:13:04","guid":{"rendered":"https:\/\/tengavietnam.com\/?post_type=product&#038;p=1700"},"modified":"2026-03-22T18:19:29","modified_gmt":"2026-03-22T11:19:29","slug":"tenga-flip-gravity","status":"publish","type":"product","link":"https:\/\/tengavietnam.com\/en\/product\/tenga-flip-gravity\/","title":{"rendered":"Tenga Flip Gravity"},"content":{"rendered":"<p><span dir=\"auto\">FLIP ZERO GRAVITY c\u00f3 \u0111\u1ed9 b\u1ec1n cao; khi \u0111\u01b0\u1ee3c s\u1eed d\u1ee5ng v\u00e0 b\u1ea3o d\u01b0\u1ee1ng \u0111\u00fang c\u00e1ch, n\u00f3 c\u00f3 th\u1ec3 \u0111\u01b0\u1ee3c s\u1eed d\u1ee5ng nhi\u1ec1u l\u1ea7n trong th\u1eddi gian d\u00e0i. M\u1ed9t s\u1ed1 m\u1eabu FLIP ZERO GRAVITY \u0111\u01b0\u1ee3c thi\u1ebft k\u1ebf \u0111\u1ec3 s\u1eed d\u1ee5ng b\u1eb1ng tay, trong khi nh\u1eefng m\u1eabu kh\u00e1c l\u00e0 \u0111i\u1ec7n t\u1eed v\u00ec ch\u00fang c\u00f3 \u0111\u1ed9ng c\u01a1 rung. C\u00e1c m\u1eabu c\u00f3 th\u1ec3 s\u1ea1c l\u1ea1i v\u1edbi hai \u0111\u1ed9ng c\u01a1 rung t\u00edch h\u1ee3p \u0111\u01b0\u1ee3c g\u1ecdi l\u00e0 &#8220;\u0110I\u1ec6N T\u1eec&#8221;.<\/span><\/p>\n<p><img fetchpriority=\"high\" decoding=\"async\" class=\"alignnone wp-image-1714 size-full\" src=\"https:\/\/tengavietnam.com\/wp-content\/uploads\/2026\/03\/animasyon-gravitywhite5.gif\" alt=\"\" width=\"475\" height=\"267\" \/> <img decoding=\"async\" class=\"alignnone wp-image-1717 size-full\" src=\"https:\/\/tengavietnam.com\/wp-content\/uploads\/2026\/03\/animasyon-gravityblack3.gif\" alt=\"\" width=\"475\" height=\"267\" \/><\/p>\n<p><span dir=\"auto\">M\u00e0u s\u1eafc kh\u00e1c nhau c\u1ee7a th\u00e2n m\u00e1y FLIP ZERO GRAVITY (Tr\u1eafng v\u00e0 \u0110en) ph\u1ea3n \u00e1nh s\u1ef1 kh\u00e1c bi\u1ec7t v\u1ec1 \u0111\u1ed9 d\u00e0y c\u1ee7a ch\u1ea5t li\u1ec7u \u0111\u00e0n h\u1ed3i d\u1ebbo v\u00e0 c\u00e1c r\u00e3nh n\u1ed5i c\u00f3 k\u1ebft c\u1ea5u t\u1ea1o c\u1ea3m gi\u00e1c k\u00edch th\u00edch khi ti\u1ebfp x\u00fac v\u1edbi da. Ch\u1ea5t li\u1ec7u \u0111\u00e0n h\u1ed3i m\u1ec1m h\u01a1n v\u00e0 tr\u01a1n h\u01a1n \u1edf c\u00e1c m\u1eabu m\u00e0u tr\u1eafng, trong khi n\u00f3 c\u1ee9ng h\u01a1n v\u00e0 ch\u1eafc h\u01a1n m\u1ed9t ch\u00fat \u1edf c\u00e1c m\u1eabu m\u00e0u \u0111en.<\/span><br \/>\n<img decoding=\"async\" class=\"alignnone wp-image-1715 size-full\" src=\"https:\/\/tengavietnam.com\/wp-content\/uploads\/2026\/03\/animasyon-gravitywhite4-1.gif\" alt=\"\" width=\"475\" height=\"268\" \/><br \/>\n<span dir=\"auto\">Nhi\u1ec1u t\u00ednh n\u0103ng \u0111\u01b0\u1ee3c TENGA ph\u00e1t tri\u1ec3n cho c\u00e1c s\u1ea3n ph\u1ea9m kh\u00e1c c\u1ee7a h\u00e3ng \u0111\u01b0\u1ee3c k\u1ebft h\u1ee3p trong c\u00e1c m\u1eabu FLIP ZERO GRAVITY. Nh\u1edd c\u1ea5u tr\u00fac hai c\u00e1nh m\u1edf sang hai b\u00ean, hi\u1ec7u qu\u1ea3 t\u1ed1i \u0111a \u0111\u1ea1t \u0111\u01b0\u1ee3c b\u1eb1ng c\u00e1ch b\u00f4i tr\u01a1n \u0111\u1ec1u l\u00ean m\u1ecdi khu v\u1ef1c. V\u00ec n\u00f3 \u0111\u01b0\u1ee3c c\u1ed1 \u0111\u1ecbnh b\u1eb1ng m\u1ed9t thanh tr\u01b0\u1ee3t kh\u00f3a m\u1edbi \u0111\u01b0\u1ee3c ph\u00e1t tri\u1ec3n thay v\u00ec h\u1ec7 th\u1ed1ng b\u1ea3n l\u1ec1, n\u00ean s\u1ef1 r\u00f2 r\u1ec9 ch\u1ea5t b\u00f4i tr\u01a1n b\u1ecb k\u1eb9t b\u00ean trong \u0111\u01b0\u1ee3c gi\u1ea3m thi\u1ec3u, gi\u00fap gi\u1eef \u1ea9m l\u00e2u h\u01a1n. Kh\u1ea3 n\u0103ng ch\u1ed1ng r\u00f2 r\u1ec9 kh\u00ed \u0111\u01b0\u1ee3c ng\u0103n ch\u1eb7n, d\u1eabn \u0111\u1ebfn hi\u1ec7u qu\u1ea3 h\u00fat ch\u00e2n kh\u00f4ng m\u1ea1nh m\u1ebd h\u01a1n nhi\u1ec1u. Sau khi s\u1eed d\u1ee5ng, s\u1ea3n ph\u1ea9m d\u1ec5 d\u00e0ng v\u1ec7 sinh v\u00e0 kh\u00f4 nhanh ch\u00f3ng. Nh\u1edd b\u1ea3ng \u0111i\u1ec1u khi\u1ec3n t\u00edch h\u1ee3p \u0111\u01b0\u1ee3c l\u00e0m t\u1eeb m\u1ed9t m\u1ea3nh duy nh\u1ea5t, b\u1ea1n c\u00f3 th\u1ec3 d\u1ec5 d\u00e0ng \u0111i\u1ec1u ch\u1ec9nh \u00e1p su\u1ea5t v\u00e0 \u0111\u1ed9 ch\u1eb7t b\u00ean trong b\u1eb1ng c\u00e1ch n\u1eafm v\u00e0o th\u00e2n m\u00e1y. C\u00e1c c\u01a1 ch\u1ebf m\u1edbi nh\u01b0 &#8220;B\u01a1m ch\u00e2n kh\u00f4ng&#8221; gi\u00fap t\u0103ng c\u01b0\u1eddng c\u1ea3m gi\u00e1c h\u00fat.<\/span><br \/>\n<img loading=\"lazy\" decoding=\"async\" class=\"alignnone wp-image-1716 size-full\" src=\"https:\/\/tengavietnam.com\/wp-content\/uploads\/2026\/03\/animasyon-gravitywhite2-1.gif\" alt=\"\" width=\"475\" height=\"267\" \/> <img loading=\"lazy\" decoding=\"async\" class=\"alignnone wp-image-1718 size-full\" src=\"https:\/\/tengavietnam.com\/wp-content\/uploads\/2026\/03\/animasyon-gravityblack.gif\" alt=\"\" width=\"475\" height=\"267\" \/><br \/>\n<span dir=\"auto\">S\u1ea3n ph\u1ea9m \u0111\u01b0\u1ee3c t\u1eb7ng k\u00e8m m\u1ed9t l\u1ecd ch\u1ea5t b\u00f4i tr\u01a1n 20ml cho l\u1ea7n s\u1eed d\u1ee5ng \u0111\u1ea7u ti\u00ean; tuy nhi\u00ean, v\u00ec c\u1ea7n s\u1eed d\u1ee5ng ch\u1ea5t b\u00f4i tr\u01a1n g\u1ed1c n\u01b0\u1edbc cho m\u1ed7i l\u1ea7n s\u1eed d\u1ee5ng, ch\u00fang t\u00f4i khuy\u00ean d\u00f9ng ch\u1ea5t b\u00f4i tr\u01a1n TENGA HOLE LOTION REAL, c\u00f3 c\u1ea3m gi\u00e1c g\u1ea7n gi\u1ed1ng v\u1edbi da th\u1eadt, \u0111\u1ec3 c\u00f3 tr\u1ea3i nghi\u1ec7m kh\u00f3 qu\u00ean.<\/span><br \/>\n<img loading=\"lazy\" decoding=\"async\" class=\"aligncenter wp-image-1719 size-full\" src=\"https:\/\/tengavietnam.com\/wp-content\/uploads\/2026\/03\/flipzero_karsilastir3.jpg\" alt=\"\" width=\"979\" height=\"453\" srcset=\"https:\/\/tengavietnam.com\/wp-content\/uploads\/2026\/03\/flipzero_karsilastir3.jpg 979w, https:\/\/tengavietnam.com\/wp-content\/uploads\/2026\/03\/flipzero_karsilastir3-300x139.jpg 300w, https:\/\/tengavietnam.com\/wp-content\/uploads\/2026\/03\/flipzero_karsilastir3-768x355.jpg 768w, https:\/\/tengavietnam.com\/wp-content\/uploads\/2026\/03\/flipzero_karsilastir3-18x8.jpg 18w, https:\/\/tengavietnam.com\/wp-content\/uploads\/2026\/03\/flipzero_karsilastir3-600x278.jpg 600w\" sizes=\"(max-width: 979px) 100vw, 979px\" \/><br \/>\n<span dir=\"auto\">Khi l\u1ef1a ch\u1ecdn gi\u1eefa c\u00e1c m\u1eabu, b\u1ea1n c\u00f3 th\u1ec3 xem video gi\u1edbi thi\u1ec7u s\u1ea3n ph\u1ea9m, b\u1ea3ng so s\u00e1nh v\u00e0 c\u1ea5u tr\u00fac hoa v\u0103n b\u00ean trong \u0111\u01b0\u1ee3c hi\u1ec3n th\u1ecb trong ph\u1ea7n \u1ea3nh s\u1ea3n ph\u1ea9m.<\/span><\/p>\n<p><em><span dir=\"auto\">M\u1eabu ch\u1ea5t b\u00f4i tr\u01a1n: 20ml G\u00f3i nh\u1ecf Ch\u1ea5t b\u00f4i tr\u01a1n l\u1ed7 Real<\/span><\/em><br \/>\n<em><span dir=\"auto\">Ch\u1ea5t li\u1ec7u s\u1eed d\u1ee5ng: ABS, Elastomer, Silicone, PC<\/span><\/em><\/p>\n<ul>\n<li>\n<dl>\n<dt><span dir=\"auto\">M\u00e3 ch\u1ee9ng kho\u00e1n <\/span><span dir=\"auto\">TFZ-005<\/span><\/dt>\n<\/dl>\n<\/li>\n<li>\n<dl>\n<dt><span dir=\"auto\">K\u00edch th\u01b0\u1edbc s\u1ea3n ph\u1ea9m <\/span><span dir=\"auto\">70x80x180mm \/ (D)x(W)x(H)<\/span><\/dt>\n<\/dl>\n<\/li>\n<li>\n<dl>\n<dt><span dir=\"auto\">C\u00e2n n\u1eb7ng <\/span><span dir=\"auto\">~485<\/span><\/dt>\n<\/dl>\n<\/li>\n<li>\n<dl>\n<dt><span dir=\"auto\">T\u00ednh n\u0103ng s\u1ea3n ph\u1ea9m<\/span><\/dt>\n<dd><span dir=\"auto\">M\u1eabu m\u00e1y b\u1ec1n l\u00e2u, 42 v\u00f9ng k\u00edch th\u00edch, hi\u1ec7u \u1ee9ng h\u00fat ch\u00e2n kh\u00f4ng, \u0111i\u1ec1u ch\u1ec9nh \u0111\u1ed9 ch\u1eb7t b\u1eb1ng b\u1ea3ng \u0111i\u1ec1u khi\u1ec3n n\u00fat b\u1ea5m, ch\u1ea5t b\u00f4i tr\u01a1n l\u00e2u tr\u00f4i, thi\u1ebft k\u1ebf hai c\u00e1nh d\u1ec5 v\u1ec7 sinh, v\u00e0o v\u00e0 ra nhanh ch\u00f3ng v\u1edbi ch\u1ea5t b\u00f4i tr\u01a1n b\u1ed5 sung.<\/span><\/dd>\n<\/dl>\n<\/li>\n<\/ul>","protected":false},"excerpt":{"rendered":"<div><span style=\"color: #ff0000;\"><strong><span dir=\"auto\">Th\u1ebf gi\u1edbi huy\u1ec1n b\u00ed, tr\u01a1n tr\u01b0\u1ee3t \u0111\u1ebfn l\u1ea1 th\u01b0\u1eddng c\u1ee7a m\u00e0u tr\u1eafng tinh khi\u1ebft. Ni\u1ec1m kho\u00e1i l\u1ea1c nhanh ch\u00f3ng, m\u1ec1m m\u1ea1i v\u00e0 m\u01b0\u1ee3t m\u00e0 nh\u01b0 s\u1ef1 lan truy\u1ec1n c\u1ee7a s\u00f3ng h\u1ea5p d\u1eabn!<\/span><\/strong><\/span><\/div>\n<p><span dir=\"auto\">L\u1edbp cao su si\u00eau m\u1ec1m d\u1ebbo b\u00ean trong FLIP ZERO GRAVITY White mang l\u1ea1i c\u1ea3m gi\u00e1c m\u01b0\u1ee3t m\u00e0, bao ph\u1ee7 v\u00e0 tr\u01b0\u1ee3t nh\u1eb9 nh\u00e0ng \u0111\u1ed3ng th\u1eddi v\u1edbi c\u00e1c \u0111\u01b0\u1eddng g\u1edd v\u00e0 v\u1ebft l\u00f5m nh\u1ecf. \u0110\u01b0\u1ee3c thi\u1ebft k\u1ebf \u0111\u1ec3 \u00edt b\u00e1m v\u00e0o da h\u01a1n, n\u00f3 gi\u00fap t\u0103ng \u0111\u1ed9 tr\u01b0\u1ee3t, d\u1eabn \u0111\u1ebfn vi\u1ec7c th\u00e2m nh\u1eadp v\u00e0 r\u00fat ra nhanh h\u01a1n. \u0110\u00e2y l\u00e0 \u0111i\u1ec3m kh\u00e1c bi\u1ec7t l\u1edbn nh\u1ea5t gi\u1eefa m\u1eabu n\u00e0y v\u00e0 c\u00e1c m\u1eabu FLIP ZERO th\u1ee7 c\u00f4ng kh\u00e1c. V\u1edbi ma s\u00e1t gi\u1ea3m, m\u1eabu n\u00e0y mang l\u1ea1i c\u1ea3m gi\u00e1c k\u00edch th\u00edch nh\u01b0 th\u1ec3 b\u1ea1n \u0111ang di chuy\u1ec3n t\u1ef1 do trong m\u00f4i tr\u01b0\u1eddng kh\u00f4ng tr\u1ecdng l\u1ef1c. \u0110\u00e2y l\u00e0 m\u1ed9t trong nh\u1eefng m\u1eabu ti\u00ean ti\u1ebfn nh\u1ea5t c\u1ee7a TENGA d\u00e0nh cho nam gi\u1edbi.<\/span><\/p>\n<div><span style=\"color: #ff0000;\"><strong><span dir=\"auto\">Th\u1ebf gi\u1edbi b\u00ed \u1ea9n, tr\u01a1n tr\u01b0\u1ee3t \u0111\u1ebfn t\u1ed9t c\u00f9ng c\u1ee7a m\u1ed9t h\u1ed1 \u0111en. M\u1ed9t kho\u00e1i c\u1ea3m nhanh, m\u00e3nh li\u1ec7t v\u00e0 d\u1eef d\u1ed9i nh\u01b0 s\u1ef1 lan truy\u1ec1n c\u1ee7a s\u00f3ng h\u1ea5p d\u1eabn!<\/span><\/strong><\/span><\/div>\n<p><span dir=\"auto\">M\u1eabu elastomer c\u1ee7a FLIP ZERO GRAVITY Black, cung c\u1ea5p k\u00edch th\u00edch ti\u1ebfp x\u00fac v\u1edbi da, \u0111\u00e3 \u0111\u01b0\u1ee3c thi\u1ebft k\u1ebf l\u1ea1i ho\u00e0n to\u00e0n v\u00e0 c\u1ee9ng h\u01a1n \u0111\u1ec3 k\u00edch th\u00edch m\u1ea1nh m\u1ebd h\u01a1n. C\u00e1c chuy\u1ec3n \u0111\u1ed9ng ra v\u00e0o g\u1ee3i l\u00ean c\u1ea3m gi\u00e1c leo n\u00fai tr\u00ean nh\u1eefng con \u0111\u01b0\u1eddng m\u00f2n \u0111\u1ea7y th\u1eed th\u00e1ch. L\u1edbp elastomer si\u00eau linh ho\u1ea1t b\u00ean trong mang l\u1ea1i c\u1ea3m gi\u00e1c ch\u1eafc ch\u1eafn, ch\u1eb7t ch\u1ebd v\u00e0 tr\u01a1n tr\u01b0\u1ee3t \u0111\u1ed3ng th\u1eddi v\u1edbi m\u1eabu k\u00edch th\u00edch g\u1ed3m h\u00e0ng ch\u1ee5c v\u1ebft l\u1ed3i l\u00f5m. \u0110\u01b0\u1ee3c thi\u1ebft k\u1ebf \u0111\u1ec3 b\u00e1m v\u00e0o da \u00edt h\u01a1n, \u0111\u1ed9 tr\u01a1n tr\u01b0\u1ee3t t\u0103ng l\u00ean cho ph\u00e9p c\u00e1c chuy\u1ec3n \u0111\u1ed9ng ra v\u00e0o nhanh h\u01a1n. \u0110\u00e2y l\u00e0 \u0111i\u1ec3m kh\u00e1c bi\u1ec7t l\u1edbn nh\u1ea5t gi\u1eefa m\u1eabu n\u00e0y v\u00e0 c\u00e1c m\u1eabu FLIP ZERO th\u1ee7 c\u00f4ng kh\u00e1c. M\u1eabu n\u00e0y mang l\u1ea1i s\u1ef1 k\u00edch th\u00edch nh\u01b0 th\u1ec3 \u0111ang di chuy\u1ec3n t\u1ef1 do trong m\u00f4i tr\u01b0\u1eddng kh\u00f4ng tr\u1ecdng l\u1ef1c nh\u1edd gi\u1ea3m ma s\u00e1t. \u0110\u00e2y l\u00e0 m\u1ed9t trong nh\u1eefng m\u1eabu ti\u00ean ti\u1ebfn nh\u1ea5t c\u1ee7a TENGA d\u00e0nh cho nam gi\u1edbi.<\/span><\/p>","protected":false},"featured_media":1701,"comment_status":"open","ping_status":"closed","template":"","meta":[],"product_brand":[],"product_cat":[21,25],"product_tag":[],"class_list":{"0":"post-1700","1":"product","2":"type-product","3":"status-publish","4":"has-post-thumbnail","6":"product_cat-uncategorized","7":"product_cat-flip-series","9":"first","10":"instock","11":"sale","12":"taxable","13":"shipping-taxable","14":"purchasable","15":"product-type-variable","16":"has-default-attributes"},"yoast_head":"<!-- This site is optimized with the Yoast SEO plugin v27.4 - https:\/\/yoast.com\/product\/yoast-seo-wordpress\/ -->\n<title>Tenga Flip Gravity - Tenga Vietnam<\/title>\n<meta name=\"robots\" content=\"index, follow, max-snippet:-1, max-image-preview:large, max-video-preview:-1\" \/>\n<link rel=\"canonical\" href=\"https:\/\/tengavietnam.com\/en\/product\/tenga-flip-gravity\/\" \/>\n<meta property=\"og:locale\" content=\"en_US\" \/>\n<meta property=\"og:type\" content=\"article\" \/>\n<meta property=\"og:title\" content=\"Tenga Flip Gravity - Tenga Vietnam\" \/>\n<meta property=\"og:description\" content=\"Th\u1ebf gi\u1edbi huy\u1ec1n b\u00ed, tr\u01a1n tr\u01b0\u1ee3t \u0111\u1ebfn l\u1ea1 th\u01b0\u1eddng c\u1ee7a m\u00e0u tr\u1eafng tinh khi\u1ebft. Ni\u1ec1m kho\u00e1i l\u1ea1c nhanh ch\u00f3ng, m\u1ec1m m\u1ea1i v\u00e0 m\u01b0\u1ee3t m\u00e0 nh\u01b0 s\u1ef1 lan truy\u1ec1n c\u1ee7a s\u00f3ng h\u1ea5p d\u1eabn! L\u1edbp cao su si\u00eau m\u1ec1m d\u1ebbo b\u00ean trong FLIP ZERO GRAVITY White mang l\u1ea1i c\u1ea3m gi\u00e1c m\u01b0\u1ee3t m\u00e0, bao ph\u1ee7 v\u00e0 tr\u01b0\u1ee3t nh\u1eb9 nh\u00e0ng \u0111\u1ed3ng th\u1eddi v\u1edbi c\u00e1c \u0111\u01b0\u1eddng g\u1edd v\u00e0 v\u1ebft l\u00f5m nh\u1ecf. \u0110\u01b0\u1ee3c thi\u1ebft k\u1ebf \u0111\u1ec3 \u00edt b\u00e1m v\u00e0o da h\u01a1n, n\u00f3 gi\u00fap t\u0103ng \u0111\u1ed9 tr\u01b0\u1ee3t, d\u1eabn \u0111\u1ebfn vi\u1ec7c th\u00e2m nh\u1eadp v\u00e0 r\u00fat ra nhanh h\u01a1n. \u0110\u00e2y l\u00e0 \u0111i\u1ec3m kh\u00e1c bi\u1ec7t l\u1edbn nh\u1ea5t gi\u1eefa m\u1eabu n\u00e0y v\u00e0 c\u00e1c m\u1eabu FLIP ZERO th\u1ee7 c\u00f4ng kh\u00e1c. V\u1edbi ma s\u00e1t gi\u1ea3m, m\u1eabu n\u00e0y mang l\u1ea1i c\u1ea3m gi\u00e1c k\u00edch th\u00edch nh\u01b0 th\u1ec3 b\u1ea1n \u0111ang di chuy\u1ec3n t\u1ef1 do trong m\u00f4i tr\u01b0\u1eddng kh\u00f4ng tr\u1ecdng l\u1ef1c. \u0110\u00e2y l\u00e0 m\u1ed9t trong nh\u1eefng m\u1eabu ti\u00ean ti\u1ebfn nh\u1ea5t c\u1ee7a TENGA d\u00e0nh cho nam gi\u1edbi. Th\u1ebf gi\u1edbi b\u00ed \u1ea9n, tr\u01a1n tr\u01b0\u1ee3t \u0111\u1ebfn t\u1ed9t c\u00f9ng c\u1ee7a m\u1ed9t h\u1ed1 \u0111en. M\u1ed9t kho\u00e1i c\u1ea3m nhanh, m\u00e3nh li\u1ec7t v\u00e0 d\u1eef d\u1ed9i nh\u01b0 s\u1ef1 lan truy\u1ec1n c\u1ee7a s\u00f3ng h\u1ea5p d\u1eabn! M\u1eabu elastomer c\u1ee7a FLIP ZERO GRAVITY Black, cung c\u1ea5p k\u00edch th\u00edch ti\u1ebfp x\u00fac v\u1edbi da, \u0111\u00e3 \u0111\u01b0\u1ee3c thi\u1ebft k\u1ebf l\u1ea1i ho\u00e0n to\u00e0n v\u00e0 c\u1ee9ng h\u01a1n \u0111\u1ec3 k\u00edch th\u00edch m\u1ea1nh m\u1ebd h\u01a1n. C\u00e1c chuy\u1ec3n \u0111\u1ed9ng ra v\u00e0o g\u1ee3i l\u00ean c\u1ea3m gi\u00e1c leo n\u00fai tr\u00ean nh\u1eefng con \u0111\u01b0\u1eddng m\u00f2n \u0111\u1ea7y th\u1eed th\u00e1ch. L\u1edbp elastomer si\u00eau linh ho\u1ea1t b\u00ean trong mang l\u1ea1i c\u1ea3m gi\u00e1c ch\u1eafc ch\u1eafn, ch\u1eb7t ch\u1ebd v\u00e0 tr\u01a1n tr\u01b0\u1ee3t \u0111\u1ed3ng th\u1eddi v\u1edbi m\u1eabu k\u00edch th\u00edch g\u1ed3m h\u00e0ng ch\u1ee5c v\u1ebft l\u1ed3i l\u00f5m. \u0110\u01b0\u1ee3c thi\u1ebft k\u1ebf \u0111\u1ec3 b\u00e1m v\u00e0o da \u00edt h\u01a1n, \u0111\u1ed9 tr\u01a1n tr\u01b0\u1ee3t t\u0103ng l\u00ean cho ph\u00e9p c\u00e1c chuy\u1ec3n \u0111\u1ed9ng ra v\u00e0o nhanh h\u01a1n. \u0110\u00e2y l\u00e0 \u0111i\u1ec3m kh\u00e1c bi\u1ec7t l\u1edbn nh\u1ea5t gi\u1eefa m\u1eabu n\u00e0y v\u00e0 c\u00e1c m\u1eabu FLIP ZERO th\u1ee7 c\u00f4ng kh\u00e1c. M\u1eabu n\u00e0y mang l\u1ea1i s\u1ef1 k\u00edch th\u00edch nh\u01b0 th\u1ec3 \u0111ang di chuy\u1ec3n t\u1ef1 do trong m\u00f4i tr\u01b0\u1eddng kh\u00f4ng tr\u1ecdng l\u1ef1c nh\u1edd gi\u1ea3m ma s\u00e1t. \u0110\u00e2y l\u00e0 m\u1ed9t trong nh\u1eefng m\u1eabu ti\u00ean ti\u1ebfn nh\u1ea5t c\u1ee7a TENGA d\u00e0nh cho nam gi\u1edbi.\" \/>\n<meta property=\"og:url\" content=\"https:\/\/tengavietnam.com\/en\/product\/tenga-flip-gravity\/\" \/>\n<meta property=\"og:site_name\" content=\"Tenga Vietnam\" \/>\n<meta property=\"article:modified_time\" content=\"2026-03-22T11:19:29+00:00\" \/>\n<meta property=\"og:image\" content=\"https:\/\/tengavietnam.com\/wp-content\/uploads\/2026\/03\/\u87a2\u5e55\u64f7\u53d6\u756b\u9762-2023-07-11-120112.jpg\" \/>\n\t<meta property=\"og:image:width\" content=\"730\" \/>\n\t<meta property=\"og:image:height\" content=\"730\" \/>\n\t<meta property=\"og:image:type\" content=\"image\/jpeg\" \/>\n<meta name=\"twitter:card\" content=\"summary_large_image\" \/>\n<meta name=\"twitter:label1\" content=\"Est. reading time\" \/>\n\t<meta name=\"twitter:data1\" content=\"5 minutes\" \/>\n<script type=\"application\/ld+json\" class=\"yoast-schema-graph\">{\"@context\":\"https:\\\/\\\/schema.org\",\"@graph\":[{\"@type\":\"WebPage\",\"@id\":\"https:\\\/\\\/tengavietnam.com\\\/product\\\/tenga-flip-gravity\\\/\",\"url\":\"https:\\\/\\\/tengavietnam.com\\\/product\\\/tenga-flip-gravity\\\/\",\"name\":\"Tenga Flip Gravity - Tenga Vietnam\",\"isPartOf\":{\"@id\":\"https:\\\/\\\/tengavietnam.com\\\/#website\"},\"primaryImageOfPage\":{\"@id\":\"https:\\\/\\\/tengavietnam.com\\\/product\\\/tenga-flip-gravity\\\/#primaryimage\"},\"image\":{\"@id\":\"https:\\\/\\\/tengavietnam.com\\\/product\\\/tenga-flip-gravity\\\/#primaryimage\"},\"thumbnailUrl\":\"https:\\\/\\\/tengavietnam.com\\\/wp-content\\\/uploads\\\/2026\\\/03\\\/\u87a2\u5e55\u64f7\u53d6\u756b\u9762-2023-07-11-120112.jpg\",\"datePublished\":\"2026-03-22T11:13:04+00:00\",\"dateModified\":\"2026-03-22T11:19:29+00:00\",\"breadcrumb\":{\"@id\":\"https:\\\/\\\/tengavietnam.com\\\/product\\\/tenga-flip-gravity\\\/#breadcrumb\"},\"inLanguage\":\"en-US\",\"potentialAction\":[{\"@type\":\"ReadAction\",\"target\":[\"https:\\\/\\\/tengavietnam.com\\\/product\\\/tenga-flip-gravity\\\/\"]}]},{\"@type\":\"ImageObject\",\"inLanguage\":\"en-US\",\"@id\":\"https:\\\/\\\/tengavietnam.com\\\/product\\\/tenga-flip-gravity\\\/#primaryimage\",\"url\":\"https:\\\/\\\/tengavietnam.com\\\/wp-content\\\/uploads\\\/2026\\\/03\\\/\u87a2\u5e55\u64f7\u53d6\u756b\u9762-2023-07-11-120112.jpg\",\"contentUrl\":\"https:\\\/\\\/tengavietnam.com\\\/wp-content\\\/uploads\\\/2026\\\/03\\\/\u87a2\u5e55\u64f7\u53d6\u756b\u9762-2023-07-11-120112.jpg\",\"width\":730,\"height\":730},{\"@type\":\"BreadcrumbList\",\"@id\":\"https:\\\/\\\/tengavietnam.com\\\/product\\\/tenga-flip-gravity\\\/#breadcrumb\",\"itemListElement\":[{\"@type\":\"ListItem\",\"position\":1,\"name\":\"\u9996\u9801\",\"item\":\"https:\\\/\\\/tengavietnam.com\\\/\"},{\"@type\":\"ListItem\",\"position\":2,\"name\":\"Shop\",\"item\":\"https:\\\/\\\/tengavietnam.com\\\/shop-2\\\/\"},{\"@type\":\"ListItem\",\"position\":3,\"name\":\"Tenga Flip Gravity\"}]},{\"@type\":\"WebSite\",\"@id\":\"https:\\\/\\\/tengavietnam.com\\\/#website\",\"url\":\"https:\\\/\\\/tengavietnam.com\\\/\",\"name\":\"Tenga Vietnam\",\"description\":\"Tenga Vietnam\",\"publisher\":{\"@id\":\"https:\\\/\\\/tengavietnam.com\\\/#organization\"},\"potentialAction\":[{\"@type\":\"SearchAction\",\"target\":{\"@type\":\"EntryPoint\",\"urlTemplate\":\"https:\\\/\\\/tengavietnam.com\\\/?s={search_term_string}\"},\"query-input\":{\"@type\":\"PropertyValueSpecification\",\"valueRequired\":true,\"valueName\":\"search_term_string\"}}],\"inLanguage\":\"en-US\"},{\"@type\":\"Organization\",\"@id\":\"https:\\\/\\\/tengavietnam.com\\\/#organization\",\"name\":\"Tenga Vietnam\",\"url\":\"https:\\\/\\\/tengavietnam.com\\\/\",\"logo\":{\"@type\":\"ImageObject\",\"inLanguage\":\"en-US\",\"@id\":\"https:\\\/\\\/tengavietnam.com\\\/#\\\/schema\\\/logo\\\/image\\\/\",\"url\":\"https:\\\/\\\/tengavietnam.com\\\/wp-content\\\/uploads\\\/2023\\\/08\\\/PElfr7Ol12.jpg\",\"contentUrl\":\"https:\\\/\\\/tengavietnam.com\\\/wp-content\\\/uploads\\\/2023\\\/08\\\/PElfr7Ol12.jpg\",\"width\":489,\"height\":489,\"caption\":\"Tenga Vietnam\"},\"image\":{\"@id\":\"https:\\\/\\\/tengavietnam.com\\\/#\\\/schema\\\/logo\\\/image\\\/\"}}]}<\/script>\n<!-- \/ Yoast SEO plugin. -->","yoast_head_json":{"title":"Tenga Flip Gravity - Tenga Vietnam","robots":{"index":"index","follow":"follow","max-snippet":"max-snippet:-1","max-image-preview":"max-image-preview:large","max-video-preview":"max-video-preview:-1"},"canonical":"https:\/\/tengavietnam.com\/en\/product\/tenga-flip-gravity\/","og_locale":"en_US","og_type":"article","og_title":"Tenga Flip Gravity - Tenga Vietnam","og_description":"Th\u1ebf gi\u1edbi huy\u1ec1n b\u00ed, tr\u01a1n tr\u01b0\u1ee3t \u0111\u1ebfn l\u1ea1 th\u01b0\u1eddng c\u1ee7a m\u00e0u tr\u1eafng tinh khi\u1ebft. Ni\u1ec1m kho\u00e1i l\u1ea1c nhanh ch\u00f3ng, m\u1ec1m m\u1ea1i v\u00e0 m\u01b0\u1ee3t m\u00e0 nh\u01b0 s\u1ef1 lan truy\u1ec1n c\u1ee7a s\u00f3ng h\u1ea5p d\u1eabn! L\u1edbp cao su si\u00eau m\u1ec1m d\u1ebbo b\u00ean trong FLIP ZERO GRAVITY White mang l\u1ea1i c\u1ea3m gi\u00e1c m\u01b0\u1ee3t m\u00e0, bao ph\u1ee7 v\u00e0 tr\u01b0\u1ee3t nh\u1eb9 nh\u00e0ng \u0111\u1ed3ng th\u1eddi v\u1edbi c\u00e1c \u0111\u01b0\u1eddng g\u1edd v\u00e0 v\u1ebft l\u00f5m nh\u1ecf. \u0110\u01b0\u1ee3c thi\u1ebft k\u1ebf \u0111\u1ec3 \u00edt b\u00e1m v\u00e0o da h\u01a1n, n\u00f3 gi\u00fap t\u0103ng \u0111\u1ed9 tr\u01b0\u1ee3t, d\u1eabn \u0111\u1ebfn vi\u1ec7c th\u00e2m nh\u1eadp v\u00e0 r\u00fat ra nhanh h\u01a1n. \u0110\u00e2y l\u00e0 \u0111i\u1ec3m kh\u00e1c bi\u1ec7t l\u1edbn nh\u1ea5t gi\u1eefa m\u1eabu n\u00e0y v\u00e0 c\u00e1c m\u1eabu FLIP ZERO th\u1ee7 c\u00f4ng kh\u00e1c. V\u1edbi ma s\u00e1t gi\u1ea3m, m\u1eabu n\u00e0y mang l\u1ea1i c\u1ea3m gi\u00e1c k\u00edch th\u00edch nh\u01b0 th\u1ec3 b\u1ea1n \u0111ang di chuy\u1ec3n t\u1ef1 do trong m\u00f4i tr\u01b0\u1eddng kh\u00f4ng tr\u1ecdng l\u1ef1c. \u0110\u00e2y l\u00e0 m\u1ed9t trong nh\u1eefng m\u1eabu ti\u00ean ti\u1ebfn nh\u1ea5t c\u1ee7a TENGA d\u00e0nh cho nam gi\u1edbi. Th\u1ebf gi\u1edbi b\u00ed \u1ea9n, tr\u01a1n tr\u01b0\u1ee3t \u0111\u1ebfn t\u1ed9t c\u00f9ng c\u1ee7a m\u1ed9t h\u1ed1 \u0111en. M\u1ed9t kho\u00e1i c\u1ea3m nhanh, m\u00e3nh li\u1ec7t v\u00e0 d\u1eef d\u1ed9i nh\u01b0 s\u1ef1 lan truy\u1ec1n c\u1ee7a s\u00f3ng h\u1ea5p d\u1eabn! M\u1eabu elastomer c\u1ee7a FLIP ZERO GRAVITY Black, cung c\u1ea5p k\u00edch th\u00edch ti\u1ebfp x\u00fac v\u1edbi da, \u0111\u00e3 \u0111\u01b0\u1ee3c thi\u1ebft k\u1ebf l\u1ea1i ho\u00e0n to\u00e0n v\u00e0 c\u1ee9ng h\u01a1n \u0111\u1ec3 k\u00edch th\u00edch m\u1ea1nh m\u1ebd h\u01a1n. C\u00e1c chuy\u1ec3n \u0111\u1ed9ng ra v\u00e0o g\u1ee3i l\u00ean c\u1ea3m gi\u00e1c leo n\u00fai tr\u00ean nh\u1eefng con \u0111\u01b0\u1eddng m\u00f2n \u0111\u1ea7y th\u1eed th\u00e1ch. L\u1edbp elastomer si\u00eau linh ho\u1ea1t b\u00ean trong mang l\u1ea1i c\u1ea3m gi\u00e1c ch\u1eafc ch\u1eafn, ch\u1eb7t ch\u1ebd v\u00e0 tr\u01a1n tr\u01b0\u1ee3t \u0111\u1ed3ng th\u1eddi v\u1edbi m\u1eabu k\u00edch th\u00edch g\u1ed3m h\u00e0ng ch\u1ee5c v\u1ebft l\u1ed3i l\u00f5m. \u0110\u01b0\u1ee3c thi\u1ebft k\u1ebf \u0111\u1ec3 b\u00e1m v\u00e0o da \u00edt h\u01a1n, \u0111\u1ed9 tr\u01a1n tr\u01b0\u1ee3t t\u0103ng l\u00ean cho ph\u00e9p c\u00e1c chuy\u1ec3n \u0111\u1ed9ng ra v\u00e0o nhanh h\u01a1n. \u0110\u00e2y l\u00e0 \u0111i\u1ec3m kh\u00e1c bi\u1ec7t l\u1edbn nh\u1ea5t gi\u1eefa m\u1eabu n\u00e0y v\u00e0 c\u00e1c m\u1eabu FLIP ZERO th\u1ee7 c\u00f4ng kh\u00e1c. M\u1eabu n\u00e0y mang l\u1ea1i s\u1ef1 k\u00edch th\u00edch nh\u01b0 th\u1ec3 \u0111ang di chuy\u1ec3n t\u1ef1 do trong m\u00f4i tr\u01b0\u1eddng kh\u00f4ng tr\u1ecdng l\u1ef1c nh\u1edd gi\u1ea3m ma s\u00e1t. \u0110\u00e2y l\u00e0 m\u1ed9t trong nh\u1eefng m\u1eabu ti\u00ean ti\u1ebfn nh\u1ea5t c\u1ee7a TENGA d\u00e0nh cho nam gi\u1edbi.","og_url":"https:\/\/tengavietnam.com\/en\/product\/tenga-flip-gravity\/","og_site_name":"Tenga Vietnam","article_modified_time":"2026-03-22T11:19:29+00:00","og_image":[{"width":730,"height":730,"url":"https:\/\/tengavietnam.com\/wp-content\/uploads\/2026\/03\/\u87a2\u5e55\u64f7\u53d6\u756b\u9762-2023-07-11-120112.jpg","type":"image\/jpeg"}],"twitter_card":"summary_large_image","twitter_misc":{"Est. reading time":"5 minutes"},"schema":{"@context":"https:\/\/schema.org","@graph":[{"@type":"WebPage","@id":"https:\/\/tengavietnam.com\/product\/tenga-flip-gravity\/","url":"https:\/\/tengavietnam.com\/product\/tenga-flip-gravity\/","name":"Tenga Flip Gravity - Tenga Vietnam","isPartOf":{"@id":"https:\/\/tengavietnam.com\/#website"},"primaryImageOfPage":{"@id":"https:\/\/tengavietnam.com\/product\/tenga-flip-gravity\/#primaryimage"},"image":{"@id":"https:\/\/tengavietnam.com\/product\/tenga-flip-gravity\/#primaryimage"},"thumbnailUrl":"https:\/\/tengavietnam.com\/wp-content\/uploads\/2026\/03\/\u87a2\u5e55\u64f7\u53d6\u756b\u9762-2023-07-11-120112.jpg","datePublished":"2026-03-22T11:13:04+00:00","dateModified":"2026-03-22T11:19:29+00:00","breadcrumb":{"@id":"https:\/\/tengavietnam.com\/product\/tenga-flip-gravity\/#breadcrumb"},"inLanguage":"en-US","potentialAction":[{"@type":"ReadAction","target":["https:\/\/tengavietnam.com\/product\/tenga-flip-gravity\/"]}]},{"@type":"ImageObject","inLanguage":"en-US","@id":"https:\/\/tengavietnam.com\/product\/tenga-flip-gravity\/#primaryimage","url":"https:\/\/tengavietnam.com\/wp-content\/uploads\/2026\/03\/\u87a2\u5e55\u64f7\u53d6\u756b\u9762-2023-07-11-120112.jpg","contentUrl":"https:\/\/tengavietnam.com\/wp-content\/uploads\/2026\/03\/\u87a2\u5e55\u64f7\u53d6\u756b\u9762-2023-07-11-120112.jpg","width":730,"height":730},{"@type":"BreadcrumbList","@id":"https:\/\/tengavietnam.com\/product\/tenga-flip-gravity\/#breadcrumb","itemListElement":[{"@type":"ListItem","position":1,"name":"\u9996\u9801","item":"https:\/\/tengavietnam.com\/"},{"@type":"ListItem","position":2,"name":"Shop","item":"https:\/\/tengavietnam.com\/shop-2\/"},{"@type":"ListItem","position":3,"name":"Tenga Flip Gravity"}]},{"@type":"WebSite","@id":"https:\/\/tengavietnam.com\/#website","url":"https:\/\/tengavietnam.com\/","name":"Tenga Vietnam","description":"Tenga Vietnam","publisher":{"@id":"https:\/\/tengavietnam.com\/#organization"},"potentialAction":[{"@type":"SearchAction","target":{"@type":"EntryPoint","urlTemplate":"https:\/\/tengavietnam.com\/?s={search_term_string}"},"query-input":{"@type":"PropertyValueSpecification","valueRequired":true,"valueName":"search_term_string"}}],"inLanguage":"en-US"},{"@type":"Organization","@id":"https:\/\/tengavietnam.com\/#organization","name":"Tenga Vietnam","url":"https:\/\/tengavietnam.com\/","logo":{"@type":"ImageObject","inLanguage":"en-US","@id":"https:\/\/tengavietnam.com\/#\/schema\/logo\/image\/","url":"https:\/\/tengavietnam.com\/wp-content\/uploads\/2023\/08\/PElfr7Ol12.jpg","contentUrl":"https:\/\/tengavietnam.com\/wp-content\/uploads\/2023\/08\/PElfr7Ol12.jpg","width":489,"height":489,"caption":"Tenga Vietnam"},"image":{"@id":"https:\/\/tengavietnam.com\/#\/schema\/logo\/image\/"}}]}},"_links":{"self":[{"href":"https:\/\/tengavietnam.com\/en\/wp-json\/wp\/v2\/product\/1700","targetHints":{"allow":["GET"]}}],"collection":[{"href":"https:\/\/tengavietnam.com\/en\/wp-json\/wp\/v2\/product"}],"about":[{"href":"https:\/\/tengavietnam.com\/en\/wp-json\/wp\/v2\/types\/product"}],"replies":[{"embeddable":true,"href":"https:\/\/tengavietnam.com\/en\/wp-json\/wp\/v2\/comments?post=1700"}],"wp:featuredmedia":[{"embeddable":true,"href":"https:\/\/tengavietnam.com\/en\/wp-json\/wp\/v2\/media\/1701"}],"wp:attachment":[{"href":"https:\/\/tengavietnam.com\/en\/wp-json\/wp\/v2\/media?parent=1700"}],"wp:term":[{"taxonomy":"product_brand","embeddable":true,"href":"https:\/\/tengavietnam.com\/en\/wp-json\/wp\/v2\/product_brand?post=1700"},{"taxonomy":"product_cat","embeddable":true,"href":"https:\/\/tengavietnam.com\/en\/wp-json\/wp\/v2\/product_cat?post=1700"},{"taxonomy":"product_tag","embeddable":true,"href":"https:\/\/tengavietnam.com\/en\/wp-json\/wp\/v2\/product_tag?post=1700"}],"curies":[{"name":"wp","href":"https:\/\/api.w.org\/{rel}","templated":true}]}}