{"id":1676,"date":"2026-03-21T23:52:30","date_gmt":"2026-03-21T16:52:30","guid":{"rendered":"https:\/\/tengavietnam.com\/?post_type=product&#038;p=1676"},"modified":"2026-03-22T18:19:36","modified_gmt":"2026-03-22T11:19:36","slug":"flip-zero-electronic","status":"publish","type":"product","link":"https:\/\/tengavietnam.com\/en\/product\/flip-zero-electronic\/","title":{"rendered":"FLIP ZERO ELECTRONIC"},"content":{"rendered":"<div class=\"TopDet\">\n<div class=\"ProductName\"><\/div>\n<div class=\"RightDetail\">\n<div class=\"BottomList\">\n<div class=\"videoembed\">FLIP ZERO ELECTRONIC c\u00f3 \u0111\u1ed9 b\u1ec1n cao; n\u1ebfu s\u1eed d\u1ee5ng v\u00e0 b\u1ea3o d\u01b0\u1ee1ng \u0111\u00fang c\u00e1ch, s\u1ea3n ph\u1ea9m c\u00f3 th\u1ec3 s\u1eed d\u1ee5ng nhi\u1ec1u l\u1ea7n trong th\u1eddi gian d\u00e0i. S\u1ea3n ph\u1ea9m t\u00edch h\u1ee3p hai \u0111\u1ed9ng c\u01a1 rung c\u01b0\u1eddng \u0111\u1ed9 cao. C\u00f3 5 ch\u1ebf \u0111\u1ed9 rung kh\u00e1c nhau:<\/div>\n<\/div>\n<\/div>\n<\/div>\n<div class=\"ProductDetailMainRow\">\n<div id=\"divUrunOzellikAlani\" class=\"urunOzellik\">\n<div class=\"webTab\">\n<div id=\"divTabOzellikler\" class=\"urunDetayPanel\">\n<div class=\"urunTabAlt\">\n<div class=\"UrunOzellikIcerik\">\n<div class=\"urunozCont\">\n<div class=\"ozIc\">\n<div class=\"ucol2\"><img fetchpriority=\"high\" decoding=\"async\" class=\"alignnone wp-image-1680 size-full\" src=\"https:\/\/tengavietnam.com\/wp-content\/uploads\/2026\/03\/animasyon-flipevwhite.gif\" alt=\"\" width=\"640\" height=\"360\" \/><br \/>\n<span dir=\"auto\">Th\u1ea5p &#8211; Rung li\u00ean t\u1ee5c \u1edf c\u01b0\u1eddng \u0111\u1ed9 th\u1ea5p.<\/span><br \/>\n<span dir=\"auto\">Cao &#8211; Rung li\u00ean t\u1ee5c \u1edf c\u01b0\u1eddng \u0111\u1ed9 cao.<\/span><br \/>\n<span dir=\"auto\">Xung &#8211; Rung theo nh\u1ecbp \u0111i\u1ec7u.<\/span><br \/>\n<span dir=\"auto\">Lu\u00e2n phi\u00ean &#8211; Rung tu\u1ea7n t\u1ef1 c\u1ee7a c\u00e1c \u0111\u1ed9ng c\u01a1.<\/span><br \/>\n<span dir=\"auto\">Ng\u1eabu nhi\u00ean &#8211; Chuy\u1ec3n \u0111\u1ed5i ch\u1ebf \u0111\u1ed9 rung ng\u1eabu nhi\u00ean.<\/span><br \/>\n<img decoding=\"async\" class=\"alignnone wp-image-1681 size-full\" src=\"https:\/\/tengavietnam.com\/wp-content\/uploads\/2026\/03\/animasyon-flipevwhite2.gif\" alt=\"\" width=\"635\" height=\"358\" \/><br \/>\n<span dir=\"auto\">M\u00e0u s\u1eafc kh\u00e1c nhau c\u1ee7a FLIP ZERO ELECTRONIC, Tr\u1eafng v\u00e0 \u0110en, ph\u1ea3n \u00e1nh s\u1ef1 kh\u00e1c bi\u1ec7t v\u1ec1 \u0111\u1ed9 d\u00e0y c\u1ee7a ch\u1ea5t li\u1ec7u \u0111\u00e0n h\u1ed3i v\u00e0 c\u00e1c r\u00e3nh n\u1ed5i, c\u00f3 k\u1ebft c\u1ea5u gi\u00fap k\u00edch th\u00edch da. Ch\u1ea5t li\u1ec7u \u0111\u00e0n h\u1ed3i m\u1ec1m h\u01a1n v\u00e0 tr\u01a1n h\u01a1n \u1edf phi\u00ean b\u1ea3n m\u00e0u tr\u1eafng, trong khi \u1edf phi\u00ean b\u1ea3n m\u00e0u \u0111en th\u00ec c\u1ee9ng h\u01a1n v\u00e0 ch\u1eafc h\u01a1n m\u1ed9t ch\u00fat. Ngo\u00e0i nh\u1eefng kh\u00e1c bi\u1ec7t n\u00e0y, c\u00e1c t\u00ednh n\u0103ng kh\u00e1c nh\u01b0 ch\u1ebf \u0111\u1ed9 rung v\u00e0 c\u00f4ng su\u1ea5t \u0111\u1ed9ng c\u01a1 \u0111\u1ec1u gi\u1ed1ng nhau.<\/span><br \/>\n<img decoding=\"async\" class=\"alignnone wp-image-1679\" src=\"https:\/\/tengavietnam.com\/wp-content\/uploads\/2026\/03\/animasyon-flipevblack2.gif\" alt=\"\" width=\"635\" height=\"357\" \/><br \/>\n<span dir=\"auto\">T\u1ea5t c\u1ea3 c\u00e1c t\u00ednh n\u0103ng \u0111\u01b0\u1ee3c ph\u00e1t tri\u1ec3n cho c\u00e1c s\u1ea3n ph\u1ea9m kh\u00e1c c\u1ee7a TENGA \u0111\u1ec1u \u0111\u01b0\u1ee3c t\u00edch h\u1ee3p trong FLIP ZERO ELECTRONIC. Nh\u1edd c\u1ea5u tr\u00fac hai c\u00e1nh m\u1edf ra c\u1ea3 hai ph\u00eda, hi\u1ec7u qu\u1ea3 t\u1ed1i \u0111a \u0111\u01b0\u1ee3c \u0111\u1ea3m b\u1ea3o b\u1eb1ng c\u00e1ch b\u00f4i tr\u01a1n \u0111\u1ec1u kh\u1eafp m\u1ecdi khu v\u1ef1c. V\u00ec \u0111\u01b0\u1ee3c c\u1ed1 \u0111\u1ecbnh b\u1eb1ng h\u1ec7 th\u1ed1ng kh\u00f3a tr\u01b0\u1ee3t m\u1edbi thay v\u00ec h\u1ec7 th\u1ed1ng b\u1ea3n l\u1ec1, hi\u1ec7n t\u01b0\u1ee3ng r\u00f2 r\u1ec9 ch\u1ea5t b\u00f4i tr\u01a1n b\u1ecb k\u1eb9t b\u00ean trong \u0111\u01b0\u1ee3c gi\u1ea3m thi\u1ec3u, v\u00e0 kh\u1ea3 n\u0103ng b\u00f4i tr\u01a1n \u0111\u01b0\u1ee3c duy tr\u00ec trong th\u1eddi gian d\u00e0i. Hi\u1ec7u \u1ee9ng h\u00fat ch\u00e2n kh\u00f4ng \u0111\u01b0\u1ee3c c\u1ea3m nh\u1eadn m\u1ea1nh m\u1ebd h\u01a1n nhi\u1ec1u nh\u1edd ng\u0103n ng\u1eeba r\u00f2 r\u1ec9 kh\u00ed. Sau khi s\u1eed d\u1ee5ng, c\u00f3 th\u1ec3 d\u1ec5 d\u00e0ng r\u1eeda s\u1ea1ch v\u00e0 kh\u00f4 nhanh ch\u00f3ng. Nh\u1edd b\u1ea3ng \u0111i\u1ec1u khi\u1ec3n t\u00edch h\u1ee3p \u0111\u01b0\u1ee3c l\u00e0m t\u1eeb m\u1ed9t m\u1ea3nh duy nh\u1ea5t, vi\u1ec7c \u0111i\u1ec1u ch\u1ec9nh \u00e1p su\u1ea5t v\u00e0 \u0111\u1ed9 ch\u1eb7t b\u00ean trong tr\u1edf n\u00ean d\u1ec5 d\u00e0ng b\u1eb1ng c\u00e1ch n\u1eafm v\u00e0o th\u00e2n m\u00e1y. C\u00e1c c\u01a1 ch\u1ebf m\u1edbi nh\u01b0 &#8220;B\u01a1m ch\u00e2n kh\u00f4ng&#8221; gi\u00fap t\u0103ng c\u01b0\u1eddng c\u1ea3m gi\u00e1c h\u00fat.<\/span><span dir=\"auto\">M\u1ed9t n\u00fat duy nh\u1ea5t \u0111\u01b0\u1ee3c \u0111\u1eb7t \u1edf ph\u00eda tr\u00ean \u0111\u1ec3 \u0111i\u1ec1u khi\u1ec3n \u0111\u1ed9ng c\u01a1 rung. N\u00fat n\u00e0y \u0111\u01b0\u1ee3c s\u1eed d\u1ee5ng \u0111\u1ec3 kh\u1edfi \u0111\u1ed9ng, d\u1eebng v\u00e0 chuy\u1ec3n \u0111\u1ed5i gi\u1eefa c\u00e1c ch\u1ebf \u0111\u1ed9 rung sau khi g\u1eafn kh\u00f3a tr\u01b0\u1ee3t n\u1ed1i hai c\u00e1nh. N\u1ebfu th\u00e1o kh\u00f3a tr\u01b0\u1ee3t khi thi\u1ebft b\u1ecb \u0111ang ho\u1ea1t \u0111\u1ed9ng, \u0111\u1ed9ng c\u01a1 rung s\u1ebd d\u1eebng l\u1ea1i v\u00ec l\u00fd do an to\u00e0n, nh\u01b0ng v\u00ec ch\u00fang kh\u00f4ng \u0111\u01b0\u1ee3c coi l\u00e0 \u0111\u00f3ng ho\u00e0n to\u00e0n, n\u00ean pin s\u1ebd ti\u1ebfp t\u1ee5c b\u1ecb hao h\u1ee5t.<\/span><span dir=\"auto\">M\u1ed9t chai ch\u1ea5t b\u00f4i tr\u01a1n 20ml \u0111\u01b0\u1ee3c t\u1eb7ng k\u00e8m cho l\u1ea7n s\u1eed d\u1ee5ng \u0111\u1ea7u ti\u00ean; Tuy nhi\u00ean, v\u00ec m\u1ed7i l\u1ea7n s\u1eed d\u1ee5ng \u0111\u1ec1u c\u1ea7n ch\u1ea5t b\u00f4i tr\u01a1n g\u1ed1c n\u01b0\u1edbc, ch\u00fang t\u00f4i khuy\u00ean d\u00f9ng ch\u1ea5t b\u00f4i tr\u01a1n TENGA HOLE LOTION REAL, c\u00f3 c\u1ea3m gi\u00e1c g\u1ea7n gi\u1ed1ng v\u1edbi da th\u1eadt, \u0111\u1ec3 mang l\u1ea1i tr\u1ea3i nghi\u1ec7m kh\u00f3 qu\u00ean.<\/span><\/div>\n<div class=\"ucol2\">\n<p><img loading=\"lazy\" decoding=\"async\" class=\"aligncenter wp-image-1699 size-large\" src=\"https:\/\/tengavietnam.com\/wp-content\/uploads\/2026\/03\/\u87a2\u5e55\u64f7\u53d6\u756b\u9762-2026-03-22-003000-1-1024x472.jpg\" alt=\"\" width=\"1024\" height=\"472\" srcset=\"https:\/\/tengavietnam.com\/wp-content\/uploads\/2026\/03\/\u87a2\u5e55\u64f7\u53d6\u756b\u9762-2026-03-22-003000-1-1024x472.jpg 1024w, https:\/\/tengavietnam.com\/wp-content\/uploads\/2026\/03\/\u87a2\u5e55\u64f7\u53d6\u756b\u9762-2026-03-22-003000-1-300x138.jpg 300w, https:\/\/tengavietnam.com\/wp-content\/uploads\/2026\/03\/\u87a2\u5e55\u64f7\u53d6\u756b\u9762-2026-03-22-003000-1-768x354.jpg 768w, https:\/\/tengavietnam.com\/wp-content\/uploads\/2026\/03\/\u87a2\u5e55\u64f7\u53d6\u756b\u9762-2026-03-22-003000-1-1536x708.jpg 1536w, https:\/\/tengavietnam.com\/wp-content\/uploads\/2026\/03\/\u87a2\u5e55\u64f7\u53d6\u756b\u9762-2026-03-22-003000-1-18x8.jpg 18w, https:\/\/tengavietnam.com\/wp-content\/uploads\/2026\/03\/\u87a2\u5e55\u64f7\u53d6\u756b\u9762-2026-03-22-003000-1-600x276.jpg 600w, https:\/\/tengavietnam.com\/wp-content\/uploads\/2026\/03\/\u87a2\u5e55\u64f7\u53d6\u756b\u9762-2026-03-22-003000-1.jpg 1977w\" sizes=\"(max-width: 1024px) 100vw, 1024px\" \/><\/p>\n<p><span dir=\"auto\">Khi l\u1ef1a ch\u1ecdn gi\u1eefa c\u00e1c m\u1eabu, b\u1ea1n c\u00f3 th\u1ec3 xem video gi\u1edbi thi\u1ec7u s\u1ea3n ph\u1ea9m, b\u1ea3ng so s\u00e1nh v\u00e0 c\u00e1c h\u1ecda ti\u1ebft k\u1ebft c\u1ea5u b\u00ean trong \u0111\u01b0\u1ee3c hi\u1ec3n th\u1ecb trong ph\u1ea7n \u1ea3nh s\u1ea3n ph\u1ea9m.<\/span><\/p>\n<p><em><span dir=\"auto\">\u00a0M\u1eabu ch\u1ea5t b\u00f4i tr\u01a1n: G\u00f3i nh\u1ecf 20ml Hole Lotion Real<\/span><\/em><br \/>\n<em><span dir=\"auto\">N\u1ed9i dung \u0111\u00f3ng g\u00f3i: S\u1ea3n ph\u1ea9m, \u0111\u1ebf s\u1ea1c, c\u00e1p USB, s\u00e1ch h\u01b0\u1edbng d\u1eabn s\u1eed d\u1ee5ng v\u00e0 gi\u1ea5y ch\u1ee9ng nh\u1eadn b\u1ea3o h\u00e0nh<\/span><\/em><br \/>\n<em><span dir=\"auto\">V\u1eadt li\u1ec7u s\u1eed d\u1ee5ng: ABS, Elastomer, Silicone, PC, PP, pin Li-ion Polymer Ch\u1ebf<\/span><\/em><br \/>\n<em><span dir=\"auto\">\u0111\u1ed9 rung: 5 ch\u1ebf \u0111\u1ed9 kh\u00e1c nhau<\/span><\/em><br \/>\n<em><span dir=\"auto\">Ngu\u1ed3n \u0111i\u1ec7n: C\u00f3 th\u1ec3 s\u1ea1c l\u1ea1i<\/span><\/em><br \/>\n<em><span dir=\"auto\">Th\u1eddi gian s\u1ea1c: 90 ph\u00fat.<\/span><\/em><br \/>\n<em><span dir=\"auto\">Th\u1eddi gian rung: Kho\u1ea3ng 40 ph\u00fat khi s\u1ea1c \u0111\u1ea7y.<\/span><\/em><br \/>\n<em><span dir=\"auto\">Th\u1eddi gian b\u1ea3o h\u00e0nh: 2 n\u0103m<\/span><\/em><br \/>\n<em><span dir=\"auto\">. *Th\u00e2n m\u00e1y FLIP ch\u1ed1ng n\u01b0\u1edbc. *Tr\u1ea1m s\u1ea1c ch\u1ed1ng n\u01b0\u1edbc.<\/span><\/em><\/p>\n<ul>\n<li>\n<dl>\n<dt><span dir=\"auto\">M\u00e3 ch\u1ee9ng kho\u00e1n<\/span><\/dt>\n<dd><span dir=\"auto\">TFZ-101<\/span><\/dd>\n<\/dl>\n<\/li>\n<li>\n<dl>\n<dt><span dir=\"auto\">K\u00edch th\u01b0\u1edbc s\u1ea3n ph\u1ea9m<\/span><\/dt>\n<dd><span dir=\"auto\">70x80x180mm \/ (D)x(W)x(H)<\/span><\/dd>\n<\/dl>\n<\/li>\n<li>\n<dl>\n<dt><span dir=\"auto\">C\u00e2n n\u1eb7ng<\/span><\/dt>\n<dd><span dir=\"auto\">~530g<\/span><\/dd>\n<\/dl>\n<\/li>\n<li>\n<dl>\n<dt><span dir=\"auto\">T\u00ednh n\u0103ng s\u1ea3n ph\u1ea9m<\/span><\/dt>\n<dd><span dir=\"auto\">M\u00e1y rung \u0111i\u1ec7n t\u1eed, c\u00f3 th\u1ec3 s\u1ea1c l\u1ea1i, \u0111\u1ed9ng c\u01a1 rung k\u00e9p, 5 ch\u1ebf \u0111\u1ed9 rung kh\u00e1c nhau, th\u1eddi l\u01b0\u1ee3ng pin l\u00e2u d\u00e0i, k\u00edch th\u00edch \u0111\u1ed3ng th\u1eddi 360 \u0111\u1ed9, hi\u1ec7u \u1ee9ng h\u00fat ch\u00e2n kh\u00f4ng, \u0111i\u1ec1u ch\u1ec9nh \u0111\u1ed9 ch\u1eb7t b\u1eb1ng n\u00fat b\u1ea5m, l\u01b0\u1edbt \u00eam \u00e1i, thi\u1ebft k\u1ebf c\u00e1nh k\u00e9p d\u1ec5 v\u1ec7 sinh.<\/span><\/dd>\n<\/dl>\n<\/li>\n<\/ul>\n<\/div>\n<\/div>\n<\/div>\n<\/div>\n<\/div>\n<\/div>\n<\/div>\n<\/div>\n<\/div>","protected":false},"excerpt":{"rendered":"<div><span style=\"color: #ff0000;\"><strong><span dir=\"auto\">Gi\u1edd \u0111\u00e2y, c\u00f4ng ngh\u1ec7 \u0111i\u1ec7n t\u1eed mang \u0111\u1ebfn ni\u1ec1m kho\u00e1i l\u1ea1c t\u1ed9t \u0111\u1ec9nh. M\u1ed9t c\u1ef1c kho\u00e1i kh\u00f3 tin nh\u1edd nh\u1eefng rung \u0111\u1ed9ng m\u1ea1nh m\u1ebd!<\/span><\/strong><\/span><\/div>\n<p><span dir=\"auto\">FLIP ZERO ELECTRONIC l\u00e0 k\u1ebft qu\u1ea3 c\u1ee7a vi\u1ec7c k\u1ebft h\u1ee3p t\u1ea5t c\u1ea3 c\u00e1c c\u00f4ng ngh\u1ec7 m\u00e0 TENGA \u0111\u00e3 ph\u00e1t tri\u1ec3n cho \u0111\u1ebfn nay v\u00e0o m\u1ed9t s\u1ea3n ph\u1ea9m duy nh\u1ea5t. M\u1edf ra m\u1ed9t k\u1ef7 nguy\u00ean m\u1edbi cho kho\u00e1i c\u1ea3m nam gi\u1edbi, TENGA \u0111i\u1ec7n t\u1eed s\u1edf h\u1eefu hai \u0111\u1ed9ng c\u01a1 rung m\u1ea1nh m\u1ebd \u0111\u01b0\u1ee3c thi\u1ebft k\u1ebf \u0111\u1eb7c bi\u1ec7t, t\u00edch h\u1ee3p \u1edf ph\u1ea7n tr\u00ean v\u00e0 d\u01b0\u1edbi c\u1ee7a l\u1edbp \u0111\u00e0n h\u1ed3i m\u1ec1m d\u1ebbo b\u00ean trong, mang \u0111\u1ebfn kho\u00e1i c\u1ea3m kh\u00f4ng t\u01b0\u1edfng khi b\u1eaft \u0111\u1ea7u rung.<\/span><\/p>\n<p><span dir=\"auto\">S\u1ea3n ph\u1ea9m c\u00f3 n\u0103m ch\u1ebf \u0111\u1ed9 rung kh\u00e1c nhau: nh\u1eb9, m\u1ea1nh, l\u01b0\u1ee3n s\u00f3ng, bi\u1ebfn \u0111\u1ed5i v\u00e0 ph\u1ee9c t\u1ea1p. M\u1ed7i ch\u1ebf \u0111\u1ed9 di chuy\u1ec3n l\u1edbp \u0111\u00e0n h\u1ed3i m\u1ec1m d\u1ebbo v\u1edbi c\u01b0\u1eddng \u0111\u1ed9 v\u00e0 ki\u1ec3u rung kh\u00e1c nhau, mang l\u1ea1i s\u1ef1 k\u00edch th\u00edch kh\u00f3 c\u01b0\u1ee1ng. Vi\u1ec7c kh\u1edfi \u0111\u1ed9ng, d\u1eebng v\u00e0 chuy\u1ec3n \u0111\u1ed5i gi\u1eefa c\u00e1c ch\u1ebf \u0111\u1ed9 rung \u0111\u1ec1u \u0111\u01b0\u1ee3c th\u1ef1c hi\u1ec7n ch\u1ec9 b\u1eb1ng m\u1ed9t n\u00fat b\u1ea5m. V\u1edbi m\u1ed9t l\u1ea7n s\u1ea1c \u0111\u1ea7y, th\u1eddi gian rung k\u00e9o d\u00e0i kho\u1ea3ng 40 ph\u00fat. L\u1edbp \u0111\u00e0n h\u1ed3i si\u00eau m\u1ec1m d\u1ebbo b\u00ean trong mang l\u1ea1i kho\u00e1i c\u1ea3m m\u01b0\u1ee3t m\u00e0, bao tr\u00f9m v\u00e0 nh\u1ecbp nh\u00e0ng \u0111\u1ed3ng th\u1eddi v\u1edbi ki\u1ec3u k\u00edch th\u00edch g\u1ed3m h\u00e0ng ch\u1ee5c v\u1ebft l\u1ed3i l\u00f5m.<\/span><\/p>\n<p><iframe title=\"YouTube video player\" src=\"https:\/\/www.youtube.com\/embed\/GtySSXR-oWs?si=8unQC_uwXbClqeXN\" width=\"560\" height=\"315\" frameborder=\"0\" allowfullscreen=\"allowfullscreen\"><\/iframe><\/p>","protected":false},"featured_media":1677,"comment_status":"open","ping_status":"closed","template":"","meta":[],"product_brand":[],"product_cat":[21,25],"product_tag":[],"class_list":{"0":"post-1676","1":"product","2":"type-product","3":"status-publish","4":"has-post-thumbnail","6":"product_cat-uncategorized","7":"product_cat-flip-series","9":"first","10":"instock","11":"sale","12":"taxable","13":"shipping-taxable","14":"purchasable","15":"product-type-variable"},"yoast_head":"<!-- This site is optimized with the Yoast SEO plugin v27.4 - https:\/\/yoast.com\/product\/yoast-seo-wordpress\/ -->\n<title>FLIP ZERO ELECTRONIC - Tenga Vietnam<\/title>\n<meta name=\"robots\" content=\"index, follow, max-snippet:-1, max-image-preview:large, max-video-preview:-1\" \/>\n<link rel=\"canonical\" href=\"https:\/\/tengavietnam.com\/en\/product\/flip-zero-electronic\/\" \/>\n<meta property=\"og:locale\" content=\"en_US\" \/>\n<meta property=\"og:type\" content=\"article\" \/>\n<meta property=\"og:title\" content=\"FLIP ZERO ELECTRONIC - Tenga Vietnam\" \/>\n<meta property=\"og:description\" content=\"Gi\u1edd \u0111\u00e2y, c\u00f4ng ngh\u1ec7 \u0111i\u1ec7n t\u1eed mang \u0111\u1ebfn ni\u1ec1m kho\u00e1i l\u1ea1c t\u1ed9t \u0111\u1ec9nh. M\u1ed9t c\u1ef1c kho\u00e1i kh\u00f3 tin nh\u1edd nh\u1eefng rung \u0111\u1ed9ng m\u1ea1nh m\u1ebd! FLIP ZERO ELECTRONIC l\u00e0 k\u1ebft qu\u1ea3 c\u1ee7a vi\u1ec7c k\u1ebft h\u1ee3p t\u1ea5t c\u1ea3 c\u00e1c c\u00f4ng ngh\u1ec7 m\u00e0 TENGA \u0111\u00e3 ph\u00e1t tri\u1ec3n cho \u0111\u1ebfn nay v\u00e0o m\u1ed9t s\u1ea3n ph\u1ea9m duy nh\u1ea5t. M\u1edf ra m\u1ed9t k\u1ef7 nguy\u00ean m\u1edbi cho kho\u00e1i c\u1ea3m nam gi\u1edbi, TENGA \u0111i\u1ec7n t\u1eed s\u1edf h\u1eefu hai \u0111\u1ed9ng c\u01a1 rung m\u1ea1nh m\u1ebd \u0111\u01b0\u1ee3c thi\u1ebft k\u1ebf \u0111\u1eb7c bi\u1ec7t, t\u00edch h\u1ee3p \u1edf ph\u1ea7n tr\u00ean v\u00e0 d\u01b0\u1edbi c\u1ee7a l\u1edbp \u0111\u00e0n h\u1ed3i m\u1ec1m d\u1ebbo b\u00ean trong, mang \u0111\u1ebfn kho\u00e1i c\u1ea3m kh\u00f4ng t\u01b0\u1edfng khi b\u1eaft \u0111\u1ea7u rung.  S\u1ea3n ph\u1ea9m c\u00f3 n\u0103m ch\u1ebf \u0111\u1ed9 rung kh\u00e1c nhau: nh\u1eb9, m\u1ea1nh, l\u01b0\u1ee3n s\u00f3ng, bi\u1ebfn \u0111\u1ed5i v\u00e0 ph\u1ee9c t\u1ea1p. M\u1ed7i ch\u1ebf \u0111\u1ed9 di chuy\u1ec3n l\u1edbp \u0111\u00e0n h\u1ed3i m\u1ec1m d\u1ebbo v\u1edbi c\u01b0\u1eddng \u0111\u1ed9 v\u00e0 ki\u1ec3u rung kh\u00e1c nhau, mang l\u1ea1i s\u1ef1 k\u00edch th\u00edch kh\u00f3 c\u01b0\u1ee1ng. Vi\u1ec7c kh\u1edfi \u0111\u1ed9ng, d\u1eebng v\u00e0 chuy\u1ec3n \u0111\u1ed5i gi\u1eefa c\u00e1c ch\u1ebf \u0111\u1ed9 rung \u0111\u1ec1u \u0111\u01b0\u1ee3c th\u1ef1c hi\u1ec7n ch\u1ec9 b\u1eb1ng m\u1ed9t n\u00fat b\u1ea5m. V\u1edbi m\u1ed9t l\u1ea7n s\u1ea1c \u0111\u1ea7y, th\u1eddi gian rung k\u00e9o d\u00e0i kho\u1ea3ng 40 ph\u00fat. L\u1edbp \u0111\u00e0n h\u1ed3i si\u00eau m\u1ec1m d\u1ebbo b\u00ean trong mang l\u1ea1i kho\u00e1i c\u1ea3m m\u01b0\u1ee3t m\u00e0, bao tr\u00f9m v\u00e0 nh\u1ecbp nh\u00e0ng \u0111\u1ed3ng th\u1eddi v\u1edbi ki\u1ec3u k\u00edch th\u00edch g\u1ed3m h\u00e0ng ch\u1ee5c v\u1ebft l\u1ed3i l\u00f5m.\" \/>\n<meta property=\"og:url\" content=\"https:\/\/tengavietnam.com\/en\/product\/flip-zero-electronic\/\" \/>\n<meta property=\"og:site_name\" content=\"Tenga Vietnam\" \/>\n<meta property=\"article:modified_time\" content=\"2026-03-22T11:19:36+00:00\" \/>\n<meta property=\"og:image\" content=\"https:\/\/tengavietnam.com\/wp-content\/uploads\/2026\/03\/p_tenga_flip_zero_electronic_white_banner.jpg\" \/>\n\t<meta property=\"og:image:width\" content=\"998\" \/>\n\t<meta property=\"og:image:height\" content=\"465\" \/>\n\t<meta property=\"og:image:type\" content=\"image\/jpeg\" \/>\n<meta name=\"twitter:card\" content=\"summary_large_image\" \/>\n<meta name=\"twitter:label1\" content=\"Est. reading time\" \/>\n\t<meta name=\"twitter:data1\" content=\"5 minutes\" \/>\n<script type=\"application\/ld+json\" class=\"yoast-schema-graph\">{\"@context\":\"https:\\\/\\\/schema.org\",\"@graph\":[{\"@type\":\"WebPage\",\"@id\":\"https:\\\/\\\/tengavietnam.com\\\/product\\\/flip-zero-electronic\\\/\",\"url\":\"https:\\\/\\\/tengavietnam.com\\\/product\\\/flip-zero-electronic\\\/\",\"name\":\"FLIP ZERO ELECTRONIC - Tenga Vietnam\",\"isPartOf\":{\"@id\":\"https:\\\/\\\/tengavietnam.com\\\/#website\"},\"primaryImageOfPage\":{\"@id\":\"https:\\\/\\\/tengavietnam.com\\\/product\\\/flip-zero-electronic\\\/#primaryimage\"},\"image\":{\"@id\":\"https:\\\/\\\/tengavietnam.com\\\/product\\\/flip-zero-electronic\\\/#primaryimage\"},\"thumbnailUrl\":\"https:\\\/\\\/tengavietnam.com\\\/wp-content\\\/uploads\\\/2026\\\/03\\\/p_tenga_flip_zero_electronic_white_banner.jpg\",\"datePublished\":\"2026-03-21T16:52:30+00:00\",\"dateModified\":\"2026-03-22T11:19:36+00:00\",\"breadcrumb\":{\"@id\":\"https:\\\/\\\/tengavietnam.com\\\/product\\\/flip-zero-electronic\\\/#breadcrumb\"},\"inLanguage\":\"en-US\",\"potentialAction\":[{\"@type\":\"ReadAction\",\"target\":[\"https:\\\/\\\/tengavietnam.com\\\/product\\\/flip-zero-electronic\\\/\"]}]},{\"@type\":\"ImageObject\",\"inLanguage\":\"en-US\",\"@id\":\"https:\\\/\\\/tengavietnam.com\\\/product\\\/flip-zero-electronic\\\/#primaryimage\",\"url\":\"https:\\\/\\\/tengavietnam.com\\\/wp-content\\\/uploads\\\/2026\\\/03\\\/p_tenga_flip_zero_electronic_white_banner.jpg\",\"contentUrl\":\"https:\\\/\\\/tengavietnam.com\\\/wp-content\\\/uploads\\\/2026\\\/03\\\/p_tenga_flip_zero_electronic_white_banner.jpg\",\"width\":998,\"height\":465},{\"@type\":\"BreadcrumbList\",\"@id\":\"https:\\\/\\\/tengavietnam.com\\\/product\\\/flip-zero-electronic\\\/#breadcrumb\",\"itemListElement\":[{\"@type\":\"ListItem\",\"position\":1,\"name\":\"\u9996\u9801\",\"item\":\"https:\\\/\\\/tengavietnam.com\\\/\"},{\"@type\":\"ListItem\",\"position\":2,\"name\":\"Shop\",\"item\":\"https:\\\/\\\/tengavietnam.com\\\/shop-2\\\/\"},{\"@type\":\"ListItem\",\"position\":3,\"name\":\"FLIP ZERO ELECTRONIC\"}]},{\"@type\":\"WebSite\",\"@id\":\"https:\\\/\\\/tengavietnam.com\\\/#website\",\"url\":\"https:\\\/\\\/tengavietnam.com\\\/\",\"name\":\"Tenga Vietnam\",\"description\":\"Tenga Vietnam\",\"publisher\":{\"@id\":\"https:\\\/\\\/tengavietnam.com\\\/#organization\"},\"potentialAction\":[{\"@type\":\"SearchAction\",\"target\":{\"@type\":\"EntryPoint\",\"urlTemplate\":\"https:\\\/\\\/tengavietnam.com\\\/?s={search_term_string}\"},\"query-input\":{\"@type\":\"PropertyValueSpecification\",\"valueRequired\":true,\"valueName\":\"search_term_string\"}}],\"inLanguage\":\"en-US\"},{\"@type\":\"Organization\",\"@id\":\"https:\\\/\\\/tengavietnam.com\\\/#organization\",\"name\":\"Tenga Vietnam\",\"url\":\"https:\\\/\\\/tengavietnam.com\\\/\",\"logo\":{\"@type\":\"ImageObject\",\"inLanguage\":\"en-US\",\"@id\":\"https:\\\/\\\/tengavietnam.com\\\/#\\\/schema\\\/logo\\\/image\\\/\",\"url\":\"https:\\\/\\\/tengavietnam.com\\\/wp-content\\\/uploads\\\/2023\\\/08\\\/PElfr7Ol12.jpg\",\"contentUrl\":\"https:\\\/\\\/tengavietnam.com\\\/wp-content\\\/uploads\\\/2023\\\/08\\\/PElfr7Ol12.jpg\",\"width\":489,\"height\":489,\"caption\":\"Tenga Vietnam\"},\"image\":{\"@id\":\"https:\\\/\\\/tengavietnam.com\\\/#\\\/schema\\\/logo\\\/image\\\/\"}}]}<\/script>\n<!-- \/ Yoast SEO plugin. -->","yoast_head_json":{"title":"FLIP ZERO ELECTRONIC - Tenga Vietnam","robots":{"index":"index","follow":"follow","max-snippet":"max-snippet:-1","max-image-preview":"max-image-preview:large","max-video-preview":"max-video-preview:-1"},"canonical":"https:\/\/tengavietnam.com\/en\/product\/flip-zero-electronic\/","og_locale":"en_US","og_type":"article","og_title":"FLIP ZERO ELECTRONIC - Tenga Vietnam","og_description":"Gi\u1edd \u0111\u00e2y, c\u00f4ng ngh\u1ec7 \u0111i\u1ec7n t\u1eed mang \u0111\u1ebfn ni\u1ec1m kho\u00e1i l\u1ea1c t\u1ed9t \u0111\u1ec9nh. M\u1ed9t c\u1ef1c kho\u00e1i kh\u00f3 tin nh\u1edd nh\u1eefng rung \u0111\u1ed9ng m\u1ea1nh m\u1ebd! FLIP ZERO ELECTRONIC l\u00e0 k\u1ebft qu\u1ea3 c\u1ee7a vi\u1ec7c k\u1ebft h\u1ee3p t\u1ea5t c\u1ea3 c\u00e1c c\u00f4ng ngh\u1ec7 m\u00e0 TENGA \u0111\u00e3 ph\u00e1t tri\u1ec3n cho \u0111\u1ebfn nay v\u00e0o m\u1ed9t s\u1ea3n ph\u1ea9m duy nh\u1ea5t. M\u1edf ra m\u1ed9t k\u1ef7 nguy\u00ean m\u1edbi cho kho\u00e1i c\u1ea3m nam gi\u1edbi, TENGA \u0111i\u1ec7n t\u1eed s\u1edf h\u1eefu hai \u0111\u1ed9ng c\u01a1 rung m\u1ea1nh m\u1ebd \u0111\u01b0\u1ee3c thi\u1ebft k\u1ebf \u0111\u1eb7c bi\u1ec7t, t\u00edch h\u1ee3p \u1edf ph\u1ea7n tr\u00ean v\u00e0 d\u01b0\u1edbi c\u1ee7a l\u1edbp \u0111\u00e0n h\u1ed3i m\u1ec1m d\u1ebbo b\u00ean trong, mang \u0111\u1ebfn kho\u00e1i c\u1ea3m kh\u00f4ng t\u01b0\u1edfng khi b\u1eaft \u0111\u1ea7u rung.  S\u1ea3n ph\u1ea9m c\u00f3 n\u0103m ch\u1ebf \u0111\u1ed9 rung kh\u00e1c nhau: nh\u1eb9, m\u1ea1nh, l\u01b0\u1ee3n s\u00f3ng, bi\u1ebfn \u0111\u1ed5i v\u00e0 ph\u1ee9c t\u1ea1p. M\u1ed7i ch\u1ebf \u0111\u1ed9 di chuy\u1ec3n l\u1edbp \u0111\u00e0n h\u1ed3i m\u1ec1m d\u1ebbo v\u1edbi c\u01b0\u1eddng \u0111\u1ed9 v\u00e0 ki\u1ec3u rung kh\u00e1c nhau, mang l\u1ea1i s\u1ef1 k\u00edch th\u00edch kh\u00f3 c\u01b0\u1ee1ng. Vi\u1ec7c kh\u1edfi \u0111\u1ed9ng, d\u1eebng v\u00e0 chuy\u1ec3n \u0111\u1ed5i gi\u1eefa c\u00e1c ch\u1ebf \u0111\u1ed9 rung \u0111\u1ec1u \u0111\u01b0\u1ee3c th\u1ef1c hi\u1ec7n ch\u1ec9 b\u1eb1ng m\u1ed9t n\u00fat b\u1ea5m. V\u1edbi m\u1ed9t l\u1ea7n s\u1ea1c \u0111\u1ea7y, th\u1eddi gian rung k\u00e9o d\u00e0i kho\u1ea3ng 40 ph\u00fat. L\u1edbp \u0111\u00e0n h\u1ed3i si\u00eau m\u1ec1m d\u1ebbo b\u00ean trong mang l\u1ea1i kho\u00e1i c\u1ea3m m\u01b0\u1ee3t m\u00e0, bao tr\u00f9m v\u00e0 nh\u1ecbp nh\u00e0ng \u0111\u1ed3ng th\u1eddi v\u1edbi ki\u1ec3u k\u00edch th\u00edch g\u1ed3m h\u00e0ng ch\u1ee5c v\u1ebft l\u1ed3i l\u00f5m.","og_url":"https:\/\/tengavietnam.com\/en\/product\/flip-zero-electronic\/","og_site_name":"Tenga Vietnam","article_modified_time":"2026-03-22T11:19:36+00:00","og_image":[{"width":998,"height":465,"url":"https:\/\/tengavietnam.com\/wp-content\/uploads\/2026\/03\/p_tenga_flip_zero_electronic_white_banner.jpg","type":"image\/jpeg"}],"twitter_card":"summary_large_image","twitter_misc":{"Est. reading time":"5 minutes"},"schema":{"@context":"https:\/\/schema.org","@graph":[{"@type":"WebPage","@id":"https:\/\/tengavietnam.com\/product\/flip-zero-electronic\/","url":"https:\/\/tengavietnam.com\/product\/flip-zero-electronic\/","name":"FLIP ZERO ELECTRONIC - Tenga Vietnam","isPartOf":{"@id":"https:\/\/tengavietnam.com\/#website"},"primaryImageOfPage":{"@id":"https:\/\/tengavietnam.com\/product\/flip-zero-electronic\/#primaryimage"},"image":{"@id":"https:\/\/tengavietnam.com\/product\/flip-zero-electronic\/#primaryimage"},"thumbnailUrl":"https:\/\/tengavietnam.com\/wp-content\/uploads\/2026\/03\/p_tenga_flip_zero_electronic_white_banner.jpg","datePublished":"2026-03-21T16:52:30+00:00","dateModified":"2026-03-22T11:19:36+00:00","breadcrumb":{"@id":"https:\/\/tengavietnam.com\/product\/flip-zero-electronic\/#breadcrumb"},"inLanguage":"en-US","potentialAction":[{"@type":"ReadAction","target":["https:\/\/tengavietnam.com\/product\/flip-zero-electronic\/"]}]},{"@type":"ImageObject","inLanguage":"en-US","@id":"https:\/\/tengavietnam.com\/product\/flip-zero-electronic\/#primaryimage","url":"https:\/\/tengavietnam.com\/wp-content\/uploads\/2026\/03\/p_tenga_flip_zero_electronic_white_banner.jpg","contentUrl":"https:\/\/tengavietnam.com\/wp-content\/uploads\/2026\/03\/p_tenga_flip_zero_electronic_white_banner.jpg","width":998,"height":465},{"@type":"BreadcrumbList","@id":"https:\/\/tengavietnam.com\/product\/flip-zero-electronic\/#breadcrumb","itemListElement":[{"@type":"ListItem","position":1,"name":"\u9996\u9801","item":"https:\/\/tengavietnam.com\/"},{"@type":"ListItem","position":2,"name":"Shop","item":"https:\/\/tengavietnam.com\/shop-2\/"},{"@type":"ListItem","position":3,"name":"FLIP ZERO ELECTRONIC"}]},{"@type":"WebSite","@id":"https:\/\/tengavietnam.com\/#website","url":"https:\/\/tengavietnam.com\/","name":"Tenga Vietnam","description":"Tenga Vietnam","publisher":{"@id":"https:\/\/tengavietnam.com\/#organization"},"potentialAction":[{"@type":"SearchAction","target":{"@type":"EntryPoint","urlTemplate":"https:\/\/tengavietnam.com\/?s={search_term_string}"},"query-input":{"@type":"PropertyValueSpecification","valueRequired":true,"valueName":"search_term_string"}}],"inLanguage":"en-US"},{"@type":"Organization","@id":"https:\/\/tengavietnam.com\/#organization","name":"Tenga Vietnam","url":"https:\/\/tengavietnam.com\/","logo":{"@type":"ImageObject","inLanguage":"en-US","@id":"https:\/\/tengavietnam.com\/#\/schema\/logo\/image\/","url":"https:\/\/tengavietnam.com\/wp-content\/uploads\/2023\/08\/PElfr7Ol12.jpg","contentUrl":"https:\/\/tengavietnam.com\/wp-content\/uploads\/2023\/08\/PElfr7Ol12.jpg","width":489,"height":489,"caption":"Tenga Vietnam"},"image":{"@id":"https:\/\/tengavietnam.com\/#\/schema\/logo\/image\/"}}]}},"_links":{"self":[{"href":"https:\/\/tengavietnam.com\/en\/wp-json\/wp\/v2\/product\/1676","targetHints":{"allow":["GET"]}}],"collection":[{"href":"https:\/\/tengavietnam.com\/en\/wp-json\/wp\/v2\/product"}],"about":[{"href":"https:\/\/tengavietnam.com\/en\/wp-json\/wp\/v2\/types\/product"}],"replies":[{"embeddable":true,"href":"https:\/\/tengavietnam.com\/en\/wp-json\/wp\/v2\/comments?post=1676"}],"wp:featuredmedia":[{"embeddable":true,"href":"https:\/\/tengavietnam.com\/en\/wp-json\/wp\/v2\/media\/1677"}],"wp:attachment":[{"href":"https:\/\/tengavietnam.com\/en\/wp-json\/wp\/v2\/media?parent=1676"}],"wp:term":[{"taxonomy":"product_brand","embeddable":true,"href":"https:\/\/tengavietnam.com\/en\/wp-json\/wp\/v2\/product_brand?post=1676"},{"taxonomy":"product_cat","embeddable":true,"href":"https:\/\/tengavietnam.com\/en\/wp-json\/wp\/v2\/product_cat?post=1676"},{"taxonomy":"product_tag","embeddable":true,"href":"https:\/\/tengavietnam.com\/en\/wp-json\/wp\/v2\/product_tag?post=1676"}],"curies":[{"name":"wp","href":"https:\/\/api.w.org\/{rel}","templated":true}]}}